{"id":9976,"date":"2025-02-06T23:20:21","date_gmt":"2025-02-06T15:20:21","guid":{"rendered":"https:\/\/darsonval.store\/?post_type=product&#038;p=9976"},"modified":"2025-12-03T00:14:53","modified_gmt":"2025-12-02T16:14:53","slug":"darsonval-high-frequency-facial-machine-anti-aging-acne-therapy-neonargon-wands","status":"publish","type":"product","link":"https:\/\/darsonval.store\/pl\/p\/darsonval-high-frequency-facial-machine-anti-aging-acne-therapy-neonargon-wands\/","title":{"rendered":"DARSONVAL Urz\u0105dzenie do twarzy o wysokiej cz\u0119stotliwo\u015bci - przeciwstarzeniowe, terapia przeciwtr\u0105dzikowa, Neon+Argon Wands"},"content":{"rendered":"<p><img decoding=\"async\" src=\"https:\/\/darsonval.store\/wp-content\/uploads\/2025\/02\/Anti_aging_therapy_using_DARSONVAL_high_frequency_machine.webp\" alt=\"Terapia przeciwstarzeniowa przy u\u017cyciu urz\u0105dzenia wysokiej cz\u0119stotliwo\u015bci DARSONVAL\" \/><br \/>\n<img decoding=\"async\" src=\"https:\/\/darsonval.store\/wp-content\/uploads\/2025\/02\/DARSONVAL_apparatus_for_effective_acne_treatment.webp\" alt=\"Aparat DARSONVAL do skutecznego leczenia tr\u0105dziku\" \/><br \/>\n<img decoding=\"async\" src=\"https:\/\/darsonval.store\/wp-content\/uploads\/2025\/02\/DARSONVAL_high_frequency_facial_machine_for_anti_aging.webp\" alt=\"Maszyna do twarzy o wysokiej cz\u0119stotliwo\u015bci DARSONVAL do przeciwdzia\u0142ania starzeniu si\u0119\" \/><br \/>\n<img decoding=\"async\" src=\"https:\/\/darsonval.store\/wp-content\/uploads\/2025\/02\/DARSONVAL_skin_therapy_tool_for_hair_and_face.webp\" alt=\"DARSONVAL narz\u0119dzie do terapii sk\u00f3ry w\u0142os\u00f3w i twarzy\" \/><br \/>\n<img decoding=\"async\" src=\"https:\/\/darsonval.store\/wp-content\/uploads\/2025\/02\/Facial_beauty_tool_DARSONVAL_apparatus_with_neon_argon_wands.webp\" alt=\"Urz\u0105dzenie do piel\u0119gnacji twarzy DARSONVAL z neonowymi r\u00f3\u017cd\u017ckami argonowymi\" \/><br \/>\n<img decoding=\"async\" src=\"https:\/\/darsonval.store\/wp-content\/uploads\/2025\/02\/Facial_beauty_tool_with_fusion_neon_argon_wands.webp\" alt=\"Narz\u0119dzie do piel\u0119gnacji twarzy z neonowymi r\u00f3\u017cd\u017ckami argonowymi fusion\" \/><br \/>\n<img decoding=\"async\" src=\"https:\/\/darsonval.store\/wp-content\/uploads\/2025\/02\/High_frequency_machine_for_acne_therapy_by_DARSONVAL.webp\" alt=\"Urz\u0105dzenie wysokiej cz\u0119stotliwo\u015bci do terapii tr\u0105dziku firmy DARSONVAL\" \/><br \/>\n<img decoding=\"async\" src=\"https:\/\/darsonval.store\/wp-content\/uploads\/2025\/02\/Skin_beauty_enhancement_with_DARSONVAL_facial_apparatus.webp\" alt=\"Poprawa pi\u0119kna sk\u00f3ry dzi\u0119ki aparatowi do twarzy DARSONVAL\" \/><br \/>\n<img decoding=\"async\" src=\"https:\/\/darsonval.store\/wp-content\/uploads\/2025\/02\/Skin_care_tool_with_high_frequency_therapy_by_DARSONVAL.webp\" alt=\"Narz\u0119dzie do piel\u0119gnacji sk\u00f3ry z terapi\u0105 wysokiej cz\u0119stotliwo\u015bci firmy DARSONVAL\" \/><\/p>\n<h2>DARSONVAL Maszyna do twarzy o wysokiej cz\u0119stotliwo\u015bci do w\u0142os\u00f3w, twarzy, terapii przeciwstarzeniowej i narz\u0119dzia do leczenia tr\u0105dziku<\/h2>\n<p>Przedstawiamy nasze flagowe rozwi\u0105zanie do piel\u0119gnacji sk\u00f3ry -<br \/>\n<strong><br \/>\nUrz\u0105dzenie do twarzy o wysokiej cz\u0119stotliwo\u015bci DARSONVAL<br \/>\n<\/strong><br \/>\n. To najnowocze\u015bniejsze urz\u0105dzenie jest niezb\u0119dne dla ka\u017cdego, kto szuka wszechstronnego, skutecznego i \u0142atwego w u\u017cyciu narz\u0119dzia kosmetycznego, kt\u00f3re zapewnia rezultaty o jako\u015bci salonu w domu. Nasze urz\u0105dzenie \u0142\u0105czy w sobie odm\u0142adzaj\u0105ce dzia\u0142anie r\u00f3\u017cd\u017cek Neon i Argon, zapewniaj\u0105c niezr\u00f3wnane wra\u017cenia z terapii sk\u00f3ry. Wzmocnij sw\u00f3j re\u017cim pi\u0119kna dzi\u0119ki temu rewolucyjnemu produktowi.<\/p>\n<h2>Kluczowe cechy i korzy\u015bci<\/h2>\n<ul>\n<li><strong>Uniwersalna terapia sk\u00f3ry:<br \/>\n<\/strong>Wyposa\u017cone w aplikatory neonowe i argonowe urz\u0105dzenie DARSONVAL oferuje szerokie spektrum terapii sk\u00f3ry, pomagaj\u0105c w przeciwdzia\u0142aniu starzeniu si\u0119, leczeniu tr\u0105dziku i napinaniu sk\u00f3ry.<\/li>\n<li><strong>Salonowa jako\u015b\u0107 w domu:<br \/>\n<\/strong>Do\u015bwiadcz profesjonalnej piel\u0119gnacji sk\u00f3ry w zaciszu w\u0142asnego domu. Koniec z cz\u0119stymi, kosztownymi wizytami w spa.<\/li>\n<li><strong>\u0141atwy w u\u017cyciu:<br \/>\n<\/strong>Dzi\u0119ki ergonomicznej konstrukcji i przyjaznemu dla u\u017cytkownika interfejsowi, mo\u017cesz cieszy\u0107 si\u0119 bezproblemow\u0105 piel\u0119gnacj\u0105 ka\u017cdego dnia.<\/li>\n<\/ul>\n<h2>Specyfikacja produktu<\/h2>\n<ul>\n<li>Materia\u0142: ABS, szk\u0142o<\/li>\n<li>Rozmiar: 29,9 * 19,3 * 6,3 CM<\/li>\n<li>Certyfikacja: CE<\/li>\n<li>\u0179r\u00f3d\u0142o zasilania: Elektryczne (US\/EU\/UK\/AU)<\/li>\n<\/ul>\n<h2>Przypadki u\u017cycia lub aplikacje<\/h2>\n<p>Nasze urz\u0105dzenie DARSONVAL jest idealne dla os\u00f3b, kt\u00f3re chc\u0105 zachowa\u0107 m\u0142odzie\u0144cz\u0105, zdrow\u0105 sk\u00f3r\u0119. Pr\u0105d o wysokiej cz\u0119stotliwo\u015bci w naturalny spos\u00f3b zwalcza oznaki starzenia, jednocze\u015bnie lecz\u0105c tr\u0105dzik. Urz\u0105dzenie mo\u017ce by\u0107 u\u017cywane na twarzy, ciele i w\u0142osach, zapewniaj\u0105c wszechstronne zastosowania dla pe\u0142nej samoopieki. Niezale\u017cnie od tego, czy walczysz ze zmarszczkami lub wypryskami, czy po prostu chcesz mie\u0107 promienn\u0105 cer\u0119, urz\u0105dzenie DARSONVAL jest kompleksowym rozwi\u0105zaniem.<\/p>\n<h2>Propozycja warto\u015bci<\/h2>\n<p>Inwestycja w nasze urz\u0105dzenie DARSONVAL oznacza inwestycj\u0119 w zdrowie i pi\u0119kno sk\u00f3ry. Za u\u0142amek koszt\u00f3w regularnych wizyt w spa otrzymujesz uniwersalne, \u0142atwe w u\u017cyciu narz\u0119dzie do terapii sk\u00f3ry, kt\u00f3re zapewnia profesjonalne rezultaty. Dodatkowo, oferujemy pe\u0142ny rok ochrony ubezpieczeniowej dla Twojego spokoju ducha. Wzboga\u0107 swoj\u0105 rutyn\u0119 piel\u0119gnacyjn\u0105 ju\u017c dzi\u015b dzi\u0119ki urz\u0105dzeniu do twarzy o wysokiej cz\u0119stotliwo\u015bci DARSONVAL!<\/p>\n<p><strong><br \/>\nZam\u00f3w teraz i zacznij do\u015bwiadcza\u0107 transformuj\u0105cej mocy terapii sk\u00f3ry wysok\u0105 cz\u0119stotliwo\u015bci\u0105!<br \/>\n<\/strong><\/p>","protected":false},"excerpt":{"rendered":"<p>Do\u015bwiadcz m\u0142odzie\u0144czego blasku dzi\u0119ki urz\u0105dzeniu do twarzy o wysokiej cz\u0119stotliwo\u015bci DARSONVAL. Wyposa\u017cony w terapi\u0119 przeciwstarzeniow\u0105 i narz\u0119dzia do walki z tr\u0105dzikiem, odm\u0142adza sk\u00f3r\u0119 jak nigdy dot\u0105d.<\/p>","protected":false},"featured_media":10165,"comment_status":"open","ping_status":"closed","template":"","meta":[],"product_brand":[],"product_cat":[53],"product_tag":[],"class_list":{"0":"post-9976","1":"product","2":"type-product","3":"status-publish","4":"has-post-thumbnail","6":"product_cat-darsonval-for-face","8":"first","9":"outofstock","10":"sale","11":"shipping-taxable","12":"purchasable","13":"product-type-variable"},"jetpack_sharing_enabled":true,"_links":{"self":[{"href":"https:\/\/darsonval.store\/pl\/wp-json\/wp\/v2\/product\/9976","targetHints":{"allow":["GET"]}}],"collection":[{"href":"https:\/\/darsonval.store\/pl\/wp-json\/wp\/v2\/product"}],"about":[{"href":"https:\/\/darsonval.store\/pl\/wp-json\/wp\/v2\/types\/product"}],"replies":[{"embeddable":true,"href":"https:\/\/darsonval.store\/pl\/wp-json\/wp\/v2\/comments?post=9976"}],"wp:featuredmedia":[{"embeddable":true,"href":"https:\/\/darsonval.store\/pl\/wp-json\/wp\/v2\/media\/10165"}],"wp:attachment":[{"href":"https:\/\/darsonval.store\/pl\/wp-json\/wp\/v2\/media?parent=9976"}],"wp:term":[{"taxonomy":"product_brand","embeddable":true,"href":"https:\/\/darsonval.store\/pl\/wp-json\/wp\/v2\/product_brand?post=9976"},{"taxonomy":"product_cat","embeddable":true,"href":"https:\/\/darsonval.store\/pl\/wp-json\/wp\/v2\/product_cat?post=9976"},{"taxonomy":"product_tag","embeddable":true,"href":"https:\/\/darsonval.store\/pl\/wp-json\/wp\/v2\/product_tag?post=9976"}],"curies":[{"name":"wp","href":"https:\/\/api.w.org\/{rel}","templated":true}]}}