{"id":9930,"date":"2025-02-06T23:15:07","date_gmt":"2025-02-06T15:15:07","guid":{"rendered":"https:\/\/darsonval.store\/?post_type=product&#038;p=9930"},"modified":"2025-12-03T00:18:10","modified_gmt":"2025-12-02T16:18:10","slug":"darsonval-high-frequency-facial-machine-argon-gas-acne-remover-skin-care","status":"publish","type":"product","link":"https:\/\/darsonval.store\/pl\/p\/darsonval-high-frequency-facial-machine-argon-gas-acne-remover-skin-care\/","title":{"rendered":"Urz\u0105dzenie do twarzy o wysokiej cz\u0119stotliwo\u015bci DARSONVAL - gaz argonowy, usuwanie tr\u0105dziku, piel\u0119gnacja sk\u00f3ry"},"content":{"rendered":"<p>\n <img decoding=\"async\" alt=\"argon gazowe \u015bwiat\u0142o fioletowe leczenie sk\u00f3ry\" src=\"https:\/\/darsonval.store\/wp-content\/uploads\/2025\/02\/argon_gas_violet_light_skin_treatment.webp\" \/><br \/>\n <img decoding=\"async\" alt=\"DARSONVAL gaz argonowy do usuwania tr\u0105dziku zdj\u0119cia\" src=\"https:\/\/darsonval.store\/wp-content\/uploads\/2025\/02\/DARSONVAL_argon_gas_acne_remover_images.webp\" \/><br \/>\n <img decoding=\"async\" alt=\"urz\u0105dzenie do piel\u0119gnacji sk\u00f3ry o wysokiej cz\u0119stotliwo\u015bci\" src=\"https:\/\/darsonval.store\/wp-content\/uploads\/2025\/02\/high_frequency_facial_machine_for_skin_care.webp\" \/><br \/>\n <img decoding=\"async\" alt=\"masa\u017cer wysokiej cz\u0119stotliwo\u015bci do masa\u017cu twarzy\" src=\"https:\/\/darsonval.store\/wp-content\/uploads\/2025\/02\/high_frequency_inflammation_massager_for_face.webp\" \/><br \/>\n <img decoding=\"async\" alt=\"Piel\u0119gnacja sk\u00f3ry za pomoc\u0105 urz\u0105dzenia DARSONVAL\" src=\"https:\/\/darsonval.store\/wp-content\/uploads\/2025\/02\/skin_care_beauty_with_DARSONVAL_machine.webp\" \/><br \/>\n <img decoding=\"async\" alt=\"fioletowo-fioletowa terapia \u015bwiat\u0142em dla twarzy\" src=\"https:\/\/darsonval.store\/wp-content\/uploads\/2025\/02\/violet_purple_light_therapy_for_face.webp\" \/>\n<\/p>\n<h1>\n DARSONVAL Maszyna do twarzy o wysokiej cz\u0119stotliwo\u015bci Gaz argonowy Fioletowe fioletowe \u015bwiat\u0142o Masa\u017cer do usuwania tr\u0105dziku Masa\u017cer do twarzy Piel\u0119gnacja sk\u00f3ry Uroda<br \/>\n<\/h1>\n<p>\n Odm\u0142\u00f3d\u017a swoj\u0105 sk\u00f3r\u0119 i przywr\u00f3\u0107 jej m\u0142odzie\u0144czy blask dzi\u0119ki urz\u0105dzeniu do twarzy o wysokiej cz\u0119stotliwo\u015bci DARSONVAL. Zaprojektowane do zwalczania typowych problem\u00f3w sk\u00f3rnych, takich jak tr\u0105dzik, zmarszczki i stany zapalne, to wysokiej jako\u015bci narz\u0119dzie do piel\u0119gnacji twarzy wykorzystuje moc fioletowego \u015bwiat\u0142a argonowego, aby zapewni\u0107 koj\u0105c\u0105 i skuteczn\u0105 piel\u0119gnacj\u0119 sk\u00f3ry. Niezale\u017cnie od tego, czy chcesz zmniejszy\u0107 oznaki starzenia, czy po prostu poprawi\u0107 og\u00f3lny stan zdrowia i wygl\u0105d sk\u00f3ry, to urz\u0105dzenie do twarzy jest niezb\u0119dnym dodatkiem do rutynowej piel\u0119gnacji sk\u00f3ry.\n<\/p>\n<h2>\n Kluczowe cechy i korzy\u015bci<br \/>\n<\/h2>\n<ul>\n<li>\n  Elektroterapia wysokiej cz\u0119stotliwo\u015bci - wytwarza pr\u0105d o wysokiej cz\u0119stotliwo\u015bci przez szklan\u0105 rurk\u0119 elektrody, osi\u0105gaj\u0105c imponuj\u0105ce rezultaty w zabiegach kosmetycznych.\n <\/li>\n<li>\n  Wspomaga odm\u0142adzanie sk\u00f3ry - poprawia wydzielanie, r\u00f3wnowa\u017cy warto\u015b\u0107 pH, przyspiesza kr\u0105\u017cenie krwi i przyspiesza metabolizm.\n <\/li>\n<li>\n  Usuwanie tr\u0105dziku i wyprysk\u00f3w - wytwarza ozon do sterylizacji, kt\u00f3ry wspomaga gojenie si\u0119 ran i zw\u0119\u017canie por\u00f3w.\n <\/li>\n<li>\n  Dzia\u0142anie przeciwstarzeniowe - redukuje zmarszczki i napina sk\u00f3r\u0119, nadaj\u0105c jej m\u0142odzie\u0144czy wygl\u0105d.\n <\/li>\n<li>\n  Nadaje si\u0119 do wielu zastosowa\u0144 - mo\u017ce by\u0107 stosowany nie tylko do twarzy, ale tak\u017ce korzystnie wp\u0142ywa na wzrost w\u0142os\u00f3w i leczenie \u0142ysienia.\n <\/li>\n<\/ul>\n<h2>\n Specyfikacja produktu<br \/>\n<\/h2>\n<ul>\n<li>\n  \u0179r\u00f3d\u0142o zasilania: Elektryczne\n <\/li>\n<li>\n  Materia\u0142: FIBERGLASS\n <\/li>\n<li>\n  Standardowe napi\u0119cie: 110 V, 220 V\n <\/li>\n<li>\n  Funkcje: Odm\u0142adzanie sk\u00f3ry, Napinanie sk\u00f3ry, Przeciwtr\u0105dzikowe, Usuwanie skaz, Przeciwzmarszczkowe\n <\/li>\n<li>\n  Typ elementu: Maszyna do twarzy wysokiej cz\u0119stotliwo\u015bci\n <\/li>\n<li>\n  Styl: Maszyna tlenowa do twarzy\n <\/li>\n<li>\n  Typ: Narz\u0119dzie do piel\u0119gnacji twarzy\n <\/li>\n<li>\n  Zastosowanie: Twarz\n <\/li>\n<li>\n  Kolor \u015bwiat\u0142a: Fioletowy, Purpurowy\n <\/li>\n<\/ul>\n<h2>\n Przypadki u\u017cycia lub aplikacje<br \/>\n<\/h2>\n<p>\n Urz\u0105dzenie do twarzy o wysokiej cz\u0119stotliwo\u015bci DARSONVAL mo\u017ce by\u0107 u\u017cywane na wiele sposob\u00f3w w celu poprawy urody. Jest idealny dla os\u00f3b, kt\u00f3re chc\u0105 zmniejszy\u0107 widoczno\u015b\u0107 tr\u0105dziku, wyprysk\u00f3w lub zmarszczek, lub dla os\u00f3b, kt\u00f3re chc\u0105 napi\u0105\u0107 sk\u00f3r\u0119. To wszechstronne urz\u0105dzenie mo\u017ce by\u0107 r\u00f3wnie\u017c wykorzystywane do promowania wzrostu w\u0142os\u00f3w i leczenia \u0142ysienia.\n<\/p>\n<h2>\n Niezr\u00f3wnana warto\u015b\u0107<br \/>\n<\/h2>\n<p>\n Po co wydawa\u0107 niebotyczne kwoty na drogie zabiegi na twarz w spa, skoro mo\u017cna uzyska\u0107 te same korzy\u015bci w zaciszu w\u0142asnego domu? Urz\u0105dzenie do twarzy o wysokiej cz\u0119stotliwo\u015bci DARSONVAL oferuje ekonomiczne rozwi\u0105zanie, kt\u00f3re pozwoli Ci skutecznie dba\u0107 o zdrowie sk\u00f3ry.\n<\/p>\n<h2>\n Nast\u0119pny krok do nieskazitelnej sk\u00f3ry<br \/>\n<\/h2>\n<p>\n Nie czekaj i zacznij cieszy\u0107 si\u0119 zdrowsz\u0105 i m\u0142odziej wygl\u0105daj\u0105c\u0105 sk\u00f3r\u0105. Zam\u00f3w urz\u0105dzenie DARSONVAL High Frequency Facial Machine ju\u017c dzi\u015b i przekonaj si\u0119 o jego niezwyk\u0142ych rezultatach!<\/p>","protected":false},"excerpt":{"rendered":"<p>Do\u015bwiadcz transformacji sk\u00f3ry dzi\u0119ki urz\u0105dzeniu do twarzy o wysokiej cz\u0119stotliwo\u015bci DARSONVAL! Idealny do usuwania tr\u0105dziku i redukcji stan\u00f3w zapalnych. Odkryj nieskaziteln\u0105 sk\u00f3r\u0119, kt\u00f3r\u0105 pokochasz ju\u017c dzi\u015b - nie czekaj, popraw swoj\u0105 rutyn\u0119 piel\u0119gnacji sk\u00f3ry ju\u017c teraz!<\/p>","protected":false},"featured_media":10214,"comment_status":"open","ping_status":"closed","template":"","meta":[],"product_brand":[],"product_cat":[53],"product_tag":[],"class_list":{"0":"post-9930","1":"product","2":"type-product","3":"status-publish","4":"has-post-thumbnail","6":"product_cat-darsonval-for-face","8":"first","9":"instock","10":"shipping-taxable","11":"purchasable","12":"product-type-variable"},"jetpack_sharing_enabled":true,"_links":{"self":[{"href":"https:\/\/darsonval.store\/pl\/wp-json\/wp\/v2\/product\/9930","targetHints":{"allow":["GET"]}}],"collection":[{"href":"https:\/\/darsonval.store\/pl\/wp-json\/wp\/v2\/product"}],"about":[{"href":"https:\/\/darsonval.store\/pl\/wp-json\/wp\/v2\/types\/product"}],"replies":[{"embeddable":true,"href":"https:\/\/darsonval.store\/pl\/wp-json\/wp\/v2\/comments?post=9930"}],"wp:featuredmedia":[{"embeddable":true,"href":"https:\/\/darsonval.store\/pl\/wp-json\/wp\/v2\/media\/10214"}],"wp:attachment":[{"href":"https:\/\/darsonval.store\/pl\/wp-json\/wp\/v2\/media?parent=9930"}],"wp:term":[{"taxonomy":"product_brand","embeddable":true,"href":"https:\/\/darsonval.store\/pl\/wp-json\/wp\/v2\/product_brand?post=9930"},{"taxonomy":"product_cat","embeddable":true,"href":"https:\/\/darsonval.store\/pl\/wp-json\/wp\/v2\/product_cat?post=9930"},{"taxonomy":"product_tag","embeddable":true,"href":"https:\/\/darsonval.store\/pl\/wp-json\/wp\/v2\/product_tag?post=9930"}],"curies":[{"name":"wp","href":"https:\/\/api.w.org\/{rel}","templated":true}]}}