{"id":9890,"date":"2025-02-06T23:11:45","date_gmt":"2025-02-06T15:11:45","guid":{"rendered":"https:\/\/darsonval.store\/?post_type=product&#038;p=9890"},"modified":"2025-02-07T00:45:08","modified_gmt":"2025-02-06T16:45:08","slug":"darsonval-high-frequency-facial-machine-includes-neon-argon-wands-anti-wrinkle-acne-hair-massager","status":"publish","type":"product","link":"https:\/\/darsonval.store\/pl\/p\/darsonval-high-frequency-facial-machine-includes-neon-argon-wands-anti-wrinkle-acne-hair-massager\/","title":{"rendered":"Urz\u0105dzenie do twarzy o wysokiej cz\u0119stotliwo\u015bci DARSONVAL - zawiera neonowe r\u00f3\u017cd\u017cki argonowe, przeciwzmarszczkowe i przeciwtr\u0105dzikowe, masa\u017cer do w\u0142os\u00f3w"},"content":{"rendered":"<p><img decoding=\"async\" src=\"https:\/\/darsonval.store\/wp-content\/uploads\/2025\/02\/Acne_treatment_using_high_frequency_DARSONVAL_apparatus.webp\" alt=\"Leczenie tr\u0105dziku przy u\u017cyciu aparatu DARSONVAL o wysokiej cz\u0119stotliwo\u015bci\" \/><br \/>\n<img decoding=\"async\" src=\"https:\/\/darsonval.store\/wp-content\/uploads\/2025\/02\/Benefits_of_DARSONVAL_high_frequency_face_massage.webp\" alt=\"Korzy\u015bci z masa\u017cu twarzy o wysokiej cz\u0119stotliwo\u015bci DARSONVAL\" \/><br \/>\n<img decoding=\"async\" src=\"https:\/\/darsonval.store\/wp-content\/uploads\/2025\/02\/DARSONVAL_high_frequency_facial_machine_benefits-4.webp\" alt=\"Zalety urz\u0105dzenia do twarzy o wysokiej cz\u0119stotliwo\u015bci DARSONVAL 4\" \/><br \/>\n<img decoding=\"async\" src=\"https:\/\/darsonval.store\/wp-content\/uploads\/2025\/02\/Face_Massager_with_DARSONVAL_for_hair_treatment.webp\" alt=\"Masa\u017cer do twarzy z DARSONVAL do piel\u0119gnacji w\u0142os\u00f3w\" \/><br \/>\n<img decoding=\"async\" src=\"https:\/\/darsonval.store\/wp-content\/uploads\/2025\/02\/High_Frequency_Fusion_Neon_Argon_Wands_features.webp\" alt=\"Cechy r\u00f3\u017cd\u017cek neonowo-argonowych o wysokiej cz\u0119stotliwo\u015bci fuzji\" \/><br \/>\n<img decoding=\"async\" src=\"https:\/\/darsonval.store\/wp-content\/uploads\/2025\/02\/Neon_argon_wands_for_wrinkle_removal.webp\" alt=\"R\u00f3\u017cd\u017cki z argonem neonowym do usuwania zmarszczek\" \/><br \/>\n<img decoding=\"async\" src=\"https:\/\/darsonval.store\/wp-content\/uploads\/2025\/02\/Remove_Wrinkle_Acne_DARSONVAL_apparatus.webp\" alt=\"Aparat do usuwania zmarszczek i tr\u0105dziku DARSONVAL\" \/><br \/>\n<img decoding=\"async\" src=\"https:\/\/darsonval.store\/wp-content\/uploads\/2025\/02\/Skin_rejuvenation_with_DARSONVAL_facial_machine-2.webp\" alt=\"Odm\u0142adzanie sk\u00f3ry za pomoc\u0105 urz\u0105dzenia do twarzy DARSONVAL 2\" \/><br \/>\n<img decoding=\"async\" src=\"https:\/\/darsonval.store\/wp-content\/uploads\/2025\/02\/Using_DARSONVAL_apparatus_for_acne_treatment.webp\" alt=\"Stosowanie aparatu DARSONVAL w leczeniu tr\u0105dziku\" \/><\/p>\n<h2>Przedstawiamy DARSONVAL Apparatus High Frequency Facial Machine Fusion Neon Argon Wands Usu\u0144 zmarszczki Tr\u0105dzik Masa\u017cer do twarzy Darsonval Do w\u0142os\u00f3w<\/h2>\n<p>Ulepsz swoj\u0105 rutyn\u0119 piel\u0119gnacji sk\u00f3ry dzi\u0119ki naszej maszynie do twarzy o wysokiej cz\u0119stotliwo\u015bci DARSONVAL Apparatus. Zaprojektowane dla tych, kt\u00f3rzy wymagaj\u0105 absolutnie najlepszej piel\u0119gnacji urody, to wysokowydajne urz\u0105dzenie wykorzystuje moc fuzji neonowych r\u00f3\u017cd\u017cek argonowych, aby wyeliminowa\u0107 zmarszczki i tr\u0105dzik, jednocze\u015bnie odm\u0142adzaj\u0105c sk\u00f3r\u0119. U\u017cywaj go jako masa\u017cera do twarzy, a nawet do w\u0142os\u00f3w - jego wszechstronno\u015b\u0107 sprawia, \u017ce jest to niezb\u0119dny element ka\u017cdego schematu piel\u0119gnacji urody.<\/p>\n<h3>Kluczowe cechy i korzy\u015bci:<\/h3>\n<ul>\n<li><strong>Elektroterapia o wysokiej cz\u0119stotliwo\u015bci:<br \/>\n<\/strong>Generuje wzbogacone cz\u0105steczki tlenu, kt\u00f3re redukuj\u0105 mikroby powoduj\u0105ce wypryski i zask\u00f3rniki, promuj\u0105c g\u0142adsz\u0105 sk\u00f3r\u0119.<\/li>\n<li><strong>R\u00f3\u017cd\u017cki Fusion Neon Argon:<br \/>\n<\/strong>Dzi\u0119ki korzy\u015bciom przeciwstarzeniowym neonu i mocy argonu w walce z przebarwieniami, aplikatory te oferuj\u0105 kompleksowe spektrum terapii sk\u00f3ry.<\/li>\n<li><strong>Odm\u0142adzanie sk\u00f3ry:<br \/>\n<\/strong>Przyspiesza metabolizm kom\u00f3rkowy i zwi\u0119ksza produkcj\u0119 ATP nawet pi\u0119ciokrotnie, odm\u0142adzaj\u0105c sk\u00f3r\u0119.<\/li>\n<li><strong>Wyspecjalizowani aplikatorzy:<br \/>\n<\/strong>Zawiera specjalistyczne szklane aplikatory, takie jak r\u00f3\u017cd\u017cka w kszta\u0142cie litery Y do ramion i szyi, aplikator pr\u0119towy do szerszych obszar\u00f3w, takich jak policzki i czo\u0142o, oraz do\u0142adowan\u0105 r\u00f3\u017cd\u017ck\u0119 grzebieniow\u0105 do energetyzowania sk\u00f3ry g\u0142owy i w\u0142os\u00f3w.<\/li>\n<li><strong>365-dniowe zapewnienie jako\u015bci:<br \/>\n<\/strong>Obiecujemy naprawi\u0107 wszelkie problemy w ci\u0105gu pe\u0142nego roku od zakupu.<\/li>\n<\/ul>\n<h3>Specyfikacja produktu:<\/h3>\n<ul>\n<li>\u0179r\u00f3d\u0142o zasilania: Elektryczne<\/li>\n<li>Materia\u0142: ABS, szk\u0142o<\/li>\n<li>Rozmiar: 29,9 * 19,3 * 6,3 CM<\/li>\n<li>Certyfikat jako\u015bci towaru: ce<\/li>\n<li>Standardowe napi\u0119cie: 110 V, 220 V<\/li>\n<li>Funkcje: Odm\u0142adzanie sk\u00f3ry, Napinanie sk\u00f3ry, Przeciwtr\u0105dzikowe, Przeciwzmarszczkowe, Wybielaj\u0105ce<\/li>\n<li>Kolor \u015bwiat\u0142a: Fioletowy<\/li>\n<li>Napi\u0119cie: 110-220 V<\/li>\n<li>Typ elementu: Urz\u0105dzenie do piel\u0119gnacji sk\u00f3ry<\/li>\n<\/ul>\n<h3>Przypadki u\u017cycia lub aplikacje:<\/h3>\n<p>Niezale\u017cnie od tego, czy chodzi o oznaki starzenia, walk\u0119 z tr\u0105dzikiem, czy popraw\u0119 og\u00f3lnej cery, nasze urz\u0105dzenie do twarzy o wysokiej cz\u0119stotliwo\u015bci DARSONVAL Apparatus jest rozwi\u0105zaniem. Idealnie nadaje si\u0119 do u\u017cytku domowego, oferuj\u0105c rezultaty o jako\u015bci salonu na wyci\u0105gni\u0119cie r\u0119ki. Co wi\u0119cej, jest r\u00f3wnie korzystny dla w\u0142os\u00f3w, dzi\u0119ki czemu jest wszechstronnym dodatkiem do osobistej rutyny piel\u0119gnacyjnej.<\/p>\n<h3>Nasza propozycja warto\u015bci:<\/h3>\n<p>Dzi\u0119ki naszemu urz\u0105dzeniu do twarzy DARSONVAL inwestujesz w wi\u0119ksz\u0105 pewno\u015b\u0107 siebie dzi\u0119ki zdrowszej, m\u0142odziej wygl\u0105daj\u0105cej sk\u00f3rze. Nasz produkt oferuje profesjonaln\u0105 jako\u015b\u0107, a dzi\u0119ki rocznej gwarancji jako\u015bci mo\u017cesz by\u0107 pewien, \u017ce stoimy za naszym produktem. Nie czekaj - zmie\u0144 swoj\u0105 rutyn\u0119 piel\u0119gnacji sk\u00f3ry ju\u017c dzi\u015b!<\/p>\n<p><strong><br \/>\nZam\u00f3w ju\u017c teraz, aby cieszy\u0107 si\u0119 odm\u0142odzon\u0105, promienn\u0105 sk\u00f3r\u0105 i l\u015bni\u0105cymi w\u0142osami!<br \/>\n<\/strong><\/p>","protected":false},"excerpt":{"rendered":"<p>Do\u015bwiadcz najwy\u017cszej jako\u015bci piel\u0119gnacji sk\u00f3ry dzi\u0119ki urz\u0105dzeniu do twarzy o wysokiej cz\u0119stotliwo\u015bci DARSONVAL. Pozb\u0105d\u017a si\u0119 zmarszczek i tr\u0105dziku oraz stymuluj wzrost w\u0142os\u00f3w. Dzia\u0142aj teraz, aby uzyska\u0107 g\u0142adsz\u0105, zdrowsz\u0105 sk\u00f3r\u0119 i bujne w\u0142osy ju\u017c dzi\u015b!<\/p>","protected":false},"featured_media":10230,"comment_status":"open","ping_status":"closed","template":"","meta":[],"product_brand":[],"product_cat":[52],"product_tag":[],"class_list":{"0":"post-9890","1":"product","2":"type-product","3":"status-publish","4":"has-post-thumbnail","6":"product_cat-darsonval-for-hair","8":"first","9":"instock","10":"sale","11":"shipping-taxable","12":"purchasable","13":"product-type-variable"},"jetpack_sharing_enabled":true,"_links":{"self":[{"href":"https:\/\/darsonval.store\/pl\/wp-json\/wp\/v2\/product\/9890","targetHints":{"allow":["GET"]}}],"collection":[{"href":"https:\/\/darsonval.store\/pl\/wp-json\/wp\/v2\/product"}],"about":[{"href":"https:\/\/darsonval.store\/pl\/wp-json\/wp\/v2\/types\/product"}],"replies":[{"embeddable":true,"href":"https:\/\/darsonval.store\/pl\/wp-json\/wp\/v2\/comments?post=9890"}],"wp:featuredmedia":[{"embeddable":true,"href":"https:\/\/darsonval.store\/pl\/wp-json\/wp\/v2\/media\/10230"}],"wp:attachment":[{"href":"https:\/\/darsonval.store\/pl\/wp-json\/wp\/v2\/media?parent=9890"}],"wp:term":[{"taxonomy":"product_brand","embeddable":true,"href":"https:\/\/darsonval.store\/pl\/wp-json\/wp\/v2\/product_brand?post=9890"},{"taxonomy":"product_cat","embeddable":true,"href":"https:\/\/darsonval.store\/pl\/wp-json\/wp\/v2\/product_cat?post=9890"},{"taxonomy":"product_tag","embeddable":true,"href":"https:\/\/darsonval.store\/pl\/wp-json\/wp\/v2\/product_tag?post=9890"}],"curies":[{"name":"wp","href":"https:\/\/api.w.org\/{rel}","templated":true}]}}