{"id":9829,"date":"2025-02-06T23:08:28","date_gmt":"2025-02-06T15:08:28","guid":{"rendered":"https:\/\/darsonval.store\/?post_type=product&#038;p=9829"},"modified":"2025-02-07T00:55:20","modified_gmt":"2025-02-06T16:55:20","slug":"darsonval-high-frequency-wand-red-light-therapy-acne-spot-and-wrinkle-remover","status":"publish","type":"product","link":"https:\/\/darsonval.store\/pl\/p\/darsonval-high-frequency-wand-red-light-therapy-acne-spot-and-wrinkle-remover\/","title":{"rendered":"R\u00f3\u017cd\u017cka wysokiej cz\u0119stotliwo\u015bci DARSONVAL - terapia \u015bwiat\u0142em czerwonym, usuwanie tr\u0105dziku punktowego i zmarszczek"},"content":{"rendered":"<p>\n <img decoding=\"async\" alt=\"Pi\u0119kna piel\u0119gnacja twarzy z r\u00f3\u017cd\u017ck\u0105 wysokiej cz\u0119stotliwo\u015bci DARSONVAL\" src=\"https:\/\/darsonval.store\/wp-content\/uploads\/2025\/02\/Beauty_Facial_Care_with_DARSONVAL_High_Frequency_Wand.webp\" \/><br \/>\n <img decoding=\"async\" alt=\"R\u00f3\u017cd\u017cka wysokiej cz\u0119stotliwo\u015bci DARSONVAL do leczenia tr\u0105dziku\" src=\"https:\/\/darsonval.store\/wp-content\/uploads\/2025\/02\/DARSONVAL_High_Frequency_Wand_for_Acne_Treatment.webp\" \/><br \/>\n <img decoding=\"async\" alt=\"DARSONVAL Neon Elektroterapia do usuwania plam 1\" src=\"https:\/\/darsonval.store\/wp-content\/uploads\/2025\/02\/DARSONVAL_Neon_Electrotherapy_for_Spot_Removal-1.webp\" \/><br \/>\n <img decoding=\"async\" alt=\"Terapia czerwonym \u015bwiat\u0142em DARSONVAL dla pi\u0119knej sk\u00f3ry\" src=\"https:\/\/darsonval.store\/wp-content\/uploads\/2025\/02\/DARSONVAL_Red_Light_Therapy_for_Beautiful_Skin.webp\" \/><br \/>\n <img decoding=\"async\" alt=\"Narz\u0119dzie do usuwania plam o wysokiej cz\u0119stotliwo\u015bci\" src=\"https:\/\/darsonval.store\/wp-content\/uploads\/2025\/02\/High_Frequency_Acne_Spot_Remover_Tool.webp\" \/><br \/>\n <img decoding=\"async\" alt=\"Neonowa szklana rurka do elektroterapii do piel\u0119gnacji twarzy\" src=\"https:\/\/darsonval.store\/wp-content\/uploads\/2025\/02\/Neon_Electrotherapy_Glass_Tube_for_Facial_Care.webp\" \/><br \/>\n <img decoding=\"async\" alt=\"R\u00f3\u017cd\u017cka do terapii czerwonym \u015bwiat\u0142em redukuj\u0105ca zmarszczki\" src=\"https:\/\/darsonval.store\/wp-content\/uploads\/2025\/02\/Red_Light_Therapy_Wand_for_Wrinkle_Reduction.webp\" \/><br \/>\n <img decoding=\"async\" alt=\"Terapia \u015bwiat\u0142em do usuwania zmarszczek firmy DARSONVAL\" src=\"https:\/\/darsonval.store\/wp-content\/uploads\/2025\/02\/Wrinkle_Remover_Light_Therapy_by_DARSONVAL.webp\" \/>\n<\/p>\n<h2>\n Przedstawiamy r\u00f3\u017cd\u017ck\u0119 wysokiej cz\u0119stotliwo\u015bci DARSONVAL Terapia czerwonym \u015bwiat\u0142em Neon Elektroterapia Szklana tuba Usuwanie tr\u0105dziku Plamy Zmarszczki Uroda Piel\u0119gnacja twarzy<br \/>\n<\/h2>\n<p>\n Najlepsze rozwi\u0105zanie do piel\u0119gnacji sk\u00f3ry - r\u00f3\u017cd\u017cka wysokiej cz\u0119stotliwo\u015bci DARSONVAL. To pot\u0119\u017cne urz\u0105dzenie \u0142\u0105czy w sobie innowacyjn\u0105 technologi\u0119 i doskona\u0142\u0105 funkcjonalno\u015b\u0107, aby zapewni\u0107 promienn\u0105, m\u0142odzie\u0144cz\u0105 sk\u00f3r\u0119. Dzi\u0119ki swoim g\u0142\u00f3wnym funkcjom, takim jak usuwanie plam potr\u0105dzikowych i zmarszczek, ta zaawansowana technologicznie r\u00f3\u017cd\u017cka jest narz\u0119dziem do piel\u0119gnacji twarzy, zaprojektowanym w celu odm\u0142odzenia i napi\u0119cia sk\u00f3ry, oferuj\u0105c jednocze\u015bnie korzy\u015bci p\u0142yn\u0105ce z elektroterapii neonowej.\n<\/p>\n<h2>\n Kluczowe cechy i korzy\u015bci<br \/>\n<\/h2>\n<ul>\n<li>\n  <strong><br \/>\n   Odm\u0142adzanie sk\u00f3ry:<br \/>\n  <\/strong><br \/>\n  Przywraca witalno\u015b\u0107, zw\u0119\u017ca pory i poprawia og\u00f3ln\u0105 struktur\u0119 sk\u00f3ry.\n <\/li>\n<li>\n  <strong><br \/>\n   Leczenie tr\u0105dziku:<br \/>\n  <\/strong><br \/>\n  Skutecznie leczy tr\u0105dzik i zapobiega powstawaniu nowych wyprysk\u00f3w dzi\u0119ki swoim w\u0142a\u015bciwo\u015bciom przeciwtr\u0105dzikowym.\n <\/li>\n<li>\n  <strong><br \/>\n   Redukcja zmarszczek:<br \/>\n  <\/strong><br \/>\n  Wyg\u0142adza drobne linie i zmarszczki, zapewniaj\u0105c m\u0142odzie\u0144czy wygl\u0105d.\n <\/li>\n<li>\n  <strong><br \/>\n   Terapia czerwonym \u015bwiat\u0142em:<br \/>\n  <\/strong><br \/>\n  Stymuluje produkcj\u0119 kolagenu, zwi\u0119kszaj\u0105c elastyczno\u015b\u0107 sk\u00f3ry.\n <\/li>\n<li>\n  <strong><br \/>\n   Elektroterapia:<br \/>\n  <\/strong><br \/>\n  Zwi\u0119ksza kr\u0105\u017cenie krwi, wspomaga drena\u017c limfatyczny i wspomaga metabolizm kom\u00f3rkowy.\n <\/li>\n<\/ul>\n<h2>\n Specyfikacja produktu<br \/>\n<\/h2>\n<ul>\n<li>\n  \u0179r\u00f3d\u0142o zasilania: Elektryczne\n <\/li>\n<li>\n  Materia\u0142: Tworzywo sztuczne\n <\/li>\n<li>\n  Brak substancji chemicznych wzbudzaj\u0105cych szczeg\u00f3lnie du\u017ce obawy\n <\/li>\n<li>\n  Certyfikat jako\u015bci towaru: CE\n <\/li>\n<li>\n  Napi\u0119cie: AC100-240V,50-60Hz\n <\/li>\n<li>\n  Moc: 10 W\n <\/li>\n<li>\n  Funkcje: Odm\u0142adzanie sk\u00f3ry, Przeciwtr\u0105dzikowe, Przeciwzmarszczkowe\n <\/li>\n<\/ul>\n<h2>\n Przypadki u\u017cycia lub aplikacje<br \/>\n<\/h2>\n<p>\n Nasza r\u00f3\u017cd\u017cka wysokiej cz\u0119stotliwo\u015bci DARSONVAL jest idealna dla ka\u017cdego, kto chce ulepszy\u0107 swoj\u0105 rutyn\u0119 piel\u0119gnacji sk\u00f3ry. Jest to skuteczne rozwi\u0105zanie do leczenia sk\u00f3ry tr\u0105dzikowej, zmniejszania widoczno\u015bci drobnych linii i zmarszczek oraz uzyskania bardziej napi\u0119tej, m\u0142odzie\u0144czej cery. Aby uzyska\u0107 najlepsze rezultaty, nale\u017cy stosowa\u0107 go 2-3 razy w tygodniu. Ka\u017cda sesja powinna trwa\u0107 od 10 do 15 minut, skupiaj\u0105c si\u0119 na ka\u017cdym obszarze twarzy przez nie wi\u0119cej ni\u017c 10 sekund.\n<\/p>\n<h2>\n Propozycja warto\u015bci<br \/>\n<\/h2>\n<p>\n Ta najwy\u017cszej klasy r\u00f3\u017cd\u017cka o wysokiej cz\u0119stotliwo\u015bci znajduje si\u0119 w czo\u0142\u00f3wce nowoczesnych urz\u0105dze\u0144 do piel\u0119gnacji sk\u00f3ry. Jej zdolno\u015b\u0107 do \u0142\u0105czenia wielu solidnych technologii, takich jak terapia \u015bwiat\u0142em czerwonym i elektroterapia, wyr\u00f3\u017cnia j\u0105 na tle innych. Niezale\u017cnie od tego, czy walczysz z uporczywym tr\u0105dzikiem, wczesnymi oznakami starzenia, czy po prostu chcesz zachowa\u0107 zdrowo wygl\u0105daj\u0105c\u0105 sk\u00f3r\u0119, r\u00f3\u017cd\u017cka wysokiej cz\u0119stotliwo\u015bci DARSONVAL jest idealnym towarzyszem.\n<\/p>\n<p>\n Nie przegap okazji, aby zainwestowa\u0107 w przysz\u0142o\u015b\u0107 swojej sk\u00f3ry - zam\u00f3w r\u00f3\u017cd\u017ck\u0119 wysokiej cz\u0119stotliwo\u015bci DARSONVAL ju\u017c dzi\u015b!<\/p>","protected":false},"excerpt":{"rendered":"<p>Do\u015bwiadcz cudu r\u00f3\u017cd\u017cki wysokiej cz\u0119stotliwo\u015bci DARSONVAL. To narz\u0119dzie do terapii czerwonym \u015bwiat\u0142em pomaga usun\u0105\u0107 tr\u0105dzik, zmarszczki i odm\u0142adza sk\u00f3r\u0119. Uzyskaj nieskaziteln\u0105 piel\u0119gnacj\u0119 twarzy ju\u017c dzi\u015b!<\/p>","protected":false},"featured_media":10293,"comment_status":"open","ping_status":"closed","template":"","meta":[],"product_brand":[],"product_cat":[52],"product_tag":[],"class_list":{"0":"post-9829","1":"product","2":"type-product","3":"status-publish","4":"has-post-thumbnail","6":"product_cat-darsonval-for-hair","8":"first","9":"instock","10":"sale","11":"shipping-taxable","12":"purchasable","13":"product-type-variable"},"jetpack_sharing_enabled":true,"_links":{"self":[{"href":"https:\/\/darsonval.store\/pl\/wp-json\/wp\/v2\/product\/9829","targetHints":{"allow":["GET"]}}],"collection":[{"href":"https:\/\/darsonval.store\/pl\/wp-json\/wp\/v2\/product"}],"about":[{"href":"https:\/\/darsonval.store\/pl\/wp-json\/wp\/v2\/types\/product"}],"replies":[{"embeddable":true,"href":"https:\/\/darsonval.store\/pl\/wp-json\/wp\/v2\/comments?post=9829"}],"wp:featuredmedia":[{"embeddable":true,"href":"https:\/\/darsonval.store\/pl\/wp-json\/wp\/v2\/media\/10293"}],"wp:attachment":[{"href":"https:\/\/darsonval.store\/pl\/wp-json\/wp\/v2\/media?parent=9829"}],"wp:term":[{"taxonomy":"product_brand","embeddable":true,"href":"https:\/\/darsonval.store\/pl\/wp-json\/wp\/v2\/product_brand?post=9829"},{"taxonomy":"product_cat","embeddable":true,"href":"https:\/\/darsonval.store\/pl\/wp-json\/wp\/v2\/product_cat?post=9829"},{"taxonomy":"product_tag","embeddable":true,"href":"https:\/\/darsonval.store\/pl\/wp-json\/wp\/v2\/product_tag?post=9829"}],"curies":[{"name":"wp","href":"https:\/\/api.w.org\/{rel}","templated":true}]}}