{"id":8205,"date":"2025-02-05T23:05:57","date_gmt":"2025-02-05T15:05:57","guid":{"rendered":"https:\/\/darsonval.store\/?post_type=product&#038;p=8205"},"modified":"2025-02-06T22:35:16","modified_gmt":"2025-02-06T14:35:16","slug":"darsonval-high-frequency-skin-therapy-machine-portable-6-neon-argon-wands","status":"publish","type":"product","link":"https:\/\/darsonval.store\/pl\/p\/darsonval-high-frequency-skin-therapy-machine-portable-6-neon-argon-wands\/","title":{"rendered":"Urz\u0105dzenie do terapii sk\u00f3ry o wysokiej cz\u0119stotliwo\u015bci Darsonval - przeno\u015bne, 6 r\u00f3\u017cd\u017cek neonowych i argonowych"},"content":{"rendered":"<p>\n <img decoding=\"async\" alt=\"Korzy\u015bci z terapii twarzy argonem i r\u00f3\u017cd\u017ckami neonowymi\" src=\"https:\/\/darsonval.store\/wp-content\/uploads\/2025\/02\/Argon_and_neon_wands_facial_therapy_benefits.webp\" \/><br \/>\n <img decoding=\"async\" alt=\"Zalety urz\u0105dzenia do twarzy o wysokiej cz\u0119stotliwo\u015bci Darsonval 1\" src=\"https:\/\/darsonval.store\/wp-content\/uploads\/2025\/02\/Darsonval_high_frequency_facial_machine_benefits-1.webp\" \/><br \/>\n <img decoding=\"async\" alt=\"Przeno\u015bna maszyna do twarzy Darsonval do u\u017cytku domowego\" src=\"https:\/\/darsonval.store\/wp-content\/uploads\/2025\/02\/Darsonval_portable_facial_machine_for_home_use.webp\" \/><br \/>\n <img decoding=\"async\" alt=\"Terapia twarzy wysokiej cz\u0119stotliwo\u015bci w leczeniu tr\u0105dziku\" src=\"https:\/\/darsonval.store\/wp-content\/uploads\/2025\/02\/High_frequency_facial_therapy_for_acne_treatment.webp\" \/><br \/>\n <img decoding=\"async\" alt=\"Zastosowanie r\u00f3\u017cd\u017cki neonowej w terapii twarzy Darsonval\" src=\"https:\/\/darsonval.store\/wp-content\/uploads\/2025\/02\/Neon_wand_usage_in_Darsonval_facial_therapy.webp\" \/><br \/>\n <img decoding=\"async\" alt=\"Przeno\u015bne urz\u0105dzenie do terapii sk\u00f3ry usuwaj\u0105ce zmarszczki\" src=\"https:\/\/darsonval.store\/wp-content\/uploads\/2025\/02\/Portable_skin_therapy_device_for_wrinkle_removal.webp\" \/><br \/>\n <img decoding=\"async\" alt=\"Przeno\u015bne urz\u0105dzenie do terapii sk\u00f3ry z 6 r\u00f3\u017cd\u017ckami\" src=\"https:\/\/darsonval.store\/wp-content\/uploads\/2025\/02\/Portable_skin_therapy_device_with_6_wands.webp\" \/><br \/>\n <img decoding=\"async\" alt=\"Leczenie problem\u00f3w sk\u00f3rnych za pomoc\u0105 r\u00f3\u017cd\u017cki terapeutycznej Darsonval\" src=\"https:\/\/darsonval.store\/wp-content\/uploads\/2025\/02\/Treating_skin_problems_with_Darsonval_therapy_wand.webp\" \/><br \/>\n <img decoding=\"async\" alt=\"Zastosowanie r\u00f3\u017cd\u017cek argonowych Darsonval w piel\u0119gnacji sk\u00f3ry\" src=\"https:\/\/darsonval.store\/wp-content\/uploads\/2025\/02\/Use_of_Darsonval_argon_wands_in_skin_care.webp\" \/>\n<\/p>\n<h2>\n Darsonval Przeno\u015bna maszyna do twarzy o wysokiej cz\u0119stotliwo\u015bci Terapia sk\u00f3ry z 6 r\u00f3\u017cd\u017ckami neonowymi i argonowymi Usuwa zmarszczki Tr\u0105dzik R\u00f3\u017cd\u017cka do terapii twarzy<br \/>\n<\/h2>\n<p>\n Odkryj idealne rozwi\u0105zanie dla swoich potrzeb w zakresie piel\u0119gnacji sk\u00f3ry dzi\u0119ki przeno\u015bnej maszynie do twarzy o wysokiej cz\u0119stotliwo\u015bci Darsonval. Ta profesjonalna maszyna o du\u017cej mocy wykorzystuje neon i argon, aby skutecznie usuwa\u0107 zmarszczki i tr\u0105dzik - w zaciszu w\u0142asnego domu.\n<\/p>\n<p>\n Tajemnica tego innowacyjnego urz\u0105dzenia tkwi w jego zdolno\u015bci do wykorzystania mocy gaz\u00f3w neonu i argonu, wykorzystuj\u0105c je w r\u00f3\u017cnych r\u00f3\u017cd\u017ckach do zwalczania okre\u015blonych problem\u00f3w sk\u00f3rnych, takich jak tr\u0105dzik i zmarszczki. Rezultat? G\u0142adsza, zdrowsza i m\u0142odziej wygl\u0105daj\u0105ca cera, kt\u00f3ra promienieje naturalnym blaskiem.\n<\/p>\n<p>\n <strong><br \/>\n  Kluczowe cechy i korzy\u015bci:<br \/>\n <\/strong>\n<\/p>\n<ul>\n<li>\n  <strong><br \/>\n   Napinanie sk\u00f3ry<br \/>\n  <\/strong><br \/>\n  : Nasz system r\u00f3\u017cd\u017cek Darsonval pobudza kr\u0105\u017cenie i produkcj\u0119 kolagenu, zmniejszaj\u0105c widoczno\u015b\u0107 drobnych linii i zmarszczek.\n <\/li>\n<li>\n  <strong><br \/>\n   Leczenie przeciwtr\u0105dzikowe<br \/>\n  <\/strong><br \/>\n  : Wykorzystuj\u0105c szklan\u0105 rurk\u0119 wype\u0142nion\u0105 argonem, urz\u0105dzenie emituje \u015bwiat\u0142o UV o niskim poziomie, kt\u00f3re jest bezpieczne, ale skuteczne w zwalczaniu bakterii tr\u0105dzikowych.\n <\/li>\n<li>\n  <strong><br \/>\n   Usuwanie przebarwie\u0144<br \/>\n  <\/strong><br \/>\n  : Wzbogacone cz\u0105steczki tlenu generowane przez urz\u0105dzenie pomagaj\u0105 wyeliminowa\u0107 przebarwienia i zask\u00f3rniki.\n <\/li>\n<li>\n  <strong><br \/>\n   Stymulacja wzrostu w\u0142os\u00f3w<br \/>\n  <\/strong><br \/>\n  : Opr\u00f3cz terapii twarzy, urz\u0105dzenie wspomaga r\u00f3wnie\u017c wzrost w\u0142os\u00f3w, gdy jest stosowane na sk\u00f3rze g\u0142owy.\n <\/li>\n<\/ul>\n<h3>\n Specyfikacja produktu:<br \/>\n<\/h3>\n<ul>\n<li>\n  \u0179r\u00f3d\u0142o zasilania: Elektryczne\n <\/li>\n<li>\n  Materia\u0142: Tworzywo sztuczne\n <\/li>\n<li>\n  Certyfikaty jako\u015bci: CE\n <\/li>\n<li>\n  Proces produkcji: Produkcja maszynowa\n <\/li>\n<li>\n  Napi\u0119cie: 110-220 V\n <\/li>\n<li>\n  Cz\u0119stotliwo\u015b\u0107: 50-60 Hz\n <\/li>\n<li>\n  Moc: 10 W\n <\/li>\n<li>\n  Waga: 800g\n <\/li>\n<\/ul>\n<h3>\n Przypadki u\u017cycia lub aplikacje:<br \/>\n<\/h3>\n<p>\n Ten wszechstronny produkt jest doskona\u0142y dla ka\u017cdego, kto chce poprawi\u0107 og\u00f3lny stan i wygl\u0105d sk\u00f3ry. Niezale\u017cnie od tego, czy zmagasz si\u0119 z uporczywym tr\u0105dzikiem, nieestetycznymi wypryskami, czy oznakami starzenia, takimi jak zmarszczki i zwiotczenie, nasze urz\u0105dzenie do twarzy Darsonval o wysokiej cz\u0119stotliwo\u015bci mo\u017ce zapewni\u0107 niezwyk\u0142e rezultaty. Ponadto, urz\u0105dzenie to jest r\u00f3wnie\u017c \u015bwietne do stymulowania wzrostu w\u0142os\u00f3w!\n<\/p>\n<h3>\n Jasna propozycja warto\u015bci:<br \/>\n<\/h3>\n<p>\n Dzi\u0119ki przeno\u015bnemu urz\u0105dzeniu do twarzy o wysokiej cz\u0119stotliwo\u015bci Darsonval nie tylko kupujesz produkt - inwestujesz w obietnic\u0119 zdrowszej, czystszej i m\u0142odziej wygl\u0105daj\u0105cej sk\u00f3ry. Po\u017cegnaj si\u0119 z drogimi wyjazdami do spa i przywitaj si\u0119 z profesjonaln\u0105 piel\u0119gnacj\u0105 sk\u00f3ry, a wszystko to w zaciszu w\u0142asnego domu. Przejmij kontrol\u0119 nad zdrowiem swojej sk\u00f3ry ju\u017c dzi\u015b!\n<\/p>\n<h3>\n Wezwanie do dzia\u0142ania:<br \/>\n<\/h3>\n<p>\n Rozpocznij swoj\u0105 podr\u00f3\u017c ku lepszej sk\u00f3rze ju\u017c dzi\u015b!<br \/>\n <strong><br \/>\n  Zam\u00f3w przeno\u015bne urz\u0105dzenie do twarzy o wysokiej cz\u0119stotliwo\u015bci Darsonval ju\u017c teraz, aby do\u015bwiadczy\u0107 transformacji piel\u0119gnacji sk\u00f3ry.<br \/>\n <\/strong><\/p>","protected":false},"excerpt":{"rendered":"<p>Do\u015bwiadcz m\u0142odzie\u0144czego blasku dzi\u0119ki przeno\u015bnemu urz\u0105dzeniu do twarzy o wysokiej cz\u0119stotliwo\u015bci Darsonval. Uporaj si\u0119 ze zmarszczkami, tr\u0105dzikiem i wzmocnij terapi\u0119 sk\u00f3ry w domu za pomoc\u0105 6 r\u00f3\u017cd\u017cek neonowych i argonowych. Dzia\u0142aj teraz, aby uzyska\u0107 promienn\u0105 sk\u00f3r\u0119!<\/p>","protected":false},"featured_media":8419,"comment_status":"open","ping_status":"closed","template":"","meta":[],"product_brand":[],"product_cat":[54],"product_tag":[],"class_list":{"0":"post-8205","1":"product","2":"type-product","3":"status-publish","4":"has-post-thumbnail","6":"product_cat-darsonval-device","8":"first","9":"instock","10":"sale","11":"shipping-taxable","12":"purchasable","13":"product-type-variable"},"jetpack_sharing_enabled":true,"_links":{"self":[{"href":"https:\/\/darsonval.store\/pl\/wp-json\/wp\/v2\/product\/8205","targetHints":{"allow":["GET"]}}],"collection":[{"href":"https:\/\/darsonval.store\/pl\/wp-json\/wp\/v2\/product"}],"about":[{"href":"https:\/\/darsonval.store\/pl\/wp-json\/wp\/v2\/types\/product"}],"replies":[{"embeddable":true,"href":"https:\/\/darsonval.store\/pl\/wp-json\/wp\/v2\/comments?post=8205"}],"wp:featuredmedia":[{"embeddable":true,"href":"https:\/\/darsonval.store\/pl\/wp-json\/wp\/v2\/media\/8419"}],"wp:attachment":[{"href":"https:\/\/darsonval.store\/pl\/wp-json\/wp\/v2\/media?parent=8205"}],"wp:term":[{"taxonomy":"product_brand","embeddable":true,"href":"https:\/\/darsonval.store\/pl\/wp-json\/wp\/v2\/product_brand?post=8205"},{"taxonomy":"product_cat","embeddable":true,"href":"https:\/\/darsonval.store\/pl\/wp-json\/wp\/v2\/product_cat?post=8205"},{"taxonomy":"product_tag","embeddable":true,"href":"https:\/\/darsonval.store\/pl\/wp-json\/wp\/v2\/product_tag?post=8205"}],"curies":[{"name":"wp","href":"https:\/\/api.w.org\/{rel}","templated":true}]}}