{"id":8154,"date":"2025-02-05T23:05:33","date_gmt":"2025-02-05T15:05:33","guid":{"rendered":"https:\/\/darsonval.store\/?post_type=product&#038;p=8154"},"modified":"2025-02-06T22:35:31","modified_gmt":"2025-02-06T14:35:31","slug":"darsonval-ultrasonic-facial-skin-scrubber-led-ion-light-therapy","status":"publish","type":"product","link":"https:\/\/darsonval.store\/pl\/p\/darsonval-ultrasonic-facial-skin-scrubber-led-ion-light-therapy\/","title":{"rendered":"Ultrad\u017awi\u0119kowy peeling do twarzy Darsonval - terapia \u015bwiat\u0142em jonowym LED"},"content":{"rendered":"<p>\n <img decoding=\"async\" alt=\"Leczenie tr\u0105dziku za pomoc\u0105 ultrad\u017awi\u0119kowego peelingu sk\u00f3ry DARSONVAL\" src=\"https:\/\/darsonval.store\/wp-content\/uploads\/2025\/02\/Acne_treatment_using_DARSONVAL_ultrasonic_skin_scrubber.webp\" \/><br \/>\n <img decoding=\"async\" alt=\"Urz\u0105dzenie DARSONVAL do liftingu i masa\u017cu twarzy\" src=\"https:\/\/darsonval.store\/wp-content\/uploads\/2025\/02\/DARSONVAL_device_for_face_lifting_and_massaging.webp\" \/><br \/>\n <img decoding=\"async\" alt=\"Elektryczny peeling do sk\u00f3ry tr\u0105dzikowej DARSONVAL\" src=\"https:\/\/darsonval.store\/wp-content\/uploads\/2025\/02\/DARSONVAL_electric_skin_scrubber_for_acne.webp\" \/><br \/>\n <img decoding=\"async\" alt=\"\u0141opatka do peelingu DARSONVAL do odm\u0142adzania sk\u00f3ry\" src=\"https:\/\/darsonval.store\/wp-content\/uploads\/2025\/02\/DARSONVAL_peel_shovel_for_skin_rejuvenation.webp\" \/><br \/>\n <img decoding=\"async\" alt=\"Elektryczne urz\u0105dzenie do oczyszczania twarzy w leczeniu tr\u0105dziku\" src=\"https:\/\/darsonval.store\/wp-content\/uploads\/2025\/02\/Electric_facial_cleansing_device_for_acne_treatment.webp\" \/><br \/>\n <img decoding=\"async\" alt=\"Masa\u017c liftinguj\u0105cy twarzy z ultrad\u017awi\u0119kowym oczyszczaniem por\u00f3w\" src=\"https:\/\/darsonval.store\/wp-content\/uploads\/2025\/02\/Face_lifting_massage_with_ultrasonic_pore_cleaner.webp\" \/><br \/>\n <img decoding=\"async\" alt=\"Peeling do sk\u00f3ry z terapi\u0105 \u015bwiat\u0142em jonowym firmy DARSONVAL\" src=\"https:\/\/darsonval.store\/wp-content\/uploads\/2025\/02\/Ion_light_therapy_skin_scrubber_by_DARSONVAL.webp\" \/><br \/>\n <img decoding=\"async\" alt=\"Urz\u0105dzenia do terapii \u015bwiat\u0142em jonowym LED do piel\u0119gnacji twarzy\" src=\"https:\/\/darsonval.store\/wp-content\/uploads\/2025\/02\/LED_Ion_light_therapy_devices_for_facial_care.webp\" \/><br \/>\n <img decoding=\"async\" alt=\"Odm\u0142adzanie sk\u00f3ry za pomoc\u0105 ultrad\u017awi\u0119kowego peelingu twarzy\" src=\"https:\/\/darsonval.store\/wp-content\/uploads\/2025\/02\/Skin_rejuvenation_with_ultrasonic_face_peeling_shovel.webp\" \/><br \/>\n <img decoding=\"async\" alt=\"Ultrad\u017awi\u0119kowy peeling do twarzy z terapi\u0105 \u015bwiat\u0142em LED\" src=\"https:\/\/darsonval.store\/wp-content\/uploads\/2025\/02\/Ultrasonic_facial_scrubber_with_LED_light_therapy.webp\" \/><br \/>\n <img decoding=\"async\" alt=\"Ultrad\u017awi\u0119kowy oczyszczacz sk\u00f3ry do g\u0142\u0119bokiego oczyszczania por\u00f3w\" src=\"https:\/\/darsonval.store\/wp-content\/uploads\/2025\/02\/Ultrasonic_skin_scrubber_for_deep_pore_cleaning.webp\" \/>\n<\/p>\n<h2>\n DARSONVAL Elektryczny peeling do twarzy: ultrad\u017awi\u0119kowy oczyszczaj\u0105cy pory tr\u0105dzik lifting twarzy masa\u017c LED terapia \u015bwiat\u0142em jonowym peeling \u0142opata<br \/>\n<\/h2>\n<p>\n Przedstawiamy kolejny krok naprz\u00f3d w piel\u0119gnacji sk\u00f3ry - elektryczny peeling do twarzy DARSONVAL. To rewitalizuj\u0105ce narz\u0119dzie zosta\u0142o zaprojektowane, aby pom\u00f3c sk\u00f3rze wygl\u0105da\u0107 i czu\u0107 si\u0119 jak najlepiej. Wykorzystuj\u0105c zaawansowan\u0105 technologi\u0119 ultrad\u017awi\u0119kow\u0105, ten peeling do twarzy zapewnia g\u0142\u0119bokie oczyszczenie, usuwaj\u0105c zanieczyszczenia z por\u00f3w i odm\u0142adzaj\u0105c sk\u00f3r\u0119. Niezale\u017cnie od tego, czy borykasz si\u0119 z tr\u0105dzikiem, szukasz masa\u017cu liftinguj\u0105cego twarz, czy po prostu chcesz ja\u015bniejszej, czystszej cery, peeling DARSONVAL jest dla Ciebie.\n<\/p>\n<h3>\n Kluczowe cechy i korzy\u015bci<br \/>\n<\/h3>\n<ul>\n<li>\n  G\u0142\u0119bokie oczyszczanie: Wibracje o wysokiej cz\u0119stotliwo\u015bci skutecznie oczyszczaj\u0105 sk\u00f3r\u0119, nadaj\u0105c jej jasny, l\u015bni\u0105cy i elastyczny wygl\u0105d.\n <\/li>\n<li>\n  Peeling sk\u00f3ry twarzy: Szpatu\u0142ka ze stali nierdzewnej 100% zapewnia bezpieczny i skuteczny peeling.\n <\/li>\n<li>\n  \u0141atwy w u\u017cyciu: Przyjazna dla u\u017cytkownika konstrukcja z wygodnym gniazdem \u0142adowania. Urz\u0105dzenie mo\u017cna \u0142adowa\u0107 za pomoc\u0105 kabla USB do transmisji danych, komputera, przeno\u015bnego \u017ar\u00f3d\u0142a zasilania lub \u0142adowarki do telefonu kom\u00f3rkowego.\n <\/li>\n<li>\n  Wy\u015bwietlacz LED: Zapewnia przejrzyst\u0105 i \u0142atw\u0105 nawigacj\u0119 po wszystkich funkcjach.\n <\/li>\n<li>\n  Terapia \u015bwiat\u0142em czerwonym i niebieskim: Niebieskie \u015bwiat\u0142o obkurcza pory i t\u0142umi aktywny tlen powoduj\u0105cy tr\u0105dzik, podczas gdy czerwone \u015bwiat\u0142o promuje kr\u0105\u017cenie krwi i stymuluje produkcj\u0119 kolagenu.\n <\/li>\n<li>\n  Ultrad\u017awi\u0119kowe wibracje o wysokiej cz\u0119stotliwo\u015bci: Atomizuje wod\u0119 w nanop\u0119cherzyki, zapewniaj\u0105c g\u0142\u0119bokie czyszczenie i wyg\u0142adzenie sk\u00f3ry.\n <\/li>\n<li>\n  Mikropr\u0105d EMS: Zwi\u0119ksza elastyczno\u015b\u0107 sk\u00f3ry i usuwa zmarszczki.\n <\/li>\n<li>\n  Jony dodatnie: Skutecznie usuwaj\u0105 zanieczyszczenia i zask\u00f3rniki.\n <\/li>\n<li>\n  Jony ujemne: Dostarczaj\u0105 sk\u0142adniki upi\u0119kszaj\u0105ce do g\u0142\u0119bokich warstw sk\u00f3ry.\n <\/li>\n<\/ul>\n<h3>\n Specyfikacja produktu<br \/>\n<\/h3>\n<ul>\n<li>\n  Materia\u0142: Akryl\n <\/li>\n<li>\n  Funkcje: Oczyszczanie twarzy, Napinanie sk\u00f3ry, Odm\u0142adzanie sk\u00f3ry, Nawil\u017canie sk\u00f3ry, Usuwanie martwego nask\u00f3rka\n <\/li>\n<li>\n  \u0179r\u00f3d\u0142o zasilania: Akumulator\n <\/li>\n<li>\n  Typ: Szczotka do mycia twarzy\n <\/li>\n<li>\n  Proces produkcji: Produkcja maszynowa\n <\/li>\n<li>\n  Zasada dzia\u0142ania: ION+ i ultrad\u017awi\u0119ki\n <\/li>\n<li>\n  Certyfikacja: CE\n <\/li>\n<li>\n  Napi\u0119cie robocze: 3,7 V\n <\/li>\n<li>\n  Moc znamionowa: 1,5 W\n <\/li>\n<li>\n  Rozmiar produktu: 170*55*18mm\n <\/li>\n<li>\n  Rozmiar opakowania: 220*63*40mm\n <\/li>\n<li>\n  Cz\u0119stotliwo\u015b\u0107: 20000 Hz\/S\n <\/li>\n<\/ul>\n<h3>\n Przypadki u\u017cycia\/aplikacje<br \/>\n<\/h3>\n<p>\n To innowacyjne narz\u0119dzie do piel\u0119gnacji sk\u00f3ry jest idealne dla ka\u017cdego, kto szuka prostego i skutecznego rozwi\u0105zania typowych problem\u00f3w sk\u00f3rnych. Niezale\u017cnie od tego, czy walczysz z tr\u0105dzikiem, chcesz o\u017cywi\u0107 matow\u0105 sk\u00f3r\u0119, czy d\u0105\u017cysz do uzyskania m\u0142odszej, zdrowiej wygl\u0105daj\u0105cej cery, DARSONVAL Electric Facial Skin Scrubber s\u0142u\u017cy jako kompleksowe rozwi\u0105zanie. Jego zaawansowane mo\u017cliwo\u015bci oczyszczania i odm\u0142adzania sprawiaj\u0105, \u017ce jest idealnym dodatkiem do ka\u017cdej rutyny piel\u0119gnacji sk\u00f3ry.\n<\/p>\n<h2>\n Propozycja warto\u015bci<br \/>\n<\/h2>\n<p>\n Elektryczny peeling do twarzy DARSONVAL oferuje niezr\u00f3wnan\u0105 warto\u015b\u0107, zapewniaj\u0105c profesjonaln\u0105 piel\u0119gnacj\u0119 sk\u00f3ry w zaciszu w\u0142asnego domu. Po co wydawa\u0107 pieni\u0105dze na drogie zabiegi spa, skoro mo\u017cna osi\u0105gn\u0105\u0107 takie same rezultaty w domu? Zainwestuj w zdrowie i pi\u0119kno swojej sk\u00f3ry ju\u017c dzi\u015b z DARSONVAL Electric Facial Skin Scrubber.\n<\/p>\n<h3>\n <strong><br \/>\n  Zam\u00f3w teraz! Ciesz si\u0119 czystsz\u0105 i zdrowsz\u0105 sk\u00f3r\u0105 ju\u017c dzi\u015b!<br \/>\n <\/strong><br \/>\n<\/h3>","protected":false},"excerpt":{"rendered":"<p>Odkryj sekret nieskazitelnej sk\u00f3ry z elektrycznym peelingiem do twarzy DARSONVAL! Wyposa\u017cony w technologi\u0119 ultrad\u017awi\u0119kow\u0105 i terapi\u0119 \u015bwiat\u0142em jonowym LED, oczyszcza pory i liftinguje sk\u00f3r\u0119. Osi\u0105gnij promienne pi\u0119kno ju\u017c teraz!<\/p>","protected":false},"featured_media":8496,"comment_status":"open","ping_status":"closed","template":"","meta":[],"product_brand":[],"product_cat":[53],"product_tag":[],"class_list":{"0":"post-8154","1":"product","2":"type-product","3":"status-publish","4":"has-post-thumbnail","6":"product_cat-darsonval-for-face","8":"first","9":"instock","10":"sale","11":"shipping-taxable","12":"purchasable","13":"product-type-variable"},"jetpack_sharing_enabled":true,"_links":{"self":[{"href":"https:\/\/darsonval.store\/pl\/wp-json\/wp\/v2\/product\/8154","targetHints":{"allow":["GET"]}}],"collection":[{"href":"https:\/\/darsonval.store\/pl\/wp-json\/wp\/v2\/product"}],"about":[{"href":"https:\/\/darsonval.store\/pl\/wp-json\/wp\/v2\/types\/product"}],"replies":[{"embeddable":true,"href":"https:\/\/darsonval.store\/pl\/wp-json\/wp\/v2\/comments?post=8154"}],"wp:featuredmedia":[{"embeddable":true,"href":"https:\/\/darsonval.store\/pl\/wp-json\/wp\/v2\/media\/8496"}],"wp:attachment":[{"href":"https:\/\/darsonval.store\/pl\/wp-json\/wp\/v2\/media?parent=8154"}],"wp:term":[{"taxonomy":"product_brand","embeddable":true,"href":"https:\/\/darsonval.store\/pl\/wp-json\/wp\/v2\/product_brand?post=8154"},{"taxonomy":"product_cat","embeddable":true,"href":"https:\/\/darsonval.store\/pl\/wp-json\/wp\/v2\/product_cat?post=8154"},{"taxonomy":"product_tag","embeddable":true,"href":"https:\/\/darsonval.store\/pl\/wp-json\/wp\/v2\/product_tag?post=8154"}],"curies":[{"name":"wp","href":"https:\/\/api.w.org\/{rel}","templated":true}]}}