{"id":8121,"date":"2025-02-05T23:05:21","date_gmt":"2025-02-05T15:05:21","guid":{"rendered":"https:\/\/darsonval.store\/?post_type=product&#038;p=8121"},"modified":"2025-02-06T22:35:39","modified_gmt":"2025-02-06T14:35:39","slug":"darsonval-high-frequency-facial-machine-acne-and-wrinkle-removing-spa-wand","status":"publish","type":"product","link":"https:\/\/darsonval.store\/pl\/p\/darsonval-high-frequency-facial-machine-acne-and-wrinkle-removing-spa-wand\/","title":{"rendered":"Urz\u0105dzenie do twarzy o wysokiej cz\u0119stotliwo\u015bci DARSONVAL - r\u00f3\u017cd\u017cka spa do usuwania tr\u0105dziku i zmarszczek"},"content":{"rendered":"<p>\n <img decoding=\"async\" alt=\"Narz\u0119dzie do leczenia tr\u0105dziku aparatem DARSONVAL\" src=\"https:\/\/darsonval.store\/wp-content\/uploads\/2025\/02\/Acne_treatment_tool_by_DARSONVAL_apparatus.webp\" \/><br \/>\n <img decoding=\"async\" alt=\"Urz\u0105dzenie do elektroterapii DARSONVAL do redukcji zmarszczek\" src=\"https:\/\/darsonval.store\/wp-content\/uploads\/2025\/02\/DARSONVAL_electrotherapy_device_for_wrinkle_reduction.webp\" \/><br \/>\n <img decoding=\"async\" alt=\"R\u00f3\u017cd\u017cka szklana Darsonval do elektroterapii twarzy\" src=\"https:\/\/darsonval.store\/wp-content\/uploads\/2025\/02\/Darsonval_glass_wand_for_facial_electrotherapy.webp\" \/><br \/>\n <img decoding=\"async\" alt=\"Maszyna do twarzy o wysokiej cz\u0119stotliwo\u015bci DARSONVAL do spa kosmetycznego\" src=\"https:\/\/darsonval.store\/wp-content\/uploads\/2025\/02\/DARSONVAL_high_frequency_facial_machine_for_beauty_spa.webp\" \/><br \/>\n <img decoding=\"async\" alt=\"Narz\u0119dzie wysokiej cz\u0119stotliwo\u015bci DARSONVAL do upi\u0119kszania sk\u00f3ry\" src=\"https:\/\/darsonval.store\/wp-content\/uploads\/2025\/02\/DARSONVAL_high_frequency_tool_for_skin_beautification.webp\" \/><br \/>\n <img decoding=\"async\" alt=\"R\u00f3\u017cd\u017cka do elektroterapii szklana Darsonval do zabieg\u00f3w kosmetycznych\" src=\"https:\/\/darsonval.store\/wp-content\/uploads\/2025\/02\/Electrotherapy_wand_glass_Darsonval_for_beauty_treatment.webp\" \/><br \/>\n <img decoding=\"async\" alt=\"Maszyna wysokiej cz\u0119stotliwo\u015bci do piel\u0119gnacji sk\u00f3ry i spa\" src=\"https:\/\/darsonval.store\/wp-content\/uploads\/2025\/02\/High_frequency_machine_for_skincare_and_beauty_spa.webp\" \/><br \/>\n <img decoding=\"async\" alt=\"Narz\u0119dzie do piel\u0119gnacji sk\u00f3ry o wysokiej cz\u0119stotliwo\u015bci do usuwania zmarszczek\" src=\"https:\/\/darsonval.store\/wp-content\/uploads\/2025\/02\/High_frequency_skin_care_tool_to_remove_wrinkles.webp\" \/><br \/>\n <img decoding=\"async\" alt=\"Odm\u0142adzanie sk\u00f3ry za pomoc\u0105 urz\u0105dzenia do twarzy DARSONVAL\" src=\"https:\/\/darsonval.store\/wp-content\/uploads\/2025\/02\/Skin_rejuvenation_with_DARSONVAL_facial_machine.webp\" \/><br \/>\n <img decoding=\"async\" alt=\"U\u017cywaj aparatu DARSONVAL do usuwania tr\u0105dziku\" src=\"https:\/\/darsonval.store\/wp-content\/uploads\/2025\/02\/Use_DARSONVAL_apparatus_for_acne_removal.webp\" \/>\n<\/p>\n<h2>\n Do\u015bwiadcz ostatecznego odm\u0142odzenia sk\u00f3ry dzi\u0119ki urz\u0105dzeniu do twarzy o wysokiej cz\u0119stotliwo\u015bci DARSONVAL Apparatus<br \/>\n<\/h2>\n<p>\n Odkryj naturalne pi\u0119kno swojej sk\u00f3ry i zachowaj m\u0142odzie\u0144czy blask dzi\u0119ki naszej maszynie do twarzy o wysokiej cz\u0119stotliwo\u015bci DARSONVAL Apparatus. To pomys\u0142owe urz\u0105dzenie zosta\u0142o zaprojektowane z my\u015bl\u0105 o zwalczaniu r\u00f3\u017cnych problem\u00f3w sk\u00f3rnych, od zmarszczek i tr\u0105dziku po matowo\u015b\u0107 i zwiotczenie, oferuj\u0105c luksus profesjonalnego zabiegu spa w domu.\n<\/p>\n<h3>\n Niezwyk\u0142e funkcje i korzy\u015bci<br \/>\n<\/h3>\n<ul>\n<li>\n  <strong><br \/>\n   Wielofunkcyjno\u015b\u0107:<br \/>\n  <\/strong><br \/>\n  Nasze urz\u0105dzenie mo\u017ce s\u0142u\u017cy\u0107 jako narz\u0119dzie do usuwania tr\u0105dziku i zmarszczek, zaspokajaj\u0105c w ten spos\u00f3b wiele potrzeb zwi\u0105zanych z piel\u0119gnacj\u0105 sk\u00f3ry.\n <\/li>\n<li>\n  <strong><br \/>\n   Elektroterapia o wysokiej cz\u0119stotliwo\u015bci:<br \/>\n  <\/strong><br \/>\n  Wytwarzaj\u0105c pr\u0105dy o wysokiej cz\u0119stotliwo\u015bci, urz\u0105dzenie to pomaga uspokoi\u0107 nerwy, poprawi\u0107 kr\u0105\u017cenie krwi, zwi\u0119kszy\u0107 metabolizm kom\u00f3rek i przyspieszy\u0107 gojenie si\u0119 ran.\n <\/li>\n<li>\n  <strong><br \/>\n   Napinanie sk\u00f3ry:<br \/>\n  <\/strong><br \/>\n  Aparat DARSONVAL pomaga w redukcji zmarszczek poprzez popraw\u0119 elastyczno\u015bci sk\u00f3ry, zapewniaj\u0105c j\u0119drniejsz\u0105, m\u0142odziej wygl\u0105daj\u0105c\u0105 sk\u00f3r\u0119.\n <\/li>\n<li>\n  <strong><br \/>\n   Usuwanie przebarwie\u0144:<br \/>\n  <\/strong><br \/>\n  Niezale\u017cnie od tego, czy s\u0105 to pryszcze, zask\u00f3rniki czy blizny, nasze urz\u0105dzenie skutecznie leczy je wszystkie, jednocze\u015bnie sterylizuj\u0105c bakterie, zapewniaj\u0105c zdrowsz\u0105 sk\u00f3r\u0119.\n <\/li>\n<li>\n  <strong><br \/>\n   Korzy\u015bci z piel\u0119gnacji w\u0142os\u00f3w:<br \/>\n  <\/strong><br \/>\n  Opr\u00f3cz odm\u0142adzania sk\u00f3ry, urz\u0105dzenie zwalcza r\u00f3wnie\u017c wypadanie w\u0142os\u00f3w i redukuje \u0142upie\u017c.\n <\/li>\n<\/ul>\n<h3>\n Specyfikacja produktu<br \/>\n<\/h3>\n<ul>\n<li>\n  Rozmiar: 23*15*5\n <\/li>\n<li>\n  \u0179r\u00f3d\u0142o zasilania: Elektryczne\n <\/li>\n<li>\n  Napi\u0119cie standardowe: 110 V\/220 V\n <\/li>\n<li>\n  Certyfikacja: CE\n <\/li>\n<li>\n  Kolor \u015bwiat\u0142a: pomara\u0144czowy\n <\/li>\n<li>\n  Cz\u0119stotliwo\u015b\u0107: 50-60 Hz\n <\/li>\n<li>\n  Moc: 10 W\n <\/li>\n<\/ul>\n<h3>\n Szerokie zastosowania<br \/>\n<\/h3>\n<p>\n Nasz aparat DARSONVAL mo\u017cna dostosowa\u0107 zar\u00f3wno do u\u017cytku w salonie, jak i w domu. Nadaje si\u0119 do twarzy, w\u0142os\u00f3w i cia\u0142a, oferuj\u0105c holistyczn\u0105 piel\u0119gnacj\u0119 od st\u00f3p do g\u0142\u00f3w. U\u017cywaj go regularnie, aby odkry\u0107 czystsz\u0105, g\u0142adsz\u0105 i bardziej \u017cyw\u0105 sk\u00f3r\u0119 i w\u0142osy.\n<\/p>\n<h3>\n Dlaczego warto wybra\u0107 urz\u0105dzenie do twarzy wysokiej cz\u0119stotliwo\u015bci DARSONVAL Apparatus?<br \/>\n<\/h3>\n<p>\n To urz\u0105dzenie do piel\u0119gnacji twarzy zapewnia idealn\u0105 r\u00f3wnowag\u0119 mi\u0119dzy wygod\u0105, skuteczno\u015bci\u0105 i bezpiecze\u0144stwem. Jego kompaktowy rozmiar u\u0142atwia przenoszenie i przechowywanie, a przyjazna dla u\u017cytkownika konstrukcja zapewnia \u0142atw\u0105 obs\u0142ug\u0119. Ciesz si\u0119 zaletami profesjonalnej r\u00f3\u017cd\u017cki do elektroterapii i szklanego D'arsonval w jednym produkcie, nie martwi\u0105c si\u0119 o potencjalne podra\u017cnienia sk\u00f3ry lub inne skutki uboczne. Ponadto oferujemy pe\u0142ny rok ochrony gwarancyjnej, zapewniaj\u0105c, \u017ce wszelkie problemy zostan\u0105 nale\u017cycie rozwi\u0105zane.\n<\/p>\n<h3>\n Gotowy na transformacj\u0119 sk\u00f3ry?<br \/>\n<\/h3>\n<p>\n Przywr\u00f3\u0107 witalno\u015b\u0107 swojej sk\u00f3rze i uzyskaj m\u0142odzie\u0144czy blask dzi\u0119ki naszemu urz\u0105dzeniu DARSONVAL Apparatus High Frequency Facial Machine. Zam\u00f3w ju\u017c dzi\u015b i wkrocz do \u015bwiata nieskazitelnej sk\u00f3ry i uderzaj\u0105cego pi\u0119kna!<\/p>","protected":false},"excerpt":{"rendered":"<p>Odkryj na nowo m\u0142odzie\u0144czy blask swojej sk\u00f3ry dzi\u0119ki urz\u0105dzeniu do twarzy o wysokiej cz\u0119stotliwo\u015bci firmy DARSONVAL. Wyeliminuj zmarszczki i zwalcz tr\u0105dzik bez wysi\u0142ku. Wkrocz w now\u0105 er\u0119 elektroterapii w zabiegach spa. Kliknij teraz, aby rozpocz\u0105\u0107 swoj\u0105 odm\u0142adzaj\u0105c\u0105 podr\u00f3\u017c!<\/p>","protected":false},"featured_media":8517,"comment_status":"open","ping_status":"closed","template":"","meta":[],"product_brand":[],"product_cat":[53],"product_tag":[],"class_list":{"0":"post-8121","1":"product","2":"type-product","3":"status-publish","4":"has-post-thumbnail","6":"product_cat-darsonval-for-face","8":"first","9":"instock","10":"sale","11":"shipping-taxable","12":"purchasable","13":"product-type-variable"},"jetpack_sharing_enabled":true,"_links":{"self":[{"href":"https:\/\/darsonval.store\/pl\/wp-json\/wp\/v2\/product\/8121","targetHints":{"allow":["GET"]}}],"collection":[{"href":"https:\/\/darsonval.store\/pl\/wp-json\/wp\/v2\/product"}],"about":[{"href":"https:\/\/darsonval.store\/pl\/wp-json\/wp\/v2\/types\/product"}],"replies":[{"embeddable":true,"href":"https:\/\/darsonval.store\/pl\/wp-json\/wp\/v2\/comments?post=8121"}],"wp:featuredmedia":[{"embeddable":true,"href":"https:\/\/darsonval.store\/pl\/wp-json\/wp\/v2\/media\/8517"}],"wp:attachment":[{"href":"https:\/\/darsonval.store\/pl\/wp-json\/wp\/v2\/media?parent=8121"}],"wp:term":[{"taxonomy":"product_brand","embeddable":true,"href":"https:\/\/darsonval.store\/pl\/wp-json\/wp\/v2\/product_brand?post=8121"},{"taxonomy":"product_cat","embeddable":true,"href":"https:\/\/darsonval.store\/pl\/wp-json\/wp\/v2\/product_cat?post=8121"},{"taxonomy":"product_tag","embeddable":true,"href":"https:\/\/darsonval.store\/pl\/wp-json\/wp\/v2\/product_tag?post=8121"}],"curies":[{"name":"wp","href":"https:\/\/api.w.org\/{rel}","templated":true}]}}