{"id":8074,"date":"2025-02-05T23:05:04","date_gmt":"2025-02-05T15:05:04","guid":{"rendered":"https:\/\/darsonval.store\/?post_type=product&#038;p=8074"},"modified":"2025-02-06T22:36:03","modified_gmt":"2025-02-06T14:36:03","slug":"darsonval-red-light-therapy-wand-high-frequency-acne-spot-remover","status":"publish","type":"product","link":"https:\/\/darsonval.store\/pl\/p\/darsonval-red-light-therapy-wand-high-frequency-acne-spot-remover\/","title":{"rendered":"R\u00f3\u017cd\u017cka do terapii czerwonym \u015bwiat\u0142em DARSONVAL - wysoka cz\u0119stotliwo\u015b\u0107, usuwanie plam potr\u0105dzikowych"},"content":{"rendered":"<p>\n <img decoding=\"async\" alt=\"Terapia czerwonym \u015bwiat\u0142em do usuwania tr\u0105dziku i zmarszczek\" src=\"https:\/\/darsonval.store\/wp-content\/uploads\/2025\/02\/Acne_and_wrinkle_remover_red_light_therapy.webp\" \/><br \/>\n <img decoding=\"async\" alt=\"Piel\u0119gnacja twarzy z wykorzystaniem terapii \u015bwiat\u0142em czerwonym\" src=\"https:\/\/darsonval.store\/wp-content\/uploads\/2025\/02\/Beauty_facial_care_using_red_light_therapy.webp\" \/><br \/>\n <img decoding=\"async\" alt=\"R\u00f3\u017cd\u017cka wysokiej cz\u0119stotliwo\u015bci DARSONVAL do piel\u0119gnacji urody\" src=\"https:\/\/darsonval.store\/wp-content\/uploads\/2025\/02\/DARSONVAL_high_frequency_wand_for_beauty_care.webp\" \/><br \/>\n <img decoding=\"async\" alt=\"Elektroterapia neonowa DARSONVAL do usuwania plam\" src=\"https:\/\/darsonval.store\/wp-content\/uploads\/2025\/02\/DARSONVAL_neon_electrotherapy_for_spot_removal.webp\" \/><br \/>\n <img decoding=\"async\" alt=\"Terapia czerwonym \u015bwiat\u0142em DARSONVAL na zmarszczki\" src=\"https:\/\/darsonval.store\/wp-content\/uploads\/2025\/02\/DARSONVAL_red_light_therapy_for_wrinkles.webp\" \/><br \/>\n <img decoding=\"async\" alt=\"Piel\u0119gnacja twarzy r\u00f3\u017cd\u017ck\u0105 wysokiej cz\u0119stotliwo\u015bci DARSONVAL\" src=\"https:\/\/darsonval.store\/wp-content\/uploads\/2025\/02\/Facial_care_with_DARSONVAL_high_frequency_wand.webp\" \/><br \/>\n <img decoding=\"async\" alt=\"R\u00f3\u017cd\u017cka wysokiej cz\u0119stotliwo\u015bci do piel\u0119gnacji twarzy\" src=\"https:\/\/darsonval.store\/wp-content\/uploads\/2025\/02\/High_frequency_wand_for_facial_care.webp\" \/><br \/>\n <img decoding=\"async\" alt=\"Neonowa szklana rurka do elektroterapii do usuwania tr\u0105dziku\" src=\"https:\/\/darsonval.store\/wp-content\/uploads\/2025\/02\/Neon_electrotherapy_glass_tube_acne_remover.webp\" \/>\n<\/p>\n<h2>\n Poznaj moc terapii \u015bwiat\u0142em z r\u00f3\u017cd\u017ck\u0105 wysokiej cz\u0119stotliwo\u015bci DARSONVAL<br \/>\n<\/h2>\n<p>\n Zrewitalizuj swoj\u0105 sk\u00f3r\u0119 i wzmocnij jej naturalny blask dzi\u0119ki naszej r\u00f3\u017cd\u017cce DARSONVAL High Frequency Wand Red Light Therapy Neon Electrotherapy Glass Tube Acne Spot Wrinkles Remover Beauty Facial Care. To wielofunkcyjne urz\u0105dzenie kosmetyczne wykorzystuje sprawdzon\u0105 moc terapeutyczn\u0105 terapii \u015bwiat\u0142em czerwonym, aby odm\u0142odzi\u0107 sk\u00f3r\u0119 i rozwi\u0105za\u0107 typowe problemy sk\u00f3rne, takie jak tr\u0105dzik i zmarszczki.\n<\/p>\n<h2>\n Kluczowe cechy i korzy\u015bci<br \/>\n<\/h2>\n<ul>\n<li>\n  <strong><br \/>\n   Odm\u0142adzanie sk\u00f3ry:<br \/>\n  <\/strong><br \/>\n  Ta r\u00f3\u017cd\u017cka o wysokiej cz\u0119stotliwo\u015bci wykorzystuje terapi\u0119 \u015bwiat\u0142em czerwonym, aby poprawi\u0107 metabolizm kom\u00f3rek sk\u00f3ry, przyspieszy\u0107 kr\u0105\u017cenie krwi i stymulowa\u0107 produkcj\u0119 kolagenu, zapewniaj\u0105c m\u0142odzie\u0144czy wygl\u0105d sk\u00f3ry.\n <\/li>\n<li>\n  <strong><br \/>\n   Redukcja tr\u0105dziku i zmarszczek:<br \/>\n  <\/strong><br \/>\n  Urz\u0105dzenie celuje w obszary problematyczne, redukuj\u0105c zar\u00f3wno tr\u0105dzik, jak i zmarszczki, pozostawiaj\u0105c g\u0142adk\u0105 i czyst\u0105 sk\u00f3r\u0119.\n <\/li>\n<li>\n  <strong><br \/>\n   Terapia dla opuchni\u0119tych oczu:<br \/>\n  <\/strong><br \/>\n  Zmniejsz stan zapalny i opuchlizn\u0119 wok\u00f3\u0142 oczu dzi\u0119ki delikatnej piel\u0119gnacji.\n <\/li>\n<li>\n  <strong><br \/>\n   Poprawa jako\u015bci w\u0142os\u00f3w:<br \/>\n  <\/strong><br \/>\n  Regularne stosowanie poprawia kondycj\u0119 sk\u00f3ry g\u0142owy i jako\u015b\u0107 w\u0142os\u00f3w.\n <\/li>\n<li>\n  <strong><br \/>\n   Przeno\u015bny i \u0142atwy w u\u017cyciu:<br \/>\n  <\/strong><br \/>\n  Jest wystarczaj\u0105co kompaktowy i lekki, aby obs\u0142ugiwa\u0107 go jedn\u0105 r\u0119k\u0105 i nadaje si\u0119 do u\u017cytku domowego lub podr\u00f3\u017cy.\n <\/li>\n<\/ul>\n<h3>\n Specyfikacja produktu<br \/>\n<\/h3>\n<ul>\n<li>\n  \u0179r\u00f3d\u0142o zasilania: Elektryczne\n <\/li>\n<li>\n  Materia\u0142y: Tworzywo ABS i szk\u0142o\n <\/li>\n<li>\n  Napi\u0119cie: AC100-240V, 50-60Hz\n <\/li>\n<li>\n  Rozmiar opakowania: 30x20x7CM\n <\/li>\n<li>\n  Certyfikacja: CE\n <\/li>\n<\/ul>\n<h2>\n Zastosowania<br \/>\n<\/h2>\n<p>\n Ta r\u00f3\u017cd\u017cka o wysokiej cz\u0119stotliwo\u015bci jest idealna dla ka\u017cdego, kto chce poprawi\u0107 zdrowie i wygl\u0105d swojej sk\u00f3ry. U\u017cywaj jej 2-3 razy w tygodniu przez 10-15 minut podczas ka\u017cdej sesji, aby uzyska\u0107 optymalne rezultaty. Niezale\u017cnie od tego, czy chcesz zmniejszy\u0107 stan zapalny, wysterylizowa\u0107 bakterie, czy zmniejszy\u0107 widoczne pory sk\u00f3ry, to narz\u0119dzie zapewni Ci ochron\u0119.\n<\/p>\n<h2>\n Propozycja warto\u015bci<br \/>\n<\/h2>\n<p>\n Po co zadowala\u0107 si\u0119 mniej, skoro mo\u017cna mie\u0107 to, co najlepsze? Nasza r\u00f3\u017cd\u017cka wysokiej cz\u0119stotliwo\u015bci DARSONVAL oferuje niezr\u00f3wnane odm\u0142adzanie i piel\u0119gnacj\u0119 sk\u00f3ry na wyci\u0105gni\u0119cie r\u0119ki. Dzi\u0119ki licznym zaletom i \u0142atwej w u\u017cyciu konstrukcji jest to doskona\u0142a inwestycja w osi\u0105gni\u0119cie zdrowszej i pi\u0119kniejszej sk\u00f3ry. Zdob\u0105d\u017a j\u0105 ju\u017c teraz!\n<\/p>\n<h2>\n Twoja sk\u00f3ra zas\u0142uguje na to, co najlepsze - zam\u00f3w teraz!<br \/>\n<\/h2>\n<p>\n Je\u015bli jeste\u015b gotowa, aby przenie\u015b\u0107 swoj\u0105 rutyn\u0119 piel\u0119gnacji sk\u00f3ry na wy\u017cszy poziom, kup r\u00f3\u017cd\u017ck\u0119 wysokiej cz\u0119stotliwo\u015bci DARSONVAL ju\u017c dzi\u015b! Do\u015bwiadcz jej pot\u0119\u017cnych efekt\u00f3w terapeutycznych na w\u0142asnej sk\u00f3rze - Twoja sk\u00f3ra b\u0119dzie Ci wdzi\u0119czna!<\/p>","protected":false},"excerpt":{"rendered":"<p>Do\u015bwiadcz rewolucyjnej piel\u0119gnacji sk\u00f3ry z r\u00f3\u017cd\u017ck\u0105 wysokiej cz\u0119stotliwo\u015bci DARSONVAL. Idealna do redukcji tr\u0105dziku, zmarszczek i poprawy witalno\u015bci sk\u00f3ry! Wypr\u00f3buj teraz, aby uzyska\u0107 m\u0142odzie\u0144czy blask.<\/p>","protected":false},"featured_media":8706,"comment_status":"open","ping_status":"closed","template":"","meta":[],"product_brand":[],"product_cat":[52],"product_tag":[],"class_list":{"0":"post-8074","1":"product","2":"type-product","3":"status-publish","4":"has-post-thumbnail","6":"product_cat-darsonval-for-hair","8":"first","9":"instock","10":"sale","11":"shipping-taxable","12":"purchasable","13":"product-type-variable"},"jetpack_sharing_enabled":true,"_links":{"self":[{"href":"https:\/\/darsonval.store\/pl\/wp-json\/wp\/v2\/product\/8074","targetHints":{"allow":["GET"]}}],"collection":[{"href":"https:\/\/darsonval.store\/pl\/wp-json\/wp\/v2\/product"}],"about":[{"href":"https:\/\/darsonval.store\/pl\/wp-json\/wp\/v2\/types\/product"}],"replies":[{"embeddable":true,"href":"https:\/\/darsonval.store\/pl\/wp-json\/wp\/v2\/comments?post=8074"}],"wp:featuredmedia":[{"embeddable":true,"href":"https:\/\/darsonval.store\/pl\/wp-json\/wp\/v2\/media\/8706"}],"wp:attachment":[{"href":"https:\/\/darsonval.store\/pl\/wp-json\/wp\/v2\/media?parent=8074"}],"wp:term":[{"taxonomy":"product_brand","embeddable":true,"href":"https:\/\/darsonval.store\/pl\/wp-json\/wp\/v2\/product_brand?post=8074"},{"taxonomy":"product_cat","embeddable":true,"href":"https:\/\/darsonval.store\/pl\/wp-json\/wp\/v2\/product_cat?post=8074"},{"taxonomy":"product_tag","embeddable":true,"href":"https:\/\/darsonval.store\/pl\/wp-json\/wp\/v2\/product_tag?post=8074"}],"curies":[{"name":"wp","href":"https:\/\/api.w.org\/{rel}","templated":true}]}}