{"id":8014,"date":"2025-02-05T23:04:37","date_gmt":"2025-02-05T15:04:37","guid":{"rendered":"https:\/\/darsonval.store\/?post_type=product&#038;p=8014"},"modified":"2025-02-06T22:36:14","modified_gmt":"2025-02-06T14:36:14","slug":"invisible-v-shape-facial-lift-tape-40-piece-set-anti-wrinkle-and-sagging-skin-solution","status":"publish","type":"product","link":"https:\/\/darsonval.store\/pl\/p\/invisible-v-shape-facial-lift-tape-40-piece-set-anti-wrinkle-and-sagging-skin-solution\/","title":{"rendered":"Niewidoczna ta\u015bma liftinguj\u0105ca do twarzy w kszta\u0142cie litery V - 40-cz\u0119\u015bciowy zestaw, rozwi\u0105zanie przeciwzmarszczkowe i na zwiotcza\u0142\u0105 sk\u00f3r\u0119"},"content":{"rendered":"<p>\n <img decoding=\"async\" alt=\"Zestaw 40 sztuk niewidzialnych naklejek do liftingu twarzy\" src=\"https:\/\/darsonval.store\/wp-content\/uploads\/2025\/02\/40pcs_set_invisible_face_lift_stickers.webp\" \/><br \/>\n <img decoding=\"async\" alt=\"Ta\u015bmy samoprzylepne do korekcji linii twarzy\" src=\"https:\/\/darsonval.store\/wp-content\/uploads\/2025\/02\/Adhesive_tapes_for_facial_line_correction.webp\" \/><br \/>\n <img decoding=\"async\" alt=\"Skuteczne rozwi\u0105zanie dla liftingu zwiotcza\u0142ej sk\u00f3ry twarzy\" src=\"https:\/\/darsonval.store\/wp-content\/uploads\/2025\/02\/Effective_solution_for_sagging_skin_face_lift.webp\" \/><br \/>\n <img decoding=\"async\" alt=\"Stosowanie ta\u015bm samoprzylepnych do podnoszenia twarzy\" src=\"https:\/\/darsonval.store\/wp-content\/uploads\/2025\/02\/Use_of_adhesive_tapes_for_face_uplift.webp\" \/><br \/>\n <img decoding=\"async\" alt=\"Naklejki redukuj\u0105ce zmarszczki na twarzy w kszta\u0142cie litery V\" src=\"https:\/\/darsonval.store\/wp-content\/uploads\/2025\/02\/V-shape_facial_wrinkle_reduction_stickers.webp\" \/>\n<\/p>\n<h2>\n 40 sztuk \/ zestaw do makija\u017cu Niewidoczne naklejki na twarz w kszta\u0142cie litery V Linia twarzy Zmarszczki Obwis\u0142a sk\u00f3ra Twarz Podnie\u015b podbr\u00f3dek Ta\u015bmy samoprzylepne do twarzy<br \/>\n<\/h2>\n<p>\n 40Pcs\/Set Makeup Invisible Face Stickers V-Shape Facial Line Wrinkle Sagging SkinFace Lift Up Chin Adhesive Tapes For Face to rewolucyjne narz\u0119dzie kosmetyczne zaprojektowane, aby nada\u0107 twarzy idealny lifting. Te niewidoczne ta\u015bmy samoprzylepne s\u0105 fachowo wykonane, aby pom\u00f3c wyeliminowa\u0107 zmarszczki, zmieni\u0107 kszta\u0142t linii twarzy i podnie\u015b\u0107 obwis\u0142\u0105 sk\u00f3r\u0119, aby uzyska\u0107 m\u0142odszy, \u015bwie\u017cszy wygl\u0105d.\n<\/p>\n<h3>\n <strong><br \/>\n  Kluczowe cechy i korzy\u015bci:<br \/>\n <\/strong><br \/>\n<\/h3>\n<ul>\n<li>\n  Kreator twarzy w kszta\u0142cie litery V: Naklejki te nie tylko podnosz\u0105 zwiotcza\u0142\u0105 sk\u00f3r\u0119, ale tak\u017ce tworz\u0105 idealny kszta\u0142t litery V na twarzy.\n <\/li>\n<li>\n  Wysokiej jako\u015bci materia\u0142: Wykonane z wysokiej jako\u015bci materia\u0142u PVC, kt\u00f3ry jest mi\u0119kki w dotyku, elastyczny i delikatny dla sk\u00f3ry.\n <\/li>\n<li>\n  \u0141atwa aplikacja: Opaski liftinguj\u0105ce do twarzy s\u0105 \u0142atwe w u\u017cyciu i odpowiednie dla wszystkich rodzaj\u00f3w sk\u00f3ry.\n <\/li>\n<li>\n  Wielofunkcyjno\u015b\u0107: Plastry te mog\u0105 by\u0107 stosowane na r\u00f3\u017cnych cz\u0119\u015bciach twarzy, takich jak podbr\u00f3dek, szyja i oczy, aby usun\u0105\u0107 zmarszczki i uj\u0119drni\u0107 sk\u00f3r\u0119.\n <\/li>\n<\/ul>\n<h3>\n <strong><br \/>\n  Specyfikacja produktu:<br \/>\n <\/strong><br \/>\n<\/h3>\n<ul>\n<li>\n  Liczba sztuk: Combo\n <\/li>\n<li>\n  \u0179r\u00f3d\u0142o zasilania: Brak\n <\/li>\n<li>\n  Ilo\u015b\u0107 ta\u015bmy: 40szt.\n <\/li>\n<li>\n  Kolory sznurka: Czarny\n <\/li>\n<li>\n  Ta\u015bma samoprzylepna: Mocna\n <\/li>\n<li>\n  Opakowanie: 40 sztuk +3 sznurki\n <\/li>\n<li>\n  Funkcja: Podnoszenie w celu usuni\u0119cia zmarszczek\n <\/li>\n<li>\n  Zastosowanie: Lisie oczy\n <\/li>\n<li>\n  Kolory ta\u015bmy: Przezroczysty\n <\/li>\n<\/ul>\n<h3>\n <strong><br \/>\n  Przypadki u\u017cycia\/zastosowania:<br \/>\n <\/strong><br \/>\n<\/h3>\n<p>\n Zestaw 40 sztuk niewidocznych naklejek do makija\u017cu twarzy jest idealny na specjalne okazje, takie jak wesela, zjazdy, modelowanie, zdj\u0119cia lub podr\u00f3\u017ce. Przydaj\u0105 si\u0119 r\u00f3wnie\u017c do codziennego u\u017cytku, gdy chcesz czu\u0107 si\u0119 pewnie i pi\u0119knie. Zapewniaj\u0105 natychmiastowy lifting twarzy, dzi\u0119ki czemu wygl\u0105dasz o lata m\u0142odziej.\n<\/p>\n<h3>\n <strong><br \/>\n  Propozycja warto\u015bci:<br \/>\n <\/strong><br \/>\n<\/h3>\n<p>\n Nasz 40Pcs\/Set Makeup Invisible Face Stickers V-Shape Facial Line Wrinkle Sagging SkinFace Lift Up Chin Adhesive Tapes For Face oferuje naturaln\u0105 i niechirurgiczn\u0105 opcj\u0119 redukcji zmarszczek, obwis\u0142ej sk\u00f3ry i uzyskania twarzy w kszta\u0142cie litery V. S\u0105 \u0142atwe w aplikacji, bezpieczne dla wszystkich rodzaj\u00f3w sk\u00f3ry i zapewniaj\u0105 niezawodne rezultaty. Zapewnij swojej twarzy lifting, na jaki zas\u0142uguje!\n<\/p>\n<h4>\n <strong><br \/>\n  Kup teraz i poczuj r\u00f3\u017cnic\u0119!<br \/>\n <\/strong><br \/>\n<\/h4>","protected":false},"excerpt":{"rendered":"<p>Do\u015bwiadcz magii naszych 40 sztuk \/ zestaw niewidocznych naklejek do makija\u017cu twarzy, aby uzyska\u0107 \u017cywy, m\u0142odzie\u0144czy wygl\u0105d. Po\u017cegnaj si\u0119 z obwis\u0142\u0105 sk\u00f3r\u0105 i zmarszczkami dzi\u0119ki naszej unikalnej konstrukcji w kszta\u0142cie litery V. Kliknij teraz, aby odm\u0142odzi\u0107 linie twarzy ju\u017c dzi\u015b!<\/p>","protected":false},"featured_media":8787,"comment_status":"open","ping_status":"closed","template":"","meta":[],"product_brand":[],"product_cat":[53],"product_tag":[],"class_list":{"0":"post-8014","1":"product","2":"type-product","3":"status-publish","4":"has-post-thumbnail","6":"product_cat-darsonval-for-face","8":"first","9":"instock","10":"sale","11":"shipping-taxable","12":"purchasable","13":"product-type-variable"},"jetpack_sharing_enabled":true,"_links":{"self":[{"href":"https:\/\/darsonval.store\/pl\/wp-json\/wp\/v2\/product\/8014","targetHints":{"allow":["GET"]}}],"collection":[{"href":"https:\/\/darsonval.store\/pl\/wp-json\/wp\/v2\/product"}],"about":[{"href":"https:\/\/darsonval.store\/pl\/wp-json\/wp\/v2\/types\/product"}],"replies":[{"embeddable":true,"href":"https:\/\/darsonval.store\/pl\/wp-json\/wp\/v2\/comments?post=8014"}],"wp:featuredmedia":[{"embeddable":true,"href":"https:\/\/darsonval.store\/pl\/wp-json\/wp\/v2\/media\/8787"}],"wp:attachment":[{"href":"https:\/\/darsonval.store\/pl\/wp-json\/wp\/v2\/media?parent=8014"}],"wp:term":[{"taxonomy":"product_brand","embeddable":true,"href":"https:\/\/darsonval.store\/pl\/wp-json\/wp\/v2\/product_brand?post=8014"},{"taxonomy":"product_cat","embeddable":true,"href":"https:\/\/darsonval.store\/pl\/wp-json\/wp\/v2\/product_cat?post=8014"},{"taxonomy":"product_tag","embeddable":true,"href":"https:\/\/darsonval.store\/pl\/wp-json\/wp\/v2\/product_tag?post=8014"}],"curies":[{"name":"wp","href":"https:\/\/api.w.org\/{rel}","templated":true}]}}