{"id":7909,"date":"2025-02-05T23:03:50","date_gmt":"2025-02-05T15:03:50","guid":{"rendered":"https:\/\/darsonval.store\/?post_type=product&#038;p=7909"},"modified":"2025-02-06T22:36:51","modified_gmt":"2025-02-06T14:36:51","slug":"darsonval-4pcs-high-frequency-facial-electrode-set-purple-light-skin-care","status":"publish","type":"product","link":"https:\/\/darsonval.store\/pl\/p\/darsonval-4pcs-high-frequency-facial-electrode-set-purple-light-skin-care\/","title":{"rendered":"DARSONVAL 4-cz\u0119\u015bciowy zestaw elektrod do twarzy o wysokiej cz\u0119stotliwo\u015bci - fioletowe \u015bwiat\u0142o do piel\u0119gnacji sk\u00f3ry"},"content":{"rendered":"<p>\n <img decoding=\"async\" alt=\"4szt DARSONVAL Elektrody grzybkowe do twarzy\" src=\"https:\/\/darsonval.store\/wp-content\/uploads\/2025\/02\/4Pcs_DARSONVAL_Facial_Mushroom_Electrodes.webp\" \/><br \/>\n <img decoding=\"async\" alt=\"Masa\u017cer do twarzy wysokiej cz\u0119stotliwo\u015bci DARSONVAL Zdj\u0119cia\" src=\"https:\/\/darsonval.store\/wp-content\/uploads\/2025\/02\/DARSONVAL_High_Frequency_Facial_Massager_Images.webp\" \/><br \/>\n <img decoding=\"async\" alt=\"Rurki z dyszami elektrod do urz\u0105dze\u0144 do piel\u0119gnacji sk\u00f3ry\" src=\"https:\/\/darsonval.store\/wp-content\/uploads\/2025\/02\/Electrode_Nozzle_Tubes_for_Skin_Care_Devices.webp\" \/><br \/>\n <img decoding=\"async\" alt=\"Zdj\u0119cia masa\u017cera do twarzy Purple Light\" src=\"https:\/\/darsonval.store\/wp-content\/uploads\/2025\/02\/Pictures_of_Purple_Light_Face_Massager.webp\" \/>\n<\/p>\n<h2>\n DARSONVAL 4Pcs Wysoka cz\u0119stotliwo\u015b\u0107 Elektroda do twarzy Dysza do twarzy Rurki do masa\u017cu twarzy Fioletowe \u015bwiat\u0142o Urz\u0105dzenie do piel\u0119gnacji sk\u00f3ry twarzy<br \/>\n<\/h2>\n<p>\n Do\u015bwiadcz mocy zabieg\u00f3w na twarz o wysokiej cz\u0119stotliwo\u015bci na wyci\u0105gni\u0119cie r\u0119ki dzi\u0119ki naszym DARSONVAL 4Pcs High Frequency Facial Mushroom Electrode Nozzle Attachment Tubes. Zaprojektowane z my\u015bl\u0105 o r\u00f3\u017cnych stanach sk\u00f3ry, to innowacyjne urz\u0105dzenie zapewnia salonow\u0105 jako\u015b\u0107 piel\u0119gnacji sk\u00f3ry w zaciszu w\u0142asnego domu. Prosty, ale skuteczny masa\u017cer twarzy emituje koj\u0105ce fioletowe \u015bwiat\u0142o, zapewniaj\u0105c dodatkowe korzy\u015bci terapeutyczne.\n<\/p>\n<h3>\n Kluczowe cechy i korzy\u015bci:<br \/>\n<\/h3>\n<ul>\n<li>\n  <strong><br \/>\n   Zabiegi o wysokiej cz\u0119stotliwo\u015bci:<br \/>\n  <\/strong><br \/>\n  Zaawansowana technologia poprawia koloryt, elastyczno\u015b\u0107 i og\u00f3lny wygl\u0105d sk\u00f3ry.\n <\/li>\n<li>\n  <strong><br \/>\n   Dysze elektrod grzybkowych:<br \/>\n  <\/strong><br \/>\n  Zapewnia jednolity obszar zabiegowy, umo\u017cliwiaj\u0105c kompleksow\u0105 piel\u0119gnacj\u0119 sk\u00f3ry.\n <\/li>\n<li>\n  <strong><br \/>\n   Terapia \u015bwiat\u0142em fioletowym:<br \/>\n  <\/strong><br \/>\n  Znany z \u0142agodzenia podra\u017cnie\u0144 i stan\u00f3w zapalnych, promowania kr\u0105\u017cenia i produkcji kolagenu.\n <\/li>\n<li>\n  <strong><br \/>\n   Konstrukcja przyjazna dla u\u017cytkownika:<br \/>\n  <\/strong><br \/>\n  \u0141atwy w u\u017cyciu i obs\u0142udze, dzi\u0119ki czemu idealnie nadaje si\u0119 do osobistej piel\u0119gnacji sk\u00f3ry w domu.\n <\/li>\n<\/ul>\n<h3>\n Specyfikacja produktu:<br \/>\n<\/h3>\n<ul>\n<li>\n  Liczba sztuk: Jedna sztuka\n <\/li>\n<li>\n  Rozmiar: Garnitur\n <\/li>\n<li>\n  \u0179r\u00f3d\u0142o zasilania: Brak elektryczno\u015bci\n <\/li>\n<li>\n  Materia\u0142: Tworzywo sztuczne\n <\/li>\n<li>\n  Funkcja: Napinanie sk\u00f3ry\n <\/li>\n<li>\n  Typ elementu: Szczotka\n <\/li>\n<\/ul>\n<h3>\n Przypadki u\u017cycia lub aplikacje:<br \/>\n<\/h3>\n<p>\n Rurki do elektrod grzybkowych DARSONVAL s\u0105 idealne dla ka\u017cdego, kto szuka niedrogiego, skutecznego rozwi\u0105zania r\u00f3\u017cnych problem\u00f3w sk\u00f3rnych. S\u0105 idealne dla os\u00f3b ze sk\u00f3r\u0105 tr\u0105dzikow\u0105, poniewa\u017c zabieg o wysokiej cz\u0119stotliwo\u015bci pomaga w zwalczaniu bakterii wywo\u0142uj\u0105cych tr\u0105dzik. Ponadto mog\u0105 by\u0107 stosowane przez osoby, kt\u00f3re chc\u0105 uzyska\u0107 j\u0119drniejsz\u0105, bardziej napi\u0119t\u0105 sk\u00f3r\u0119, poniewa\u017c stymuluj\u0105 produkcj\u0119 kolagenu, promuj\u0105c elastyczno\u015b\u0107 sk\u00f3ry.\n<\/p>\n<h3>\n Propozycja warto\u015bci:<br \/>\n<\/h3>\n<p>\n Zainwestuj w DARSONVAL 4Pcs High Frequency Facial Mushroom Electrode Nozzle Attachment Tubes Face Massager ju\u017c dzi\u015b i zr\u00f3b znacz\u0105cy krok w kierunku zdrowszej, bardziej promiennej sk\u00f3ry. \u0141atwo\u015b\u0107 u\u017cytkowania w po\u0142\u0105czeniu ze sprawdzonymi rezultatami sprawia, \u017ce jest to nieoceniony dodatek do ka\u017cdej rutyny piel\u0119gnacji sk\u00f3ry. Nie przegap szansy na profesjonaln\u0105 piel\u0119gnacj\u0119 sk\u00f3ry we w\u0142asnych r\u0119kach.\n<\/p>\n<p>\n <a href=\"#\"><br \/>\n  Zam\u00f3w urz\u0105dzenie wysokiej cz\u0119stotliwo\u015bci DARSONVAL ju\u017c dzi\u015b i spraw, by problemy ze sk\u00f3r\u0105 sta\u0142y si\u0119 przesz\u0142o\u015bci\u0105!<br \/>\n <\/a><\/p>","protected":false},"excerpt":{"rendered":"<p>Do\u015bwiadcz odm\u0142adzaj\u0105cej magii dyszy do elektrod grzybkowych do twarzy o wysokiej cz\u0119stotliwo\u015bci firmy DARSONVAL! Nasz 4-cz\u0119\u015bciowy zestaw nasadek z technologi\u0105 fioletowego \u015bwiat\u0142a rewitalizuje sk\u00f3r\u0119. Kliknij teraz, aby odkry\u0107 swoj\u0105 promienn\u0105 cer\u0119.<\/p>","protected":false},"featured_media":8967,"comment_status":"open","ping_status":"closed","template":"","meta":[],"product_brand":[],"product_cat":[53],"product_tag":[],"class_list":{"0":"post-7909","1":"product","2":"type-product","3":"status-publish","4":"has-post-thumbnail","6":"product_cat-darsonval-for-face","8":"first","9":"instock","10":"sale","11":"shipping-taxable","12":"purchasable","13":"product-type-variable"},"jetpack_sharing_enabled":true,"_links":{"self":[{"href":"https:\/\/darsonval.store\/pl\/wp-json\/wp\/v2\/product\/7909","targetHints":{"allow":["GET"]}}],"collection":[{"href":"https:\/\/darsonval.store\/pl\/wp-json\/wp\/v2\/product"}],"about":[{"href":"https:\/\/darsonval.store\/pl\/wp-json\/wp\/v2\/types\/product"}],"replies":[{"embeddable":true,"href":"https:\/\/darsonval.store\/pl\/wp-json\/wp\/v2\/comments?post=7909"}],"wp:featuredmedia":[{"embeddable":true,"href":"https:\/\/darsonval.store\/pl\/wp-json\/wp\/v2\/media\/8967"}],"wp:attachment":[{"href":"https:\/\/darsonval.store\/pl\/wp-json\/wp\/v2\/media?parent=7909"}],"wp:term":[{"taxonomy":"product_brand","embeddable":true,"href":"https:\/\/darsonval.store\/pl\/wp-json\/wp\/v2\/product_brand?post=7909"},{"taxonomy":"product_cat","embeddable":true,"href":"https:\/\/darsonval.store\/pl\/wp-json\/wp\/v2\/product_cat?post=7909"},{"taxonomy":"product_tag","embeddable":true,"href":"https:\/\/darsonval.store\/pl\/wp-json\/wp\/v2\/product_tag?post=7909"}],"curies":[{"name":"wp","href":"https:\/\/api.w.org\/{rel}","templated":true}]}}