{"id":7881,"date":"2025-02-05T23:03:38","date_gmt":"2025-02-05T15:03:38","guid":{"rendered":"https:\/\/darsonval.store\/?post_type=product&#038;p=7881"},"modified":"2025-02-06T22:36:59","modified_gmt":"2025-02-06T14:36:59","slug":"darsonval-3-in-1-automatic-rotating-hair-dryer-brush-anion-multifunction","status":"publish","type":"product","link":"https:\/\/darsonval.store\/pl\/p\/darsonval-3-in-1-automatic-rotating-hair-dryer-brush-anion-multifunction\/","title":{"rendered":"DARSONVAL 3 w 1 automatyczna obrotowa szczotka do w\u0142os\u00f3w - anionowa, wielofunkcyjna"},"content":{"rendered":"<p>\n <img decoding=\"async\" alt=\"DARSONVAL automatyczna obrotowa szczotka na gor\u0105ce powietrze obrazy\" src=\"https:\/\/darsonval.store\/wp-content\/uploads\/2025\/02\/DARSONVAL_automatic_rotating_hot_air_brush_images.webp\" \/><br \/>\n <img decoding=\"async\" alt=\"DARSONVAL grzebie\u0144 elektryczny wielofunkcyjny szczotka anionowa zdj\u0119cia\" src=\"https:\/\/darsonval.store\/wp-content\/uploads\/2025\/02\/DARSONVAL_electric_comb_multifunction_anion_brush_photos.webp\" \/><br \/>\n <img decoding=\"async\" alt=\"Szczotka na gor\u0105ce powietrze DARSONVAL do skutecznego kr\u0119cenia lok\u00f3w\" src=\"https:\/\/darsonval.store\/wp-content\/uploads\/2025\/02\/DARSONVAL_hot_air_brush_effective_curling_images.webp\" \/><br \/>\n <img decoding=\"async\" alt=\"Obrazy p\u0119dzla DARSONVAL z wieloma funkcjami\" src=\"https:\/\/darsonval.store\/wp-content\/uploads\/2025\/02\/Images_of_DARSONVAL_brush_with_multiple_functions.webp\" \/><br \/>\n <img decoding=\"async\" alt=\"Zdj\u0119cia lok\u00f3wki do w\u0142os\u00f3w DARSONVAL\" src=\"https:\/\/darsonval.store\/wp-content\/uploads\/2025\/02\/Images_of_DARSONVAL_hair_curling_tool.webp\" \/><br \/>\n <img decoding=\"async\" alt=\"Zdj\u0119cia automatycznej szczotki do stylizacji w\u0142os\u00f3w DARSONVAL\" src=\"https:\/\/darsonval.store\/wp-content\/uploads\/2025\/02\/Photos_of_DARSONVAL_automated_styling_hair_brush.webp\" \/><br \/>\n <img decoding=\"async\" alt=\"Zdj\u0119cia szczotki do suszarki do w\u0142os\u00f3w DARSONVAL 3 w 1\" src=\"https:\/\/darsonval.store\/wp-content\/uploads\/2025\/02\/Pictures_of_DARSONVAL_3_in_1_hair_dryer_brush.webp\" \/><br \/>\n <img decoding=\"async\" alt=\"Obrotowa szczotka na gor\u0105ce powietrze wed\u0142ug zdj\u0119\u0107 DARSONVAL\" src=\"https:\/\/darsonval.store\/wp-content\/uploads\/2025\/02\/Rotating_hot_air_brush_by_DARSONVAL_images.webp\" \/><br \/>\n <img decoding=\"async\" alt=\"Wizualizacje szczotki DARSONVAL do obszernych lok\u00f3w\" src=\"https:\/\/darsonval.store\/wp-content\/uploads\/2025\/02\/Visuals_of_DARSONVAL_brush_for_voluminous_curls.webp\" \/>\n<\/p>\n<h2>\n Przedstawiamy rewolucyjn\u0105 szczotk\u0119 do w\u0142os\u00f3w DARSONVAL 3 w 1<br \/>\n<\/h2>\n<p>\n Je\u015bli szukasz wszechstronnego rozwi\u0105zania do stylizacji w\u0142os\u00f3w, kt\u00f3re zapewnia rezultaty na poziomie salonu, szczotka do w\u0142os\u00f3w DARSONVAL 3 w 1 jest w\u0142a\u015bnie tym, czego potrzebujesz. To wielofunkcyjne narz\u0119dzie suszy, rozczesuje, kr\u0119ci i prostuje w\u0142osy, jednocze\u015bnie dodaj\u0105c im obj\u0119to\u015bci i blasku dzi\u0119ki opatentowanej technologii Anion.\n<\/p>\n<h2>\n Niesamowite funkcje i korzy\u015bci<br \/>\n<\/h2>\n<p>\n Szczotka do suszarki do w\u0142os\u00f3w DARSONVAL 3 w 1 umo\u017cliwia:\n<\/p>\n<ul>\n<li>\n  Oszcz\u0119dno\u015b\u0107 czasu i energii dzi\u0119ki automatycznej obrotowej szczotce z gor\u0105cym powietrzem i elektrycznemu grzebieniowi\n <\/li>\n<li>\n  Uzyskaj idealne loki lub g\u0142adkie, proste w\u0142osy dzi\u0119ki funkcji automatycznego kr\u0119cenia 360\u00b0.\n <\/li>\n<li>\n  Zminimalizuj uszkodzenia termiczne i zmaksymalizuj po\u0142ysk dzi\u0119ki technologii jon\u00f3w ujemnych\n <\/li>\n<li>\n  \u0141atwe dostosowanie ustawie\u0144 temperatury do potrzeb w\u0142os\u00f3w\n <\/li>\n<li>\n  Bezproblemowa obs\u0142uga dzi\u0119ki 1,8-metrowemu, obracaj\u0105cemu si\u0119 o 360\u00b0 przewodowi zasilaj\u0105cemu\n <\/li>\n<\/ul>\n<h2>\n Specyfikacja produktu<br \/>\n<\/h2>\n<ul>\n<li>\n  Funkcje: Para, ION-, Termostat, Napi\u0119cie mi\u0119dzynarodowe, Zabezpieczenie przed poparzeniem\n <\/li>\n<li>\n  Certyfikacja: CE\n <\/li>\n<li>\n  Materia\u0142 ostrza: Stop aluminium\n <\/li>\n<li>\n  Czas u\u017cytkowania: 45 minut\n <\/li>\n<li>\n  Napi\u0119cie: Global Universal(100-240V)\n <\/li>\n<li>\n  Docelowi odbiorcy: Doro\u015bli\n <\/li>\n<li>\n  Typ zasilania: Akumulator\n <\/li>\n<li>\n  Nazwa produktu: Szczotka na gor\u0105ce powietrze\n <\/li>\n<li>\n  Cechy: Suszarka do w\u0142os\u00f3w z grzebieniem, Obrotowa szczotka z gor\u0105cym powietrzem\n <\/li>\n<\/ul>\n<h2>\n Idealny do wielu zastosowa\u0144<br \/>\n<\/h2>\n<p>\n Niezale\u017cnie od tego, czy przygotowujesz si\u0119 do dnia w pracy, czy do wieczornego wyj\u015bcia na miasto, szczotka do w\u0142os\u00f3w DARSONVAL 3 w 1 jest najlepszym towarzyszem urody. Jej wszechstronno\u015b\u0107 i \u0142atwo\u015b\u0107 u\u017cycia sprawiaj\u0105, \u017ce jest idealna zar\u00f3wno dla pocz\u0105tkuj\u0105cych, jak i do\u015bwiadczonych stylist\u00f3w.\n<\/p>\n<h2>\n Najlepsze rozwi\u0105zanie do stylizacji w\u0142os\u00f3w<br \/>\n<\/h2>\n<p>\n Szczotka do w\u0142os\u00f3w DARSONVAL 3 w 1 oferuje wygod\u0119 suszarki do w\u0142os\u00f3w, grzebienia i szczotki do lok\u00f3w w jednym por\u0119cznym urz\u0105dzeniu. Dzi\u0119ki temu innowacyjnemu produktowi nie musisz ju\u017c prze\u0142\u0105cza\u0107 si\u0119 mi\u0119dzy wieloma narz\u0119dziami podczas stylizacji w\u0142os\u00f3w. Jego zaawansowane funkcje pomagaj\u0105 tworzy\u0107 osza\u0142amiaj\u0105ce fryzury bez wysi\u0142ku, co czyni go cennym dodatkiem do Twojego schematu piel\u0119gnacji urody.\n<\/p>\n<p>\n Dlaczego wi\u0119c czeka\u0107? Poznaj niesamowite zalety szczotki do w\u0142os\u00f3w DARSONVAL 3 w 1 ju\u017c teraz!<br \/>\n <strong><br \/>\n  Dodaj do koszyka ju\u017c dzi\u015b!<br \/>\n <\/strong><\/p>","protected":false},"excerpt":{"rendered":"<p>Suszarko-lok\u00f3wka DARSONVAL 3 w 1 umo\u017cliwia stylizacj\u0119 w\u0142os\u00f3w w domowym zaciszu. To wielofunkcyjne narz\u0119dzie anionowe suszy, prostuje i kr\u0119ci w\u0142osy, zapewniaj\u0105c najwy\u017csz\u0105 elastyczno\u015b\u0107 stylizacji. Kup swoj\u0105 ju\u017c dzi\u015b, aby uzyska\u0107 wspania\u0142\u0105 transformacj\u0119!<\/p>","protected":false},"featured_media":8981,"comment_status":"open","ping_status":"closed","template":"","meta":[],"product_brand":[],"product_cat":[52],"product_tag":[],"class_list":{"0":"post-7881","1":"product","2":"type-product","3":"status-publish","4":"has-post-thumbnail","6":"product_cat-darsonval-for-hair","8":"first","9":"instock","10":"sale","11":"shipping-taxable","12":"purchasable","13":"product-type-variable"},"jetpack_sharing_enabled":true,"_links":{"self":[{"href":"https:\/\/darsonval.store\/pl\/wp-json\/wp\/v2\/product\/7881","targetHints":{"allow":["GET"]}}],"collection":[{"href":"https:\/\/darsonval.store\/pl\/wp-json\/wp\/v2\/product"}],"about":[{"href":"https:\/\/darsonval.store\/pl\/wp-json\/wp\/v2\/types\/product"}],"replies":[{"embeddable":true,"href":"https:\/\/darsonval.store\/pl\/wp-json\/wp\/v2\/comments?post=7881"}],"wp:featuredmedia":[{"embeddable":true,"href":"https:\/\/darsonval.store\/pl\/wp-json\/wp\/v2\/media\/8981"}],"wp:attachment":[{"href":"https:\/\/darsonval.store\/pl\/wp-json\/wp\/v2\/media?parent=7881"}],"wp:term":[{"taxonomy":"product_brand","embeddable":true,"href":"https:\/\/darsonval.store\/pl\/wp-json\/wp\/v2\/product_brand?post=7881"},{"taxonomy":"product_cat","embeddable":true,"href":"https:\/\/darsonval.store\/pl\/wp-json\/wp\/v2\/product_cat?post=7881"},{"taxonomy":"product_tag","embeddable":true,"href":"https:\/\/darsonval.store\/pl\/wp-json\/wp\/v2\/product_tag?post=7881"}],"curies":[{"name":"wp","href":"https:\/\/api.w.org\/{rel}","templated":true}]}}