{"id":7799,"date":"2025-02-05T23:02:54","date_gmt":"2025-02-05T15:02:54","guid":{"rendered":"https:\/\/darsonval.store\/?post_type=product&#038;p=7799"},"modified":"2026-02-08T22:34:55","modified_gmt":"2026-02-08T14:34:55","slug":"darsonval-high-frequency-facial-device-neon-argon-acne-wrinkle-therapy-wand","status":"publish","type":"product","link":"https:\/\/darsonval.store\/pl\/p\/darsonval-high-frequency-facial-device-neon-argon-acne-wrinkle-therapy-wand\/","title":{"rendered":"Urz\u0105dzenie do twarzy o wysokiej cz\u0119stotliwo\u015bci Darsonval - Neon i Argon, r\u00f3\u017cd\u017cka do terapii tr\u0105dziku\/zmarszczek"},"content":{"rendered":"<p>\n <img decoding=\"async\" alt=\"urz\u0105dzenie do elektroterapii darsonval do piel\u0119gnacji sk\u00f3ry\" src=\"https:\/\/darsonval.store\/wp-content\/uploads\/2025\/02\/darsonval_electrotherapy_device_for_skin_care.webp\" \/><br \/>\n <img decoding=\"async\" alt=\"urz\u0105dzenie do terapii twarzy wysokiej cz\u0119stotliwo\u015bci darsonval\" src=\"https:\/\/darsonval.store\/wp-content\/uploads\/2025\/02\/darsonval_high_frequency_facial_therapy_device.webp\" \/><br \/>\n <img decoding=\"async\" alt=\"urz\u0105dzenie do usuwania zmarszczek o wysokiej cz\u0119stotliwo\u015bci\" src=\"https:\/\/darsonval.store\/wp-content\/uploads\/2025\/02\/high_frequency_wrinkle_removal_facial_device.webp\" \/><br \/>\n <img decoding=\"async\" alt=\"Zdj\u0119cia leczenia tr\u0105dziku r\u00f3\u017cd\u017ck\u0105 darsonval\" src=\"https:\/\/darsonval.store\/wp-content\/uploads\/2025\/02\/images_of_acne_treatment_with_darsonval_wand.webp\" \/><br \/>\n <img decoding=\"async\" alt=\"neon argon acne zapper wand images\" src=\"https:\/\/darsonval.store\/wp-content\/uploads\/2025\/02\/neon_argon_acne_zapper_wand_images.webp\" \/>\n<\/p>\n<h2>\n Darsonval Nowe urz\u0105dzenie do twarzy o wysokiej cz\u0119stotliwo\u015bci Elektroterapia Neon &amp; Argon Acne Zapper Wand<br \/>\n<\/h2>\n<p>\n Odkryj odm\u0142odzon\u0105, m\u0142odzie\u0144cz\u0105 i woln\u0105 od tr\u0105dziku sk\u00f3r\u0119 dzi\u0119ki ca\u0142kowicie nowej r\u00f3\u017cd\u017cce Darsonval High Frequency Facial Device Electrotherapy Neon &amp; Argon Acne zapper Wand. Ta innowacyjna r\u00f3\u017cd\u017cka terapeutyczna rewolucjonizuje \u015bwiat urody, oferuj\u0105c wysokiej klasy zabiegi salonowe w zaciszu w\u0142asnego domu. To kompaktowe urz\u0105dzenie, zaprojektowane z my\u015bl\u0105 o leczeniu wielu chor\u00f3b sk\u00f3ry, takich jak tr\u0105dzik, zmarszczki i przebarwienia, jest niezb\u0119dnym dodatkiem do ka\u017cdej rutyny piel\u0119gnacji sk\u00f3ry.\n<\/p>\n<h2>\n Kluczowe cechy i korzy\u015bci<br \/>\n<\/h2>\n<ul>\n<li>\n  <strong><br \/>\n   Odm\u0142adzanie sk\u00f3ry:<br \/>\n  <\/strong><br \/>\n  R\u00f3\u017cd\u017cka terapeutyczna uwalnia moc wysokiej cz\u0119stotliwo\u015bci, aby stymulowa\u0107 odnow\u0119 kom\u00f3rek i poprawi\u0107 elastyczno\u015b\u0107 sk\u00f3ry, zapewniaj\u0105c m\u0142odzie\u0144czo promienny wygl\u0105d.\n <\/li>\n<li>\n  <strong><br \/>\n   Redukcja zmarszczek:<br \/>\n  <\/strong><br \/>\n  Dzia\u0142a bezpo\u015brednio na zmarszczki i drobne linie, promuj\u0105c produkcj\u0119 kolagenu i wyra\u017anie redukuj\u0105c oznaki starzenia.\n <\/li>\n<li>\n  <strong><br \/>\n   Kontrola tr\u0105dziku:<br \/>\n  <\/strong><br \/>\n  Neon i argon skutecznie lecz\u0105 tr\u0105dzik, kontroluj\u0105 rozw\u00f3j bakterii i zapobiegaj\u0105 przysz\u0142ym wypryskom.\n <\/li>\n<li>\n  <strong><br \/>\n   Usuwanie przebarwie\u0144:<br \/>\n  <\/strong><br \/>\n  Urz\u0105dzenie pomaga w usuwaniu ciemnych plam, blizn i przebarwie\u0144, zapewniaj\u0105c wyra\u017any i r\u00f3wnomierny koloryt sk\u00f3ry.\n <\/li>\n<li>\n  <strong><br \/>\n   Przeno\u015bno\u015b\u0107 i wygoda:<br \/>\n  <\/strong><br \/>\n  Lekkie i \u0142atwe w u\u017cyciu urz\u0105dzenie do piel\u0119gnacji twarzy zapewnia zabiegi spa w domu lub w podr\u00f3\u017cy.\n <\/li>\n<\/ul>\n<h2>\n Specyfikacja produktu<br \/>\n<\/h2>\n<ul>\n<li>\n  \u0179r\u00f3d\u0142o zasilania: Elektryczne\n <\/li>\n<li>\n  Materia\u0142: W\u0142\u00f3kno szklane\n <\/li>\n<li>\n  Certyfikacja: CE\n <\/li>\n<li>\n  Proces produkcji: Produkcja maszynowa\n <\/li>\n<li>\n  Napi\u0119cie: 110-220 V\n <\/li>\n<li>\n  Cz\u0119stotliwo\u015b\u0107: 50-60 Hz\n <\/li>\n<li>\n  Moc: 10 W\n <\/li>\n<\/ul>\n<h2>\n Zastosowania<br \/>\n<\/h2>\n<p>\n Urz\u0105dzenie do twarzy o wysokiej cz\u0119stotliwo\u015bci Darsonval ma szereg zastosowa\u0144, w tym rewitalizacj\u0119 sk\u00f3ry, zabiegi przeciwtr\u0105dzikowe, redukcj\u0119 zmarszczek i usuwanie wyprysk\u00f3w. Niezale\u017cnie od tego, czy przygotowujesz si\u0119 do specjalnego wydarzenia, czy po prostu utrzymujesz sw\u00f3j codzienny blask, to urz\u0105dzenie zapewnia profesjonalne rezultaty za ka\u017cdym razem.\n<\/p>\n<h2>\n Propozycja warto\u015bci<br \/>\n<\/h2>\n<p>\n Urz\u0105dzenie do twarzy Darsonval High Frequency Facial Device nie tylko oferuje kompleksowe rozwi\u0105zanie problem\u00f3w sk\u00f3rnych - zapewnia terapi\u0119 na poziomie salonu kosmetycznego bezpo\u015brednio w domu. Po\u017cegnaj si\u0119 z drogimi wizytami w spa i przywitaj si\u0119 z op\u0142acaln\u0105, wygodn\u0105 piel\u0119gnacj\u0105 sk\u00f3ry!\n<\/p>\n<h3>\n Wzmocnij swoj\u0105 rutyn\u0119 piel\u0119gnacji sk\u00f3ry ju\u017c teraz!<br \/>\n<\/h3>\n<p>\n Nie przegap szansy na przyspieszenie procesu piel\u0119gnacji sk\u00f3ry. Ju\u017c dzi\u015b zainwestuj w urz\u0105dzenie Darsonval High Frequency Facial Device i do\u015bwiadcz transformacji na w\u0142asnej sk\u00f3rze. Zam\u00f3w teraz!<\/p>","protected":false},"excerpt":{"rendered":"<p>Poznaj magi\u0119 nowego urz\u0105dzenia do twarzy o wysokiej cz\u0119stotliwo\u015bci Darsonval. Pozb\u0105d\u017a si\u0119 tr\u0105dziku i zmarszczek dzi\u0119ki naszej r\u00f3\u017cd\u017cce neonowej i argonowej, aby uzyska\u0107 m\u0142odzie\u0144czy blask. Wypr\u00f3buj ju\u017c dzi\u015b i poczuj r\u00f3\u017cnic\u0119!<\/p>","protected":false},"featured_media":9092,"comment_status":"open","ping_status":"closed","template":"","meta":[],"product_brand":[],"product_cat":[53],"product_tag":[],"class_list":{"0":"post-7799","1":"product","2":"type-product","3":"status-publish","4":"has-post-thumbnail","6":"product_cat-darsonval-for-face","8":"first","9":"instock","10":"shipping-taxable","11":"purchasable","12":"product-type-simple"},"jetpack_sharing_enabled":true,"_links":{"self":[{"href":"https:\/\/darsonval.store\/pl\/wp-json\/wp\/v2\/product\/7799","targetHints":{"allow":["GET"]}}],"collection":[{"href":"https:\/\/darsonval.store\/pl\/wp-json\/wp\/v2\/product"}],"about":[{"href":"https:\/\/darsonval.store\/pl\/wp-json\/wp\/v2\/types\/product"}],"replies":[{"embeddable":true,"href":"https:\/\/darsonval.store\/pl\/wp-json\/wp\/v2\/comments?post=7799"}],"wp:featuredmedia":[{"embeddable":true,"href":"https:\/\/darsonval.store\/pl\/wp-json\/wp\/v2\/media\/9092"}],"wp:attachment":[{"href":"https:\/\/darsonval.store\/pl\/wp-json\/wp\/v2\/media?parent=7799"}],"wp:term":[{"taxonomy":"product_brand","embeddable":true,"href":"https:\/\/darsonval.store\/pl\/wp-json\/wp\/v2\/product_brand?post=7799"},{"taxonomy":"product_cat","embeddable":true,"href":"https:\/\/darsonval.store\/pl\/wp-json\/wp\/v2\/product_cat?post=7799"},{"taxonomy":"product_tag","embeddable":true,"href":"https:\/\/darsonval.store\/pl\/wp-json\/wp\/v2\/product_tag?post=7799"}],"curies":[{"name":"wp","href":"https:\/\/api.w.org\/{rel}","templated":true}]}}