{"id":7760,"date":"2025-02-05T23:00:59","date_gmt":"2025-02-05T15:00:59","guid":{"rendered":"https:\/\/darsonval.store\/?post_type=product&#038;p=7760"},"modified":"2025-02-06T22:37:55","modified_gmt":"2025-02-06T14:37:55","slug":"professional-20-piece-makeup-brush-set-for-eyes-foundation-blush","status":"publish","type":"product","link":"https:\/\/darsonval.store\/pl\/p\/professional-20-piece-makeup-brush-set-for-eyes-foundation-blush\/","title":{"rendered":"Profesjonalny 20-cz\u0119\u015bciowy zestaw p\u0119dzli do makija\u017cu - do oczu, podk\u0142adu i r\u00f3\u017cu"},"content":{"rendered":"<p>\n <img decoding=\"async\" alt=\"20 sztuk p\u0119dzli do makija\u017cu do narz\u0119dzi kosmetycznych\" src=\"https:\/\/darsonval.store\/wp-content\/uploads\/2025\/02\/20_pcs_makeup_brushes_for_beauty_tools.webp\" \/><br \/>\n <img decoding=\"async\" alt=\"zestaw narz\u0119dzi kosmetycznych z mieszanymi p\u0119dzlami do makija\u017cu\" src=\"https:\/\/darsonval.store\/wp-content\/uploads\/2025\/02\/beauty_tools_with_mixed_makeup_brushes_set.webp\" \/><br \/>\n <img decoding=\"async\" alt=\"zestaw p\u0119dzli do cieni do powiek z podk\u0142adem i r\u00f3\u017cem w p\u0142ynie\" src=\"https:\/\/darsonval.store\/wp-content\/uploads\/2025\/02\/eyeshadow_foundation_liquid_blush_brushes_kit.webp\" \/><br \/>\n <img decoding=\"async\" alt=\"Wysokiej jako\u015bci profesjonalny zestaw p\u0119dzli do makija\u017cu\" src=\"https:\/\/darsonval.store\/wp-content\/uploads\/2025\/02\/high_quality_professional_makeup_brushes_set.webp\" \/>\n<\/p>\n<h2>\n Uwolnij swoje wewn\u0119trzne pi\u0119kno dzi\u0119ki naszym 20-cz\u0119\u015bciowym zestawom p\u0119dzli do makija\u017cu<br \/>\n<\/h2>\n<p>\n Do\u015bwiadcz precyzji, kontroli i \u015bwiata artystycznych mo\u017cliwo\u015bci na wyci\u0105gni\u0119cie r\u0119ki dzi\u0119ki naszym wysokiej jako\u015bci profesjonalnym p\u0119dzlom do makija\u017cu. Ten wyj\u0105tkowy zestaw 20 p\u0119dzli to nie tylko dodatek do rutyny makija\u017cu, ale narz\u0119dzie zmieniaj\u0105ce zasady gry, kt\u00f3re przenosi pi\u0119kno na inny poziom. Niezale\u017cnie od tego, czy jeste\u015b do\u015bwiadczonym wiza\u017cyst\u0105, czy pocz\u0105tkuj\u0105cym entuzjast\u0105, nasze p\u0119dzle do makija\u017cu zosta\u0142y zaprojektowane tak, aby pom\u00f3c Ci odblokowa\u0107 i wyrazi\u0107 sw\u00f3j niepowtarzalny styl bez wysi\u0142ku.\n<\/p>\n<h3>\n <strong><br \/>\n  Kluczowe cechy i korzy\u015bci:<br \/>\n <\/strong><br \/>\n<\/h3>\n<ul>\n<li>\n  Stworzony z my\u015bl\u0105 o wszechstronno\u015bci z 20 unikalnymi p\u0119dzlami do tworzenia szeregu stylizacji.\n <\/li>\n<li>\n  Wykonany z syntetycznego i g\u0142adkiego w\u0142osia zapewniaj\u0105cego mi\u0119kko\u015b\u0107 w dotyku i nieskaziteln\u0105 aplikacj\u0119.\n <\/li>\n<li>\n  Wysokiej jako\u015bci drewniany uchwyt zapewnia trwa\u0142o\u015b\u0107 i \u0142atwy chwyt.\n <\/li>\n<li>\n  Zmywalne szczotki zapobiegaj\u0105 sp\u0142ywaniu barwnika, zapewniaj\u0105c d\u0142ugotrwa\u0142y, \u017cywy kolor.\n <\/li>\n<li>\n  Lekki zestaw o \u0142\u0105cznej wadze oko\u0142o 115 g sprawia, \u017ce jest przeno\u015bny i \u0142atwy w podr\u00f3\u017cy.\n <\/li>\n<\/ul>\n<h3>\n <strong><br \/>\n  Specyfikacja produktu:<br \/>\n <\/strong><br \/>\n<\/h3>\n<ul>\n<li>\n  Liczba sztuk: Zestaw Combo 20 szczotek\n <\/li>\n<li>\n  Materia\u0142 szczotki: W\u0142osie syntetyczne\n <\/li>\n<li>\n  Materia\u0142 r\u0119koje\u015bci: Drewno\n <\/li>\n<li>\n  U\u017cywane z: r\u00f3\u017c, korektor, cie\u0144 do powiek, eyeliner, usta, puder, zestawy, rz\u0119sy, p\u0119dzel do bronzera, p\u0119dzel do modelowania, p\u0119dzel do roz\u015bwietlacza, szczoteczka do brwi\n <\/li>\n<li>\n  Rodzaj przedmiotu: Zestaw p\u0119dzli do makija\u017cu\n <\/li>\n<li>\n  Rozmiar: 20-cz\u0119\u015bciowy zestaw p\u0119dzli do makija\u017cu\n <\/li>\n<li>\n  Kolor: czarny\n <\/li>\n<\/ul>\n<h3>\n <strong><br \/>\n  Idealny do ka\u017cdego zadania zwi\u0105zanego z makija\u017cem<br \/>\n <\/strong><br \/>\n<\/h3>\n<p>\n Od nak\u0142adania cieni do powiek po definiowanie brwi, nasz wszechstronny zestaw zaspokoi wszystkie potrzeby zwi\u0105zane z makija\u017cem. U\u017cywaj naszych narz\u0119dzi do nak\u0142adania r\u00f3\u017cu, korektora, eyelinera, koloru ust, pudru i nie tylko z elegancj\u0105 i precyzj\u0105. Idealny do codziennego u\u017cytku lub na specjalne okazje, ten zestaw jest idealnym towarzyszem do wszystkich zada\u0144 zwi\u0105zanych z makija\u017cem.\n<\/p>\n<h3>\n <strong><br \/>\n  Propozycja warto\u015bci<br \/>\n <\/strong><br \/>\n<\/h3>\n<p>\n Po co zadowala\u0107 si\u0119 mniej, skoro mo\u017cna mie\u0107 to, co najlepsze? Nasz 20-cz\u0119\u015bciowy zestaw p\u0119dzli do makija\u017cu oferuje wyj\u0105tkowy stosunek jako\u015bci do ceny. Nie tylko otrzymujesz wysokiej jako\u015bci, trwa\u0142e p\u0119dzle, ale tak\u017ce wszechstronn\u0105 gam\u0119 narz\u0119dzi, kt\u00f3re zaspokoj\u0105 ka\u017cdy aspekt rutyny makija\u017cu. Zr\u00f3b krok w kierunku poprawy swojej urody ju\u017c dzi\u015b!\n<\/p>\n<h3>\n <strong><br \/>\n  Pobierz ju\u017c dzi\u015b!<br \/>\n <\/strong><br \/>\n<\/h3>\n<p>\n Ujarzmij sztuk\u0119 pi\u0119kna. Kliknij \"Dodaj do koszyka\" teraz i do\u015bwiadcz transformacji, jak\u0105 mog\u0105 zaoferowa\u0107 nasze 20-cz\u0119\u015bciowe zestawy p\u0119dzli do makija\u017cu!<\/p>","protected":false},"excerpt":{"rendered":"<p>Osi\u0105gnij nieskazitelne wyko\u0144czenie dzi\u0119ki naszemu 20-cz\u0119\u015bciowemu zestawowi wysokiej jako\u015bci profesjonalnych p\u0119dzli do makija\u017cu. Idealne do aplikacji cieni do powiek, podk\u0142adu i r\u00f3\u017cu. Kup teraz, aby uzyska\u0107 najwy\u017csz\u0105 jako\u015b\u0107 narz\u0119dzi kosmetycznych!<\/p>","protected":false},"featured_media":9106,"comment_status":"open","ping_status":"closed","template":"","meta":[],"product_brand":[],"product_cat":[53],"product_tag":[],"class_list":{"0":"post-7760","1":"product","2":"type-product","3":"status-publish","4":"has-post-thumbnail","6":"product_cat-darsonval-for-face","8":"first","9":"instock","10":"sale","11":"shipping-taxable","12":"purchasable","13":"product-type-variable"},"jetpack_sharing_enabled":true,"_links":{"self":[{"href":"https:\/\/darsonval.store\/pl\/wp-json\/wp\/v2\/product\/7760","targetHints":{"allow":["GET"]}}],"collection":[{"href":"https:\/\/darsonval.store\/pl\/wp-json\/wp\/v2\/product"}],"about":[{"href":"https:\/\/darsonval.store\/pl\/wp-json\/wp\/v2\/types\/product"}],"replies":[{"embeddable":true,"href":"https:\/\/darsonval.store\/pl\/wp-json\/wp\/v2\/comments?post=7760"}],"wp:featuredmedia":[{"embeddable":true,"href":"https:\/\/darsonval.store\/pl\/wp-json\/wp\/v2\/media\/9106"}],"wp:attachment":[{"href":"https:\/\/darsonval.store\/pl\/wp-json\/wp\/v2\/media?parent=7760"}],"wp:term":[{"taxonomy":"product_brand","embeddable":true,"href":"https:\/\/darsonval.store\/pl\/wp-json\/wp\/v2\/product_brand?post=7760"},{"taxonomy":"product_cat","embeddable":true,"href":"https:\/\/darsonval.store\/pl\/wp-json\/wp\/v2\/product_cat?post=7760"},{"taxonomy":"product_tag","embeddable":true,"href":"https:\/\/darsonval.store\/pl\/wp-json\/wp\/v2\/product_tag?post=7760"}],"curies":[{"name":"wp","href":"https:\/\/api.w.org\/{rel}","templated":true}]}}