{"id":7743,"date":"2025-02-05T23:00:53","date_gmt":"2025-02-05T15:00:53","guid":{"rendered":"https:\/\/darsonval.store\/?post_type=product&#038;p=7743"},"modified":"2025-02-06T22:38:02","modified_gmt":"2025-02-06T14:38:02","slug":"natural-rose-quartz-jade-roller-slimming-facial-massager-anti-aging-double-end-skin-lift","status":"publish","type":"product","link":"https:\/\/darsonval.store\/pl\/p\/natural-rose-quartz-jade-roller-slimming-facial-massager-anti-aging-double-end-skin-lift\/","title":{"rendered":"Naturalny wa\u0142ek jadeitowy z kwarcem r\u00f3\u017cowym - wyszczuplaj\u0105cy masa\u017cer do twarzy, przeciwstarzeniowy podw\u00f3jny lifting sk\u00f3ry"},"content":{"rendered":"<p>\n <img decoding=\"async\" alt=\"przeciwstarzeniowe narz\u0119dzie do piel\u0119gnacji sk\u00f3ry z jadeitowym wa\u0142kiem\" src=\"https:\/\/darsonval.store\/wp-content\/uploads\/2025\/02\/anti-aging_skin_care_tool_with_jade_roller.webp\" \/><br \/>\n <img decoding=\"async\" alt=\"rutyna piel\u0119gnacji urody z jadeitowym wa\u0142kiem wyszczuplaj\u0105cym\" src=\"https:\/\/darsonval.store\/wp-content\/uploads\/2025\/02\/beauty_care_routine_with_jade_roller_slimming_tool.webp\" \/><br \/>\n <img decoding=\"async\" alt=\"Dwustronny wa\u0142ek do masa\u017cu twarzy z kwarcu r\u00f3\u017cowego\" src=\"https:\/\/darsonval.store\/wp-content\/uploads\/2025\/02\/double-ended_rose_quartz_facial_massager_roller.webp\" \/><br \/>\n <img decoding=\"async\" alt=\"Naturalny wa\u0142ek jadeitowy z kwarcu r\u00f3\u017canego do masa\u017cu twarzy\" src=\"https:\/\/darsonval.store\/wp-content\/uploads\/2025\/02\/natural_rose_quartz_jade_roller_for_facial_massage.webp\" \/><br \/>\n <img decoding=\"async\" alt=\"narz\u0119dzia do liftingu sk\u00f3ry przy u\u017cyciu naturalnego wa\u0142ka kwarcowo-jadeitowego\" src=\"https:\/\/darsonval.store\/wp-content\/uploads\/2025\/02\/skin_lift_tools_using_natural_quartz_jade_roller.webp\" \/><br \/>\n <img decoding=\"async\" alt=\"Wyszczuplaj\u0105cy wa\u0142ek do masa\u017cu twarzy do piel\u0119gnacji urody\" src=\"https:\/\/darsonval.store\/wp-content\/uploads\/2025\/02\/slimming_facial_massager_roller_for_beauty_care.webp\" \/>\n<\/p>\n<h2>\n Naturalny jadeitowy wa\u0142ek wyszczuplaj\u0105cy do masa\u017cu twarzy z kwarcem r\u00f3\u017cowym<br \/>\n<\/h2>\n<p>\n Zrewitalizuj swoj\u0105 sk\u00f3r\u0119 dzi\u0119ki naszemu naturalnemu wyszczuplaj\u0105cemu masa\u017cerowi do twarzy Rose Quartz Jade Roller. To wysokiej jako\u015bci narz\u0119dzie kosmetyczne jest idealnym dodatkiem do rutynowej piel\u0119gnacji sk\u00f3ry, oferuj\u0105c unikalne po\u0142\u0105czenie naturalnego leczenia i wsp\u00f3\u0142czesnej piel\u0119gnacji urody. Wyposa\u017cony w w\u0142a\u015bciwo\u015bci przeciwstarzeniowe, Jade Roller nie tylko nadaje sk\u00f3rze m\u0142odzie\u0144czy blask, ale tak\u017ce pomaga w redukcji zmarszczek i drobnych linii.\n<\/p>\n<h2>\n Kluczowe cechy i korzy\u015bci<br \/>\n<\/h2>\n<ul>\n<li>\n  <strong><br \/>\n   Wysokiej jako\u015bci materia\u0142:<br \/>\n  <\/strong><br \/>\n  Wykonany z prawdziwego jadeitu, znanego ze swoich w\u0142a\u015bciwo\u015bci ch\u0142odz\u0105cych i leczniczych.\n <\/li>\n<li>\n  <strong><br \/>\n   Podw\u00f3jne rolki:<br \/>\n  <\/strong><br \/>\n  Zaprojektowany z dwoma rolkami o r\u00f3\u017cnych rozmiarach do wszechstronnego zastosowania na twarzy i ciele.\n <\/li>\n<li>\n  <strong><br \/>\n   Anti-Aging:<br \/>\n  <\/strong><br \/>\n  Pomaga zredukowa\u0107 zmarszczki i drobne linie, nadaj\u0105c sk\u00f3rze m\u0142odzie\u0144czy wygl\u0105d.\n <\/li>\n<li>\n  <strong><br \/>\n   Efekt wyszczuplaj\u0105cy:<br \/>\n  <\/strong><br \/>\n  Wspomaga drena\u017c limfatyczny, pomagaj\u0105c kszta\u0142towa\u0107 kontury twarzy.\n <\/li>\n<\/ul>\n<h3>\n Specyfikacja produktu<br \/>\n<\/h3>\n<ul>\n<li>\n  \u0179r\u00f3d\u0142o zasilania: Brak\n <\/li>\n<li>\n  Rozmiar: 15 cm * 4 cm * 2,5 cm\n <\/li>\n<li>\n  Kolor: r\u00f3\u017cowy\n <\/li>\n<li>\n  Typ: Jade Roller\n <\/li>\n<\/ul>\n<h3>\n Przypadki u\u017cycia i aplikacje<br \/>\n<\/h3>\n<p>\n Nasz Jade Roller jest \u0142atwy w u\u017cyciu i odpowiedni dla wszystkich rodzaj\u00f3w sk\u00f3ry. Jest to doskona\u0142e narz\u0119dzie do masa\u017cu twarzy, wspomagaj\u0105ce kr\u0105\u017cenie krwi. Przy regularnym stosowaniu zauwa\u017cysz znaczn\u0105 popraw\u0119 elastyczno\u015bci sk\u00f3ry. Wa\u0142ek jest na tyle ma\u0142y, \u017ce mo\u017cna go nosi\u0107 przy sobie i u\u017cywa\u0107 w dowolnym miejscu i czasie.\n<\/p>\n<h3>\n Propozycja warto\u015bci<br \/>\n<\/h3>\n<p>\n Natural Rose Quartz Jade Roller to luksusowe, a jednocze\u015bnie przyst\u0119pne cenowo rozwi\u0105zanie do piel\u0119gnacji sk\u00f3ry. Jego kompaktowy rozmiar i \u0142atwo\u015b\u0107 u\u017cycia sprawiaj\u0105, \u017ce jest to idealny wyb\u00f3r dla os\u00f3b poszukuj\u0105cych praktycznych i skutecznych narz\u0119dzi kosmetycznych. Dodaj\u0105c ten wa\u0142ek do swojej rutyny, zainwestujesz w d\u0142ugotrwa\u0142\u0105, zdrow\u0105 i promienn\u0105 sk\u00f3r\u0119.<br \/>\n <strong><br \/>\n  Zam\u00f3w teraz<br \/>\n <\/strong><br \/>\n i do\u015bwiadcz transformacji!<\/p>","protected":false},"excerpt":{"rendered":"<p>Do\u015bwiadcz odm\u0142adzaj\u0105cej mocy naszego naturalnego wa\u0142ka z jadeitu kwarcowego. Nie tylko wyszczupla twarz, ale tak\u017ce promuje zdrowie sk\u00f3ry i dzia\u0142a przeciwstarzeniowo. Nie przegap tego wyj\u0105tkowego narz\u0119dzia do piel\u0119gnacji urody, kt\u00f3re liftinguje i odm\u0142adza sk\u00f3r\u0119. Kup teraz!<\/p>","protected":false},"featured_media":9119,"comment_status":"open","ping_status":"closed","template":"","meta":[],"product_brand":[],"product_cat":[52],"product_tag":[],"class_list":{"0":"post-7743","1":"product","2":"type-product","3":"status-publish","4":"has-post-thumbnail","6":"product_cat-darsonval-for-hair","8":"first","9":"instock","10":"sale","11":"shipping-taxable","12":"purchasable","13":"product-type-variable"},"jetpack_sharing_enabled":true,"_links":{"self":[{"href":"https:\/\/darsonval.store\/pl\/wp-json\/wp\/v2\/product\/7743","targetHints":{"allow":["GET"]}}],"collection":[{"href":"https:\/\/darsonval.store\/pl\/wp-json\/wp\/v2\/product"}],"about":[{"href":"https:\/\/darsonval.store\/pl\/wp-json\/wp\/v2\/types\/product"}],"replies":[{"embeddable":true,"href":"https:\/\/darsonval.store\/pl\/wp-json\/wp\/v2\/comments?post=7743"}],"wp:featuredmedia":[{"embeddable":true,"href":"https:\/\/darsonval.store\/pl\/wp-json\/wp\/v2\/media\/9119"}],"wp:attachment":[{"href":"https:\/\/darsonval.store\/pl\/wp-json\/wp\/v2\/media?parent=7743"}],"wp:term":[{"taxonomy":"product_brand","embeddable":true,"href":"https:\/\/darsonval.store\/pl\/wp-json\/wp\/v2\/product_brand?post=7743"},{"taxonomy":"product_cat","embeddable":true,"href":"https:\/\/darsonval.store\/pl\/wp-json\/wp\/v2\/product_cat?post=7743"},{"taxonomy":"product_tag","embeddable":true,"href":"https:\/\/darsonval.store\/pl\/wp-json\/wp\/v2\/product_tag?post=7743"}],"curies":[{"name":"wp","href":"https:\/\/api.w.org\/{rel}","templated":true}]}}