{"id":7714,"date":"2025-02-05T23:00:42","date_gmt":"2025-02-05T15:00:42","guid":{"rendered":"https:\/\/darsonval.store\/?post_type=product&#038;p=7714"},"modified":"2025-02-06T22:38:10","modified_gmt":"2025-02-06T14:38:10","slug":"darsonval-portable-led-vanity-makeup-mirror-adjustable-light-mobile-power-charging","status":"publish","type":"product","link":"https:\/\/darsonval.store\/pl\/p\/darsonval-portable-led-vanity-makeup-mirror-adjustable-light-mobile-power-charging\/","title":{"rendered":"Przeno\u015bne lusterko do makija\u017cu LED DARSONVAL - regulowane o\u015bwietlenie, mobilne \u0142adowanie elektryczne"},"content":{"rendered":"<p>\n <img decoding=\"async\" alt=\"regulowane lusterko do makija\u017cu zapewniaj\u0105ce idealne o\u015bwietlenie\" src=\"https:\/\/darsonval.store\/wp-content\/uploads\/2025\/02\/adjustable_light_makeup_mirror_for_perfect_lighting.webp\" \/><br \/>\n <img decoding=\"async\" alt=\"kieszonkowe lusterko led darsonval u\u0142atwiaj\u0105ce nak\u0142adanie makija\u017cu\" src=\"https:\/\/darsonval.store\/wp-content\/uploads\/2025\/02\/darsonval_pocket_led_mirror_for_easy_makeup_application.webp\" \/><br \/>\n <img decoding=\"async\" alt=\"Lusterko kieszonkowe darsonval z regulowanym o\u015bwietleniem\" src=\"https:\/\/darsonval.store\/wp-content\/uploads\/2025\/02\/darsonval_pocket_mirror_with_adjustable_light_setting.webp\" \/><br \/>\n <img decoding=\"async\" alt=\"Lusterko do makija\u017cu z przeno\u015bnym \u0142adowaniem\" src=\"https:\/\/darsonval.store\/wp-content\/uploads\/2025\/02\/makeup_mirror_with_mobile_power_charging_treasure.webp\" \/><br \/>\n <img decoding=\"async\" alt=\"przeno\u015bne lusterko kosmetyczne z regulacj\u0105 \u015bwiat\u0142a\" src=\"https:\/\/darsonval.store\/wp-content\/uploads\/2025\/02\/portable_fashion_adjustable_light_vanity_mirror.webp\" \/><br \/>\n <img decoding=\"async\" alt=\"przeno\u015bne lusterko do makija\u017cu z wbudowanym powerbankiem\" src=\"https:\/\/darsonval.store\/wp-content\/uploads\/2025\/02\/portable_makeup_mirror_with_built-in_power_bank.webp\" \/><br \/>\n <img decoding=\"async\" alt=\"przyjazne w podr\u00f3\u017cy lusterko kosmetyczne darsonval led\" src=\"https:\/\/darsonval.store\/wp-content\/uploads\/2025\/02\/travel-friendly_darsonval_led_vanity_mirror.webp\" \/>\n<\/p>\n<h2>\n Kieszonkowe lusterko LED DARSONVAL: Tw\u00f3j przeno\u015bny towarzysz urody<br \/>\n<\/h2>\n<p>\n Przedstawiamy<br \/>\n <strong><br \/>\n  Kieszonkowe lusterko ledowe DARSONVAL<br \/>\n <\/strong><br \/>\n to innowacyjne rozwi\u0105zanie, kt\u00f3re \u0142\u0105czy w sobie funkcjonalno\u015b\u0107 lusterka do makija\u017cu z wygod\u0105 przeno\u015bnej \u0142adowarki. Ten produkt to nie tylko lusterko - to wyraz stylu, niezawodny towarzysz urody i ratownik w sytuacjach awaryjnych zwi\u0105zanych z niskim poziomem na\u0142adowania baterii.\n<\/p>\n<h2>\n G\u0142\u00f3wne cechy i korzy\u015bci:<br \/>\n<\/h2>\n<ul>\n<li>\n  Regulowane \u015bwiat\u0142o LED zapewnia dobr\u0105 widoczno\u015b\u0107, niezale\u017cnie od ustawie\u0144.\n <\/li>\n<li>\n  Przeno\u015bna konstrukcja pozwala nosi\u0107 to lusterko do makija\u017cu w dowolnym miejscu.\n <\/li>\n<li>\n  Obs\u0142uguje \u0142adowanie urz\u0105dze\u0144 mobilnych, dzi\u0119ki czemu nigdy nie zabraknie im energii.\n <\/li>\n<li>\n  Wykonany z wytrzyma\u0142ego materia\u0142u ABS, zapewnia d\u0142ugotrwa\u0142e u\u017cytkowanie.\n <\/li>\n<li>\n  Dost\u0119pny w trzech osza\u0142amiaj\u0105cych kolorach: Czerwony, Bia\u0142y i R\u00f3\u017cowy.\n <\/li>\n<\/ul>\n<h2>\n Specyfikacja produktu:<br \/>\n<\/h2>\n<ul>\n<li>\n  <strong><br \/>\n   \u015awiat\u0142o:<br \/>\n  <\/strong><br \/>\n  Wyposa\u017cony\n <\/li>\n<li>\n  <strong><br \/>\n   Materia\u0142:<br \/>\n  <\/strong><br \/>\n  ABS\n <\/li>\n<li>\n  <strong><br \/>\n   Typ:<br \/>\n  <\/strong><br \/>\n  Lusterka kieszonkowe\n <\/li>\n<li>\n  <strong><br \/>\n   Rozmiar:<br \/>\n  <\/strong><br \/>\n  90*20mm\n <\/li>\n<li>\n  <strong><br \/>\n   Numer modelu:<br \/>\n  <\/strong><br \/>\n  DAR\n <\/li>\n<li>\n  <strong><br \/>\n   Zasilanie przez:<br \/>\n  <\/strong><br \/>\n  Kabel USB\n <\/li>\n<li>\n  <strong><br \/>\n   Pojemno\u015b\u0107 akumulatora:<br \/>\n  <\/strong><br \/>\n  3000 mAh\n <\/li>\n<li>\n  <strong><br \/>\n   Kszta\u0142t lustra:<br \/>\n  <\/strong><br \/>\n  Okr\u0105g\u0142y\n <\/li>\n<\/ul>\n<h2>\n Nieko\u0144cz\u0105ce si\u0119 zastosowania i aplikacje:<br \/>\n<\/h2>\n<p>\n Niezale\u017cnie od tego, czy poprawiasz makija\u017c w autobusie, potrzebujesz szybkiej kontroli przed spotkaniem biznesowym, czy potrzebujesz awaryjnego \u0142adowania telefonu podczas podr\u00f3\u017cy, kieszonkowe lusterko LED DARSONVAL pasuje do wszystkich scenariuszy. Jest idealne do u\u017cytku osobistego, a tak\u017ce stanowi \u015bwietny prezent dla \u015bwiadomych mody os\u00f3b w Twoim \u017cyciu.\n<\/p>\n<h2>\n Dlaczego warto wybra\u0107 kieszonkowe lusterko LED DARSONVAL?<br \/>\n<\/h2>\n<p>\n DARSONVAL Pocket Led Mirror to co\u015b wi\u0119cej ni\u017c tylko lusterko kosmetyczne; to wszechstronne akcesorium, kt\u00f3re zaspokaja potrzeby nowoczesnego stylu \u017cycia. Opr\u00f3cz tego, \u017ce jest wysokiej jako\u015bci lusterkiem do makija\u017cu, dzia\u0142a r\u00f3wnie\u017c jako przeno\u015bna \u0142adowarka, zapewniaj\u0105c zasilanie urz\u0105dze\u0144 w podr\u00f3\u017cy. Dzi\u0119ki niewielkim rozmiarom, modnemu wzornictwu i praktycznej funkcjonalno\u015bci, stanowi ono warto\u015b\u0107 dodan\u0105 do codziennego \u017cycia.\n<\/p>\n<p>\n Kieszonkowe lusterko ledowe DARSONVAL to wygoda, styl i innowacyjno\u015b\u0107 na wyci\u0105gni\u0119cie r\u0119ki. Zdob\u0105d\u017a je ju\u017c dzi\u015b!<\/p>","protected":false},"excerpt":{"rendered":"<p>Odkryj wygod\u0119 lusterka LED firmy DARSONVAL - przeno\u015bnego, regulowanego lusterka kosmetycznego, kt\u00f3re mo\u017ce s\u0142u\u017cy\u0107 r\u00f3wnie\u017c jako przeno\u015bne \u017ar\u00f3d\u0142o zasilania. Idealne do poprawek w podr\u00f3\u017cy! Kup teraz, aby cieszy\u0107 si\u0119 pi\u0119knem zawsze i wsz\u0119dzie.<\/p>","protected":false},"featured_media":9135,"comment_status":"open","ping_status":"closed","template":"","meta":[],"product_brand":[],"product_cat":[54],"product_tag":[],"class_list":{"0":"post-7714","1":"product","2":"type-product","3":"status-publish","4":"has-post-thumbnail","6":"product_cat-darsonval-device","8":"first","9":"instock","10":"sale","11":"shipping-taxable","12":"purchasable","13":"product-type-variable"},"jetpack_sharing_enabled":true,"_links":{"self":[{"href":"https:\/\/darsonval.store\/pl\/wp-json\/wp\/v2\/product\/7714","targetHints":{"allow":["GET"]}}],"collection":[{"href":"https:\/\/darsonval.store\/pl\/wp-json\/wp\/v2\/product"}],"about":[{"href":"https:\/\/darsonval.store\/pl\/wp-json\/wp\/v2\/types\/product"}],"replies":[{"embeddable":true,"href":"https:\/\/darsonval.store\/pl\/wp-json\/wp\/v2\/comments?post=7714"}],"wp:featuredmedia":[{"embeddable":true,"href":"https:\/\/darsonval.store\/pl\/wp-json\/wp\/v2\/media\/9135"}],"wp:attachment":[{"href":"https:\/\/darsonval.store\/pl\/wp-json\/wp\/v2\/media?parent=7714"}],"wp:term":[{"taxonomy":"product_brand","embeddable":true,"href":"https:\/\/darsonval.store\/pl\/wp-json\/wp\/v2\/product_brand?post=7714"},{"taxonomy":"product_cat","embeddable":true,"href":"https:\/\/darsonval.store\/pl\/wp-json\/wp\/v2\/product_cat?post=7714"},{"taxonomy":"product_tag","embeddable":true,"href":"https:\/\/darsonval.store\/pl\/wp-json\/wp\/v2\/product_tag?post=7714"}],"curies":[{"name":"wp","href":"https:\/\/api.w.org\/{rel}","templated":true}]}}