{"id":7691,"date":"2025-02-05T23:00:32","date_gmt":"2025-02-05T15:00:32","guid":{"rendered":"https:\/\/darsonval.store\/?post_type=product&#038;p=7691"},"modified":"2025-02-06T22:38:17","modified_gmt":"2025-02-06T14:38:17","slug":"darsonval-v-slimming-electric-face-lift-belt-ems-micro-current-massager","status":"publish","type":"product","link":"https:\/\/darsonval.store\/pl\/p\/darsonval-v-slimming-electric-face-lift-belt-ems-micro-current-massager\/","title":{"rendered":"Darsonval V-Slimming Electric Face Lift Belt - masa\u017cer mikropr\u0105dowy EMS"},"content":{"rendered":"<p>\n <img decoding=\"async\" alt=\"Korzy\u015bci z codziennego korzystania z elektrycznego masa\u017cera do twarzy\" src=\"https:\/\/darsonval.store\/wp-content\/uploads\/2025\/02\/Benefits_of_using_electric_facial_massager_daily.webp\" \/><br \/>\n <img decoding=\"async\" alt=\"Elektryczny pas wyszczuplaj\u0105cy do twarzy DARSONVAL\" src=\"https:\/\/darsonval.store\/wp-content\/uploads\/2025\/02\/DARSONVAL_electric_face_slimming_belt.webp\" \/><br \/>\n <img decoding=\"async\" alt=\"Elektryczny pas wyszczuplaj\u0105cy do twarzy DARSONVAL na podw\u00f3jny podbr\u00f3dek\" src=\"https:\/\/darsonval.store\/wp-content\/uploads\/2025\/02\/DARSONVAL_electric_face_slimming_belt_for_double_chin.webp\" \/><br \/>\n <img decoding=\"async\" alt=\"DARSONVAL v wyszczuplaj\u0105cy kosmetyk do liftingu twarzy\" src=\"https:\/\/darsonval.store\/wp-content\/uploads\/2025\/02\/DARSONVAL_v-slimming_face_lift_up_beauty_product.webp\" \/><br \/>\n <img decoding=\"async\" alt=\"Redukcja podw\u00f3jnego podbr\u00f3dka za pomoc\u0105 pasa do liftingu twarzy DARSONVAL\" src=\"https:\/\/darsonval.store\/wp-content\/uploads\/2025\/02\/Double_chin_reduction_with_DARSONVAL_face_lift_belt.webp\" \/><br \/>\n <img decoding=\"async\" alt=\"Skuteczny lifting twarzy dzi\u0119ki urz\u0105dzeniu wyszczuplaj\u0105cemu DARSONVAL V\" src=\"https:\/\/darsonval.store\/wp-content\/uploads\/2025\/02\/Effective_facial_lifting_with_DARSONVAL_V-slimming_device.webp\" \/><br \/>\n <img decoding=\"async\" alt=\"Elektryczne urz\u0105dzenie do wyszczuplania twarzy marki DARSONVAL\" src=\"https:\/\/darsonval.store\/wp-content\/uploads\/2025\/02\/Electric_face_slimming_beauty_device_by_DARSONVAL.webp\" \/><br \/>\n <img decoding=\"async\" alt=\"Zalety mikropr\u0105dowego masa\u017cera do twarzy EMS\" src=\"https:\/\/darsonval.store\/wp-content\/uploads\/2025\/02\/EMS_micro_current_facial_massager_benefits.webp\" \/><br \/>\n <img decoding=\"async\" alt=\"Technologia mikropr\u0105dowa EMS do tonizowania twarzy\" src=\"https:\/\/darsonval.store\/wp-content\/uploads\/2025\/02\/EMS_micro_current_technology_for_facial_toning.webp\" \/><br \/>\n <img decoding=\"async\" alt=\"Lifting i napinanie sk\u00f3ry twarzy za pomoc\u0105 technologii EMS\" src=\"https:\/\/darsonval.store\/wp-content\/uploads\/2025\/02\/Lifting_and_tightening_facial_skin_with_EMS_technology.webp\" \/><br \/>\n <img decoding=\"async\" alt=\"Korzystanie z pasa podnosz\u0105cego twarz DARSONVAL do odchudzania\" src=\"https:\/\/darsonval.store\/wp-content\/uploads\/2025\/02\/Using_DARSONVAL_face_lift_up_belt_for_slimming.webp\" \/>\n<\/p>\n<h2>\n Przedstawiamy elektryczny pas wyszczuplaj\u0105cy DARSONVAL V-Slimming Face Lift Up Belt<br \/>\n<\/h2>\n<p>\n Zainwestuj w swoj\u0105 rutyn\u0119 samoopieki z DARSONVAL Electric V-Slimming Face Lift Up Belt. Ten innowacyjny masa\u017cer do twarzy wykorzystuje technologi\u0119 mikropr\u0105d\u00f3w EMS, aby pom\u00f3c Ci osi\u0105gn\u0105\u0107 bardziej wyrazisty, m\u0142odzie\u0144czy wygl\u0105d. Jest idealny do zmniejszania oznak starzenia, wyszczuplania twarzy i usprawniania schematu piel\u0119gnacji sk\u00f3ry.\n<\/p>\n<h3>\n Kluczowe cechy i korzy\u015bci:<br \/>\n<\/h3>\n<ul>\n<li>\n  <strong><br \/>\n   Odm\u0142adzanie twarzy:<br \/>\n  <\/strong><br \/>\n  Wykorzystuj\u0105c zaawansowane po\u0142\u0105czenie terapii \u015bwiat\u0142em LED i stymulacji mikropr\u0105dami EMS, urz\u0105dzenie to oferuje skuteczne rozwi\u0105zanie do napinania sk\u00f3ry, redukcji zmarszczek i og\u00f3lnego odm\u0142adzania twarzy.\n <\/li>\n<li>\n  <strong><br \/>\n   Wszechstronna funkcjonalno\u015b\u0107:<br \/>\n  <\/strong><br \/>\n  Dzi\u0119ki 6 trybom masa\u017cu i 6 regulowanym poziomom intensywno\u015bci mo\u017cna \u0142atwo dostosowa\u0107 zabieg do konkretnych potrzeb piel\u0119gnacyjnych sk\u00f3ry.\n <\/li>\n<li>\n  <strong><br \/>\n   Ergonomiczna konstrukcja:<br \/>\n  <\/strong><br \/>\n  Ten lekki masa\u017cer, zaprojektowany z my\u015bl\u0105 o idealnym konturowaniu twarzy, jest r\u00f3wnie\u017c sk\u0142adany, co u\u0142atwia jego przechowywanie i przenoszenie.\n <\/li>\n<li>\n  <strong><br \/>\n   Materia\u0142 przyjazny dla sk\u00f3ry:<br \/>\n  <\/strong><br \/>\n  Wykonany z mi\u0119kkiego, niedra\u017cni\u0105cego materia\u0142u akrylowego, kt\u00f3ry jest bezpieczny dla wszystkich rodzaj\u00f3w sk\u00f3ry.\n <\/li>\n<\/ul>\n<h3>\n Specyfikacja produktu:<br \/>\n<\/h3>\n<ul>\n<li>\n  Typ: Podno\u015bnik do twarzy w kszta\u0142cie litery V\n <\/li>\n<li>\n  Materia\u0142: Akryl\n <\/li>\n<li>\n  \u0179r\u00f3d\u0142o zasilania: Akumulator\n <\/li>\n<li>\n  Napi\u0119cie \u0142adowania: DC3.7-5.0V\n <\/li>\n<li>\n  Moc znamionowa: 3,5 W\n <\/li>\n<li>\n  Rozmiar: 177,8\u00d7106,3x49 mm\n <\/li>\n<\/ul>\n<h3>\n Idealne dla:<br \/>\n<\/h3>\n<p>\n Niezale\u017cnie od tego, czy chcesz zredukowa\u0107 zmarszczki, napi\u0105\u0107 sk\u00f3r\u0119, czy po prostu usprawni\u0107 swoj\u0105 rutyn\u0119 kosmetyczn\u0105, elektryczny pas do liftingu twarzy DARSONVAL jest doskona\u0142ym wyborem. Jest to \u015bwietne rozwi\u0105zanie dla zapracowanych os\u00f3b, kt\u00f3re chc\u0105 skutecznego rozwi\u0105zania dla utrzymania zdrowia sk\u00f3ry, a tak\u017ce dla tych, kt\u00f3rzy szukaj\u0105 delikatnej, nieinwazyjnej alternatywy dla zabieg\u00f3w kosmetycznych na twarz.\n<\/p>\n<h3>\n Propozycja warto\u015bci:<br \/>\n<\/h3>\n<p>\n Elektryczny pas wyszczuplaj\u0105cy DARSONVAL V-Slimming Face Lift Up Belt oferuje niedrogie, domowe rozwi\u0105zanie do utrzymania zdrowia sk\u00f3ry i uzyskania bardziej m\u0142odzie\u0144czego wygl\u0105du. Dzi\u0119ki wszechstronnej funkcjonalno\u015bci i ergonomicznej konstrukcji zapewnia kompleksowe rozwi\u0105zanie do piel\u0119gnacji sk\u00f3ry, kt\u00f3re jest dostosowane do konkretnych potrzeb. Zainwestuj w zdrowie swojej sk\u00f3ry ju\u017c dzi\u015b - zam\u00f3w DARSONVAL Electric V-Slimming Face Lift Up Belt ju\u017c teraz!<\/p>","protected":false},"excerpt":{"rendered":"<p>Osi\u0105gnij wyra\u017anie j\u0119drniejsz\u0105 twarz w naturalny spos\u00f3b dzi\u0119ki elektrycznemu pasowi V-Slimming Face Lift Belt firmy DARSONVAL. To innowacyjne urz\u0105dzenie kosmetyczne wykorzystuje technologi\u0119 mikropr\u0105d\u00f3w EMS do skutecznego wyszczuplania i liftingu twarzy. Pozb\u0105d\u017a si\u0119 podw\u00f3jnego podbr\u00f3dka ju\u017c dzi\u015b. Kliknij teraz, aby uzyska\u0107 m\u0142odzie\u0144czy blask!<\/p>","protected":false},"featured_media":9160,"comment_status":"open","ping_status":"closed","template":"","meta":[],"product_brand":[],"product_cat":[54],"product_tag":[],"class_list":{"0":"post-7691","1":"product","2":"type-product","3":"status-publish","4":"has-post-thumbnail","6":"product_cat-darsonval-device","8":"first","9":"instock","10":"sale","11":"shipping-taxable","12":"purchasable","13":"product-type-variable"},"jetpack_sharing_enabled":true,"_links":{"self":[{"href":"https:\/\/darsonval.store\/pl\/wp-json\/wp\/v2\/product\/7691","targetHints":{"allow":["GET"]}}],"collection":[{"href":"https:\/\/darsonval.store\/pl\/wp-json\/wp\/v2\/product"}],"about":[{"href":"https:\/\/darsonval.store\/pl\/wp-json\/wp\/v2\/types\/product"}],"replies":[{"embeddable":true,"href":"https:\/\/darsonval.store\/pl\/wp-json\/wp\/v2\/comments?post=7691"}],"wp:featuredmedia":[{"embeddable":true,"href":"https:\/\/darsonval.store\/pl\/wp-json\/wp\/v2\/media\/9160"}],"wp:attachment":[{"href":"https:\/\/darsonval.store\/pl\/wp-json\/wp\/v2\/media?parent=7691"}],"wp:term":[{"taxonomy":"product_brand","embeddable":true,"href":"https:\/\/darsonval.store\/pl\/wp-json\/wp\/v2\/product_brand?post=7691"},{"taxonomy":"product_cat","embeddable":true,"href":"https:\/\/darsonval.store\/pl\/wp-json\/wp\/v2\/product_cat?post=7691"},{"taxonomy":"product_tag","embeddable":true,"href":"https:\/\/darsonval.store\/pl\/wp-json\/wp\/v2\/product_tag?post=7691"}],"curies":[{"name":"wp","href":"https:\/\/api.w.org\/{rel}","templated":true}]}}