{"id":7677,"date":"2025-02-05T23:00:27","date_gmt":"2025-02-05T15:00:27","guid":{"rendered":"https:\/\/darsonval.store\/?post_type=product&#038;p=7677"},"modified":"2025-02-06T22:38:31","modified_gmt":"2025-02-06T14:38:31","slug":"darsonval-blackhead-vacuum-cleaner-deep-pore-cleaning-acne-removal","status":"publish","type":"product","link":"https:\/\/darsonval.store\/pl\/p\/darsonval-blackhead-vacuum-cleaner-deep-pore-cleaning-acne-removal\/","title":{"rendered":"Odkurzacz do zask\u00f3rnik\u00f3w DARSONVAL - g\u0142\u0119bokie oczyszczanie por\u00f3w, usuwanie tr\u0105dziku"},"content":{"rendered":"<p>\n <img decoding=\"async\" alt=\"Narz\u0119dzie do usuwania tr\u0105dziku z mikrodermabrazj\u0105\" src=\"https:\/\/darsonval.store\/wp-content\/uploads\/2025\/02\/acne_removal_beauty_care_tool_with_microdermabrasion.webp\" \/><br \/>\n <img decoding=\"async\" alt=\"Usuwanie zask\u00f3rnik\u00f3w za pomoc\u0105 odkurzacza darsonval\" src=\"https:\/\/darsonval.store\/wp-content\/uploads\/2025\/02\/blackhead_removal_using_darsonval_vacuum_cleaner.webp\" \/><br \/>\n <img decoding=\"async\" alt=\"darsonval odkurzacz do usuwania zask\u00f3rnik\u00f3w i tr\u0105dziku\" src=\"https:\/\/darsonval.store\/wp-content\/uploads\/2025\/02\/darsonval_blackhead_cleaner_vacuum_for_acne_removal.webp\" \/><br \/>\n <img decoding=\"async\" alt=\"Narz\u0119dzie do mikrodermabrazji darsonval do g\u0142\u0119bokiego oczyszczania por\u00f3w\" src=\"https:\/\/darsonval.store\/wp-content\/uploads\/2025\/02\/darsonval_microdermabrasion_tool_for_deep_pore_cleaning.webp\" \/><br \/>\n <img decoding=\"async\" alt=\"g\u0142\u0119boko oczyszczaj\u0105cy odkurzacz do por\u00f3w firmy darsonval\" src=\"https:\/\/darsonval.store\/wp-content\/uploads\/2025\/02\/deep_cleaning_pore_vacuum_by_darsonval.webp\" \/><br \/>\n <img decoding=\"async\" alt=\"Narz\u0119dzie do piel\u0119gnacji urody darsonval z akumulatorem USB\" src=\"https:\/\/darsonval.store\/wp-content\/uploads\/2025\/02\/usb_rechargeable_darsonval_beauty_care_tool.webp\" \/>\n<\/p>\n<h2>\n Poznaj nowego najlepszego przyjaciela swojej sk\u00f3ry: Odkurzacz do usuwania zask\u00f3rnik\u00f3w DARSONVAL<br \/>\n<\/h2>\n<p>\n Przedstawiamy<br \/>\n <strong><br \/>\n  Odkurzacz do usuwania zask\u00f3rnik\u00f3w DARSONVAL<br \/>\n <\/strong><br \/>\n to kompleksowe rozwi\u0105zanie zapewniaj\u0105ce promienn\u0105, zdrow\u0105 i czyst\u0105 cer\u0119. Nasz odkurzacz do usuwania zask\u00f3rnik\u00f3w to co\u015b wi\u0119cej ni\u017c tylko urz\u0105dzenie do oczyszczania por\u00f3w; to kompleksowe narz\u0119dzie do piel\u0119gnacji urody, zaprojektowane tak, aby zapewni\u0107 salonow\u0105 jako\u015b\u0107 piel\u0119gnacji sk\u00f3ry w domu.\n<\/p>\n<h2>\n Kluczowe cechy i korzy\u015bci<br \/>\n<\/h2>\n<ul>\n<li>\n  <strong><br \/>\n   G\u0142\u0119bokie oczyszczanie por\u00f3w:<br \/>\n  <\/strong><br \/>\n  Po\u017cegnaj si\u0119 z uporczywymi zask\u00f3rnikami i tr\u0105dzikiem dzi\u0119ki naszemu silnemu odkurzaczowi, kt\u00f3ry g\u0142\u0119boko oczyszcza pory.\n <\/li>\n<li>\n  <strong><br \/>\n   Mikrodermabrazja:<br \/>\n  <\/strong><br \/>\n  Zapewnia profesjonalne z\u0142uszczanie i odm\u0142adzanie sk\u00f3ry, pozostawiaj\u0105c j\u0105 g\u0142adsz\u0105 i \u015bwie\u017csz\u0105.\n <\/li>\n<li>\n  <strong><br \/>\n   Mo\u017cliwo\u015b\u0107 \u0142adowania przez USB:<br \/>\n  <\/strong><br \/>\n  Nie wymaga baterii! Wystarczy na\u0142adowa\u0107 j\u0105 za pomoc\u0105 kabla USB, aby korzysta\u0107 z niej bez wysi\u0142ku w dowolnym miejscu i czasie.\n <\/li>\n<li>\n  <strong><br \/>\n   Wszechstronne zastosowanie:<br \/>\n  <\/strong><br \/>\n  Odpowiedni do oczyszczania twarzy, usuwania martwego nask\u00f3rka oraz zabieg\u00f3w liftinguj\u0105cych i przeciwstarzeniowych.\n <\/li>\n<\/ul>\n<h2>\n Specyfikacja produktu<br \/>\n<\/h2>\n<ul>\n<li>\n  Typ: Usuwanie zask\u00f3rnik\u00f3w, pr\u00f3\u017cniowe oczyszczanie twarzy\n <\/li>\n<li>\n  \u0179r\u00f3d\u0142o zasilania: Akumulator USB\n <\/li>\n<li>\n  Materia\u0142: Silikon\n <\/li>\n<li>\n  Rozmiar: 20,5*4,5 cm\n <\/li>\n<li>\n  Dost\u0119pne kolory: R\u00f3\u017cowy, Zielony, Czarny\n <\/li>\n<li>\n  Opakowanie: W zestawie pude\u0142ko detaliczne\n <\/li>\n<\/ul>\n<h2>\n Zastosowania<br \/>\n<\/h2>\n<p>\n DARSONVAL Blackhead Cleaner Vacuum to niezb\u0119dny dodatek do codziennej piel\u0119gnacji sk\u00f3ry. Niezale\u017cnie od tego, czy zmagasz si\u0119 z zatkanymi porami, czy matow\u0105 sk\u00f3r\u0105, to wielofunkcyjne narz\u0119dzie pomo\u017ce Ci osi\u0105gn\u0105\u0107 zdrowsz\u0105, promienn\u0105 sk\u00f3r\u0119, o kt\u00f3rej zawsze marzy\u0142e\u015b. Jest idealny dla wszystkich rodzaj\u00f3w sk\u00f3ry i mo\u017ce by\u0107 u\u017cywany w zaciszu w\u0142asnego domu, dzi\u0119ki czemu profesjonalna piel\u0119gnacja sk\u00f3ry jest wygodna i niedroga.\n<\/p>\n<h2>\n Poznaj r\u00f3\u017cnic\u0119 DARSONVAL<br \/>\n<\/h2>\n<p>\n DARSONVAL Blackhead Cleaner Vacuum to nie tylko produkt, ale tak\u017ce obietnica wyj\u0105tkowej jako\u015bci i doskona\u0142ych rezultat\u00f3w. To \u0142atwe w u\u017cyciu, skuteczne i niezawodne narz\u0119dzie z pewno\u015bci\u0105 spe\u0142ni Twoje potrzeby w zakresie piel\u0119gnacji sk\u00f3ry. Poczuj r\u00f3\u017cnic\u0119 ju\u017c dzi\u015b i zr\u00f3b krok naprz\u00f3d w piel\u0119gnacji sk\u00f3ry!\n<\/p>\n<p>\n <strong><br \/>\n  Nie czekaj! Zam\u00f3w DARSONVAL Blackhead Cleaner Vacuum ju\u017c teraz i rozpocznij swoj\u0105 podr\u00f3\u017c w kierunku nieskazitelnej sk\u00f3ry.<br \/>\n <\/strong><\/p>","protected":false},"excerpt":{"rendered":"<p>Odkryj magi\u0119 odkurzacza do usuwania zask\u00f3rnik\u00f3w DARSONVAL. To \u0142adowane przez USB narz\u0119dzie kosmetyczne oferuje g\u0142\u0119bokie oczyszczanie por\u00f3w i usuwanie tr\u0105dziku dla nieskazitelnej sk\u00f3ry. Nie czekaj, rozpocznij swoj\u0105 podr\u00f3\u017c do czystszej, zdrowszej sk\u00f3ry ju\u017c dzi\u015b!<\/p>","protected":false},"featured_media":9185,"comment_status":"open","ping_status":"closed","template":"","meta":[],"product_brand":[],"product_cat":[53],"product_tag":[],"class_list":{"0":"post-7677","1":"product","2":"type-product","3":"status-publish","4":"has-post-thumbnail","6":"product_cat-darsonval-for-face","8":"first","9":"instock","10":"sale","11":"shipping-taxable","12":"purchasable","13":"product-type-variable"},"jetpack_sharing_enabled":true,"_links":{"self":[{"href":"https:\/\/darsonval.store\/pl\/wp-json\/wp\/v2\/product\/7677","targetHints":{"allow":["GET"]}}],"collection":[{"href":"https:\/\/darsonval.store\/pl\/wp-json\/wp\/v2\/product"}],"about":[{"href":"https:\/\/darsonval.store\/pl\/wp-json\/wp\/v2\/types\/product"}],"replies":[{"embeddable":true,"href":"https:\/\/darsonval.store\/pl\/wp-json\/wp\/v2\/comments?post=7677"}],"wp:featuredmedia":[{"embeddable":true,"href":"https:\/\/darsonval.store\/pl\/wp-json\/wp\/v2\/media\/9185"}],"wp:attachment":[{"href":"https:\/\/darsonval.store\/pl\/wp-json\/wp\/v2\/media?parent=7677"}],"wp:term":[{"taxonomy":"product_brand","embeddable":true,"href":"https:\/\/darsonval.store\/pl\/wp-json\/wp\/v2\/product_brand?post=7677"},{"taxonomy":"product_cat","embeddable":true,"href":"https:\/\/darsonval.store\/pl\/wp-json\/wp\/v2\/product_cat?post=7677"},{"taxonomy":"product_tag","embeddable":true,"href":"https:\/\/darsonval.store\/pl\/wp-json\/wp\/v2\/product_tag?post=7677"}],"curies":[{"name":"wp","href":"https:\/\/api.w.org\/{rel}","templated":true}]}}