{"id":7593,"date":"2025-02-05T22:59:52","date_gmt":"2025-02-05T14:59:52","guid":{"rendered":"https:\/\/darsonval.store\/?post_type=product&#038;p=7593"},"modified":"2025-02-06T22:38:54","modified_gmt":"2025-02-06T14:38:54","slug":"darsonval-portable-led-makeup-mirror-usb-charging-adjustable-brightness","status":"publish","type":"product","link":"https:\/\/darsonval.store\/pl\/p\/darsonval-portable-led-makeup-mirror-usb-charging-adjustable-brightness\/","title":{"rendered":"Przeno\u015bne lusterko do makija\u017cu LED DARSONVAL - \u0142adowanie przez USB, regulowana jasno\u015b\u0107"},"content":{"rendered":"<p>\n <img decoding=\"async\" alt=\"regulowany ekran jasne \u015bwiat\u0142o lustro zdj\u0119cia\" src=\"https:\/\/darsonval.store\/wp-content\/uploads\/2025\/02\/adjustable_screen_bright_light_mirror_photos.webp\" \/><br \/>\n <img decoding=\"async\" alt=\"przeno\u015bne lusterko do makija\u017cu darsonval zdj\u0119cia\" src=\"https:\/\/darsonval.store\/wp-content\/uploads\/2025\/02\/darsonval_portable_makeup_mirror_pictures.webp\" \/><br \/>\n <img decoding=\"async\" alt=\"delikatne lusterko roz\u015bwietlaj\u0105ce do aplikacji makija\u017cu\" src=\"https:\/\/darsonval.store\/wp-content\/uploads\/2025\/02\/delicate_illuminate_mirror_for_makeup_application.webp\" \/><br \/>\n <img decoding=\"async\" alt=\"prezent dla dziewczyny bezprzewodowe lusterko do makija\u017cu\" src=\"https:\/\/darsonval.store\/wp-content\/uploads\/2025\/02\/gift_for_girl_wireless_makeup_mirror.webp\" \/><br \/>\n <img decoding=\"async\" alt=\"Zdj\u0119cia przeno\u015bnego i regulowanego lusterka do makija\u017cu\" src=\"https:\/\/darsonval.store\/wp-content\/uploads\/2025\/02\/images_of_portable_and_adjustable_makeup_mirror.webp\" \/><br \/>\n <img decoding=\"async\" alt=\"Zdj\u0119cia lusterka \u0142aduj\u0105cego darsonval usb\" src=\"https:\/\/darsonval.store\/wp-content\/uploads\/2025\/02\/pictures_of_darsonval_usb_charging_mirror.webp\" \/><br \/>\n <img decoding=\"async\" alt=\"podr\u00f3\u017cne lusterko do makija\u017cu z funkcj\u0105 \u0142adowania przez USB\" src=\"https:\/\/darsonval.store\/wp-content\/uploads\/2025\/02\/usb_charging_travel_makeup_mirror_visuals.webp\" \/><br \/>\n <img decoding=\"async\" alt=\"bezprzewodowe \u0142adowanie led makija\u017c lustro obrazy\" src=\"https:\/\/darsonval.store\/wp-content\/uploads\/2025\/02\/wireless_charging_led_makeup_mirror_images.webp\" \/>\n<\/p>\n<h2>\n Przedstawiamy bezprzewodowe lusterko do makija\u017cu LED DARSONVAL \u0142adowane przez USB<br \/>\n<\/h2>\n<p>\n DARSONVAL Wireless USB Charging LED Makeup Mirror to idealne po\u0142\u0105czenie stylu, wygody i funkcjonalno\u015bci. Zaprojektowane specjalnie dla dziewcz\u0105t, kt\u00f3re uwielbiaj\u0105 by\u0107 na bie\u017c\u0105co z mod\u0105, to przeno\u015bne i delikatne pod\u015bwietlane lusterko jest niezb\u0119dnym dodatkiem. Niezale\u017cnie od tego, czy chcesz poprawi\u0107 makija\u017c, czy potrzebujesz wyra\u017anego widoku podczas jego nak\u0142adania, to jasne lusterko z regulowanym ekranem jest idealnym towarzyszem.\n<\/p>\n<h2>\n G\u0142\u00f3wne cechy i korzy\u015bci<br \/>\n<\/h2>\n<ul>\n<li>\n  <strong><br \/>\n   Bezprzewodowy i \u0142adowany przez USB:<br \/>\n  <\/strong><br \/>\n  Po\u017cegnaj si\u0119 z k\u0142opotliw\u0105 wymian\u0105 baterii. To lusterko \u0142aduje si\u0119 przez USB, dzi\u0119ki czemu mo\u017cna je \u0142atwo w\u0142\u0105czy\u0107 i u\u017cywa\u0107 w dowolnym miejscu i czasie.\n <\/li>\n<li>\n  <strong><br \/>\n   \u015awiat\u0142a LED:<br \/>\n  <\/strong><br \/>\n  Wyposa\u017cony w diody LED, kt\u00f3re zapewniaj\u0105 du\u017c\u0105 jasno\u015b\u0107, dzi\u0119ki czemu nigdy nie przegapisz miejsca podczas wykonywania makija\u017cu, nawet w s\u0142abo o\u015bwietlonych warunkach.\n <\/li>\n<li>\n  <strong><br \/>\n   Regulowana jasno\u015b\u0107:<br \/>\n  <\/strong><br \/>\n  Dostosuj jasno\u015b\u0107 ekranu do swoich preferencji lub warunk\u00f3w o\u015bwietleniowych, aby uzyska\u0107 optymaln\u0105 widoczno\u015b\u0107.\n <\/li>\n<li>\n  <strong><br \/>\n   Przeno\u015bny:<br \/>\n  <\/strong><br \/>\n  Lekka i kompaktowa konstrukcja pozwala wygodnie nosi\u0107 go w torebce - b\u0105d\u017a zawsze gotowy do dzia\u0142ania!\n <\/li>\n<\/ul>\n<h2>\n Specyfikacja produktu<br \/>\n<\/h2>\n<ul>\n<li>\n  Materia\u0142: ABS + szk\u0142o\n <\/li>\n<li>\n  Rozmiar: 15 cm \u015brednicy, 20*7*18 (ca\u0142o\u015b\u0107)\n <\/li>\n<li>\n  Funkcja: Pod\u015bwietlany\n <\/li>\n<li>\n  Zasilanie przez: Kabel USB\n <\/li>\n<li>\n  Opcje kolor\u00f3w: R\u00f3\u017cowy\/Zielony\n <\/li>\n<li>\n  Pojemno\u015b\u0107 baterii: 500mA\n <\/li>\n<li>\n  Przeznaczenie: Lusterko sto\u0142owe\/kieszeniowe\n <\/li>\n<\/ul>\n<h2>\n Przypadki u\u017cycia i aplikacje<br \/>\n<\/h2>\n<p>\n To wszechstronne lusterko mo\u017ce by\u0107 u\u017cywane jako lusterko sto\u0142owe w domu lub jako lusterko kieszonkowe, gdy jeste\u015b w podr\u00f3\u017cy. Wbudowane o\u015bwietlenie LED przydaje si\u0119 podczas wieczornych imprez lub nocnych wydarze\u0144, gdzie o\u015bwietlenie mo\u017ce by\u0107 niewystarczaj\u0105ce. Jest to r\u00f3wnie\u017c idealny prezent dla dziewczyn, kt\u00f3re uwielbiaj\u0105 makija\u017c lub zabiegi piel\u0119gnacyjne.\n<\/p>\n<h2>\n Jasna propozycja warto\u015bci<br \/>\n<\/h2>\n<p>\n DARSONVAL Wireless USB Charging LED Makeup Mirror \u0142\u0105czy w sobie funkcjonalno\u015b\u0107 i styl w kompaktowej obudowie. To nie tylko lusterko, ale rozwi\u0105zanie dla codziennych potrzeb zwi\u0105zanych z makija\u017cem. Dzi\u0119ki regulowanej jasno\u015bci i mo\u017cliwo\u015bci bezprzewodowego \u0142adowania zapewnia swobod\u0119 i elastyczno\u015b\u0107, kt\u00f3rej potrzebuj\u0105 nowoczesne kobiety.\n<\/p>\n<p>\n Porzu\u0107 staromodne lusterka i ulepsz swoj\u0105 piel\u0119gnacj\u0119 dzi\u0119ki lusterku do makija\u017cu LED DARSONVAL z bezprzewodowym \u0142adowaniem przez USB. Nie id\u017a na kompromis w kwestii swojego wygl\u0105du - osi\u0105gaj perfekcj\u0119 za ka\u017cdym razem i wsz\u0119dzie!<br \/>\n <strong><br \/>\n  Zam\u00f3w teraz<br \/>\n <\/strong><br \/>\n i samemu do\u015bwiadczy\u0107 r\u00f3\u017cnicy!<\/p>","protected":false},"excerpt":{"rendered":"<p>Odkryj bezprzewodowe lusterko do makija\u017cu LED DARSONVAL \u0142adowane przez USB. Idealnie przeno\u015bne i regulowane do nieskazitelnej aplikacji makija\u017cu. \u015awietny prezent dla dziewczyn, kt\u00f3re uwielbiaj\u0105 dba\u0107 o urod\u0119 w podr\u00f3\u017cy. Kup teraz!<\/p>","protected":false},"featured_media":9235,"comment_status":"open","ping_status":"closed","template":"","meta":[],"product_brand":[],"product_cat":[54],"product_tag":[],"class_list":{"0":"post-7593","1":"product","2":"type-product","3":"status-publish","4":"has-post-thumbnail","6":"product_cat-darsonval-device","8":"first","9":"instock","10":"sale","11":"shipping-taxable","12":"purchasable","13":"product-type-variable"},"jetpack_sharing_enabled":true,"_links":{"self":[{"href":"https:\/\/darsonval.store\/pl\/wp-json\/wp\/v2\/product\/7593","targetHints":{"allow":["GET"]}}],"collection":[{"href":"https:\/\/darsonval.store\/pl\/wp-json\/wp\/v2\/product"}],"about":[{"href":"https:\/\/darsonval.store\/pl\/wp-json\/wp\/v2\/types\/product"}],"replies":[{"embeddable":true,"href":"https:\/\/darsonval.store\/pl\/wp-json\/wp\/v2\/comments?post=7593"}],"wp:featuredmedia":[{"embeddable":true,"href":"https:\/\/darsonval.store\/pl\/wp-json\/wp\/v2\/media\/9235"}],"wp:attachment":[{"href":"https:\/\/darsonval.store\/pl\/wp-json\/wp\/v2\/media?parent=7593"}],"wp:term":[{"taxonomy":"product_brand","embeddable":true,"href":"https:\/\/darsonval.store\/pl\/wp-json\/wp\/v2\/product_brand?post=7593"},{"taxonomy":"product_cat","embeddable":true,"href":"https:\/\/darsonval.store\/pl\/wp-json\/wp\/v2\/product_cat?post=7593"},{"taxonomy":"product_tag","embeddable":true,"href":"https:\/\/darsonval.store\/pl\/wp-json\/wp\/v2\/product_tag?post=7593"}],"curies":[{"name":"wp","href":"https:\/\/api.w.org\/{rel}","templated":true}]}}