{"id":7527,"date":"2025-02-05T22:59:22","date_gmt":"2025-02-05T14:59:22","guid":{"rendered":"https:\/\/darsonval.store\/?post_type=product&#038;p=7527"},"modified":"2025-02-06T22:39:18","modified_gmt":"2025-02-06T14:39:18","slug":"darsonval-5-in-1-electric-silicone-facial-brush-rotating-blackhead-massager-waterproof","status":"publish","type":"product","link":"https:\/\/darsonval.store\/pl\/p\/darsonval-5-in-1-electric-silicone-facial-brush-rotating-blackhead-massager-waterproof\/","title":{"rendered":"DARSONVAL Elektryczna silikonowa szczoteczka do twarzy 5 w 1 - obrotowa, masa\u017cer zask\u00f3rnik\u00f3w, wodoodporna"},"content":{"rendered":"<p>\n <img decoding=\"async\" alt=\"Wielofunkcyjne urz\u0105dzenie do oczyszczania twarzy 5 w 1\" src=\"https:\/\/darsonval.store\/wp-content\/uploads\/2025\/02\/5_in_1_multifunctional_face_cleansing_device.webp\" \/><br \/>\n <img decoding=\"async\" alt=\"darsonval elektryczna szczoteczka do oczyszczania twarzy zdj\u0119cia\" src=\"https:\/\/darsonval.store\/wp-content\/uploads\/2025\/02\/darsonval_electric_face_cleansing_brush_images.webp\" \/><br \/>\n <img decoding=\"async\" alt=\"darsonval soniczny masa\u017cer do twarzy odm\u0142adzaj\u0105cy\" src=\"https:\/\/darsonval.store\/wp-content\/uploads\/2025\/02\/darsonval_sonic_face_massager_for_rejuvenation.webp\" \/><br \/>\n <img decoding=\"async\" alt=\"masa\u017cer wstrz\u0105sowy wodoodporne urz\u0105dzenie do piel\u0119gnacji sk\u00f3ry\" src=\"https:\/\/darsonval.store\/wp-content\/uploads\/2025\/02\/shock_massager_waterproof_skin_care_device.webp\" \/><br \/>\n <img decoding=\"async\" alt=\"Silikonowe obrotowe szczoteczki do g\u0142\u0119bokiego oczyszczania twarzy\" src=\"https:\/\/darsonval.store\/wp-content\/uploads\/2025\/02\/silicone_rotating_facial_brushes_for_deep_cleaning.webp\" \/><br \/>\n <img decoding=\"async\" alt=\"soniczne narz\u0119dzie do usuwania zask\u00f3rnik\u00f3w z twarzy zdj\u0119cia\" src=\"https:\/\/darsonval.store\/wp-content\/uploads\/2025\/02\/sonic_facial_blackhead_remover_tool_pictures.webp\" \/><br \/>\n <img decoding=\"async\" alt=\"Wodoodporna elektryczna szczoteczka do twarzy do rutynowej piel\u0119gnacji sk\u00f3ry\" src=\"https:\/\/darsonval.store\/wp-content\/uploads\/2025\/02\/waterproof_electric_facial_brush_for_skincare_routine.webp\" \/>\n<\/p>\n<h2>\n DARSONVAL 5 In1 Elektryczna szczoteczka do oczyszczania twarzy Silikonowe obrotowe szczoteczki do twarzy Soniczny masa\u017cer zask\u00f3rnik\u00f3w do twarzy Wodoodporny<br \/>\n<\/h2>\n<p>\n Poznaj moc profesjonalnej piel\u0119gnacji sk\u00f3ry na wyci\u0105gni\u0119cie r\u0119ki dzi\u0119ki elektrycznej szczoteczce do oczyszczania twarzy DARSONVAL 5w1. Ten rewolucyjny produkt \u0142\u0105czy w sobie silikonowe obrotowe szczoteczki do twarzy i soniczny masa\u017cer zask\u00f3rnik\u00f3w do twarzy w jednym wodoodpornym, przyjaznym dla sk\u00f3ry urz\u0105dzeniu. Dzi\u0119ki swoim obiecuj\u0105cym funkcjom wyznacza nowy standard w osi\u0105ganiu nieskazitelnej sk\u00f3ry w domu.\n<\/p>\n<h2>\n Kluczowe cechy i korzy\u015bci:<br \/>\n<\/h2>\n<ul>\n<li>\n  <strong><br \/>\n   Uniwersalny system do piel\u0119gnacji twarzy:<br \/>\n  <\/strong><br \/>\n  Oferuj\u0105c siedem r\u00f3\u017cnych g\u0142owic szczoteczki do twarzy, od delikatnego oczyszczania po energiczne g\u0142\u0119bokie oczyszczanie, urz\u0105dzenie to zapewnia pe\u0142ne spektrum piel\u0119gnacji sk\u00f3ry.\n <\/li>\n<li>\n  <strong><br \/>\n   W pe\u0142ni wodoodporny:<br \/>\n  <\/strong><br \/>\n  Wodoodporno\u015b\u0107 na poziomie IPX6 sprawia, \u017ce szczoteczka jest bezpieczna i wygodna w u\u017cyciu pod prysznicem lub w wannie.\n <\/li>\n<li>\n  <strong><br \/>\n   Dwa ustawienia pr\u0119dko\u015bci:<br \/>\n  <\/strong><br \/>\n  Wybierz mi\u0119dzy wysok\u0105 i nisk\u0105 pr\u0119dko\u015bci\u0105, aby dopasowa\u0107 j\u0105 do konkretnych potrzeb piel\u0119gnacji sk\u00f3ry - ni\u017csza pr\u0119dko\u015b\u0107 dla sk\u00f3ry wra\u017cliwej i wy\u017csza pr\u0119dko\u015b\u0107 dla sk\u00f3ry normalnej lub szorstkiej.\n <\/li>\n<li>\n  <strong><br \/>\n   R\u00f3\u017cnorodno\u015b\u0107 za\u0142\u0105cznik\u00f3w:<br \/>\n  <\/strong><br \/>\n  Urz\u0105dzenie wyposa\u017cone jest w trzy ma\u0142e szczoteczki do oczyszczania twarzy, g\u0142owic\u0119 do demakija\u017cu, polerk\u0119 do usuwania zrogowace\u0144 oraz szczoteczk\u0119 do masa\u017cu.\n <\/li>\n<li>\n  <strong><br \/>\n   Idealny pomys\u0142 na prezent:<br \/>\n  <\/strong><br \/>\n  Elektryczna szczoteczka do oczyszczania twarzy DARSONVAL 5 w 1 to przemy\u015blany prezent dla przyjaci\u00f3\u0142 i rodziny, oferuj\u0105cy im wra\u017cenia z piel\u0119gnacji twarzy o jako\u015bci spa w domu.\n <\/li>\n<\/ul>\n<h2>\n Specyfikacja produktu:<br \/>\n<\/h2>\n<ul>\n<li>\n  \u0179r\u00f3d\u0142o zasilania: Bateria sucha (2 baterie AA nie do\u0142\u0105czone do zestawu)\n <\/li>\n<li>\n  Certyfikaty jako\u015bci: CE\n <\/li>\n<li>\n  Typ: Szczotka\n <\/li>\n<li>\n  Standard wodoodporno\u015bci: IPX-6\n <\/li>\n<li>\n  Numer modelu: Szczoteczka do oczyszczania twarzy\n <\/li>\n<li>\n  Funkcje: Oczyszczanie twarzy, Napinanie sk\u00f3ry, Odm\u0142adzanie sk\u00f3ry, Masa\u017c wibracyjny, Usuwanie martwego nask\u00f3rka\n <\/li>\n<\/ul>\n<h2>\n Przypadki u\u017cycia:<br \/>\n<\/h2>\n<p>\n Elektryczna szczoteczka do oczyszczania twarzy DARSONVAL 5w1 jest idealna dla tych, kt\u00f3rzy chc\u0105 kompleksowej piel\u0119gnacji sk\u00f3ry bez zb\u0119dnego zamieszania. \u015awietnie nadaje si\u0119 r\u00f3wnie\u017c dla os\u00f3b borykaj\u0105cych si\u0119 z typowymi problemami sk\u00f3rnymi, takimi jak zask\u00f3rniki, w\u0105gry, zatkane pory, matowo\u015b\u0107 i nier\u00f3wny koloryt sk\u00f3ry. U\u017cywaj go regularnie, aby usun\u0105\u0107 makija\u017c, oczy\u015bci\u0107 sk\u00f3r\u0119, z\u0142uszczy\u0107 martwe kom\u00f3rki nask\u00f3rka, masowa\u0107 twarz i nie tylko!\n<\/p>\n<h2>\n Propozycja warto\u015bci:<br \/>\n<\/h2>\n<p>\n Po co zadowala\u0107 si\u0119 kilkoma urz\u0105dzeniami do piel\u0119gnacji sk\u00f3ry, skoro mo\u017cna mie\u0107 wszystko w jednym? Dzi\u0119ki elektrycznej szczoteczce do oczyszczania twarzy DARSONVAL 5 in1 entuzja\u015bci pi\u0119kna na ca\u0142ym \u015bwiecie mog\u0105 teraz osi\u0105gn\u0105\u0107 salonowe rezultaty piel\u0119gnacji sk\u00f3ry w domu. Jej kompaktowa konstrukcja i wodoodporno\u015b\u0107 sprawiaj\u0105, \u017ce jest idealnym towarzyszem podr\u00f3\u017cy. Kup j\u0105 ju\u017c dzi\u015b i rozpocznij swoj\u0105 podr\u00f3\u017c w kierunku zdrowszej, ja\u015bniejszej sk\u00f3ry.\n<\/p>\n<p>\n <strong><br \/>\n  Kup teraz i poczuj r\u00f3\u017cnic\u0119!<br \/>\n <\/strong><\/p>","protected":false},"excerpt":{"rendered":"<p>Do\u015bwiadcz promiennej sk\u00f3ry dzi\u0119ki naszej elektrycznej szczoteczce do oczyszczania twarzy DARSONVAL 5 w 1. To zaawansowane urz\u0105dzenie oferuje masa\u017c szokowy i usuwanie zask\u00f3rnik\u00f3w - wszystko w jednym! Czy nie nadszed\u0142 czas, aby ulepszy\u0107 swoj\u0105 piel\u0119gnacj\u0119 sk\u00f3ry? Kliknij teraz, aby odkry\u0107 g\u0142adsz\u0105, ja\u015bniejsz\u0105 cer\u0119.<\/p>","protected":false},"featured_media":9306,"comment_status":"open","ping_status":"closed","template":"","meta":[],"product_brand":[],"product_cat":[53],"product_tag":[],"class_list":{"0":"post-7527","1":"product","2":"type-product","3":"status-publish","4":"has-post-thumbnail","6":"product_cat-darsonval-for-face","8":"first","9":"instock","10":"sale","11":"shipping-taxable","12":"purchasable","13":"product-type-variable"},"jetpack_sharing_enabled":true,"_links":{"self":[{"href":"https:\/\/darsonval.store\/pl\/wp-json\/wp\/v2\/product\/7527","targetHints":{"allow":["GET"]}}],"collection":[{"href":"https:\/\/darsonval.store\/pl\/wp-json\/wp\/v2\/product"}],"about":[{"href":"https:\/\/darsonval.store\/pl\/wp-json\/wp\/v2\/types\/product"}],"replies":[{"embeddable":true,"href":"https:\/\/darsonval.store\/pl\/wp-json\/wp\/v2\/comments?post=7527"}],"wp:featuredmedia":[{"embeddable":true,"href":"https:\/\/darsonval.store\/pl\/wp-json\/wp\/v2\/media\/9306"}],"wp:attachment":[{"href":"https:\/\/darsonval.store\/pl\/wp-json\/wp\/v2\/media?parent=7527"}],"wp:term":[{"taxonomy":"product_brand","embeddable":true,"href":"https:\/\/darsonval.store\/pl\/wp-json\/wp\/v2\/product_brand?post=7527"},{"taxonomy":"product_cat","embeddable":true,"href":"https:\/\/darsonval.store\/pl\/wp-json\/wp\/v2\/product_cat?post=7527"},{"taxonomy":"product_tag","embeddable":true,"href":"https:\/\/darsonval.store\/pl\/wp-json\/wp\/v2\/product_tag?post=7527"}],"curies":[{"name":"wp","href":"https:\/\/api.w.org\/{rel}","templated":true}]}}