{"id":7472,"date":"2025-02-05T22:58:52","date_gmt":"2025-02-05T14:58:52","guid":{"rendered":"https:\/\/darsonval.store\/?post_type=product&#038;p=7472"},"modified":"2025-02-06T22:39:41","modified_gmt":"2025-02-06T14:39:41","slug":"darsonval-bluetooth-led-makeup-mirror-usb-rechargeable-magnifying-desktop-vanity","status":"publish","type":"product","link":"https:\/\/darsonval.store\/pl\/p\/darsonval-bluetooth-led-makeup-mirror-usb-rechargeable-magnifying-desktop-vanity\/","title":{"rendered":"Lustro do makija\u017cu LED DARSONVAL Bluetooth - \u0142adowane przez USB, powi\u0119kszaj\u0105ce, na biurko"},"content":{"rendered":"<p>\n <img decoding=\"async\" alt=\"Lusterko do makija\u017cu LED DARSONVAL z funkcj\u0105 Bluetooth\" src=\"https:\/\/darsonval.store\/wp-content\/uploads\/2025\/02\/DARSONVAL_Bluetooth_enabled_LED_makeup_mirror.webp\" \/><br \/>\n <img decoding=\"async\" alt=\"Lustro LED DARSONVAL do profesjonalnego makija\u017cu\" src=\"https:\/\/darsonval.store\/wp-content\/uploads\/2025\/02\/DARSONVAL_LED_mirror_for_professional_makeup.webp\" \/><br \/>\n <img decoding=\"async\" alt=\"Wysokiej jako\u015bci biurkowe lusterko do makija\u017cu DARSONVAL\" src=\"https:\/\/darsonval.store\/wp-content\/uploads\/2025\/02\/High_quality_DARSONVAL_desktop_makeup_mirror.webp\" \/><br \/>\n <img decoding=\"async\" alt=\"Pod\u015bwietlane diodami LED lusterko kosmetyczne z \u0142adowaniem przez USB\" src=\"https:\/\/darsonval.store\/wp-content\/uploads\/2025\/02\/LED-lit_vanity_mirror_with_USB_charging.webp\" \/><br \/>\n <img decoding=\"async\" alt=\"Akumulatorowe lusterko Bluetooth do makija\u017cu\" src=\"https:\/\/darsonval.store\/wp-content\/uploads\/2025\/02\/Rechargeable_Bluetooth_light_mirror_for_makeup.webp\" \/><br \/>\n <img decoding=\"async\" alt=\"Sto\u0142owe powi\u0119kszaj\u0105ce lusterko do makija\u017cu marki DARSONVAL\" src=\"https:\/\/darsonval.store\/wp-content\/uploads\/2025\/02\/Tabletop_magnifying_makeup_mirror_by_DARSONVAL.webp\" \/><br \/>\n <img decoding=\"async\" alt=\"Lusterko powi\u0119kszaj\u0105ce do makija\u017cu \u0142adowane przez USB\" src=\"https:\/\/darsonval.store\/wp-content\/uploads\/2025\/02\/USB_rechargeable_tabletop_magnifying_makeup_mirror.webp\" \/><br \/>\n <img decoding=\"async\" alt=\"Przydatne lusterko do makija\u017cu z o\u015bwietleniem\" src=\"https:\/\/darsonval.store\/wp-content\/uploads\/2025\/02\/Useful_makeup_vanity_mirror_with_lighting.webp\" \/>\n<\/p>\n<h2>\n Przedstawiamy lusterko DARSONVAL Bluetooth Light Mirror<br \/>\n<\/h2>\n<p>\n Wprowad\u017a technologi\u0119 i wygod\u0119 do swojej codziennej rutyny piel\u0119gnacyjnej dzi\u0119ki naszemu lusterku DARSONVAL Bluetooth Light Mirror. \u0141\u0105cz\u0105c w sobie klasyczn\u0105 estetyk\u0119 i zaawansowane funkcje, to \u0142adowalne lusterko do makija\u017cu jest obowi\u0105zkowym elementem Twojej toaletki. Dzi\u0119ki zintegrowanemu o\u015bwietleniu LED i mo\u017cliwo\u015bci powi\u0119kszania jest idealnym towarzyszem do nieskazitelnej aplikacji makija\u017cu, a wbudowany g\u0142o\u015bnik Bluetooth pozwala cieszy\u0107 si\u0119 ulubionymi utworami lub odbiera\u0107 po\u0142\u0105czenia bez wysi\u0142ku.\n<\/p>\n<h2>\n Kluczowe cechy i korzy\u015bci<br \/>\n<\/h2>\n<ul>\n<li>\n  <strong><br \/>\n   Pod\u015bwietlane lusterko:<br \/>\n  <\/strong><br \/>\n  \u015awiat\u0142a LED o wysokiej intensywno\u015bci zapewniaj\u0105 trzy opcje kolor\u00f3w: bia\u0142e \u015bwiat\u0142o, naturalne \u015bwiat\u0142o i ciep\u0142e \u015bwiat\u0142o, umo\u017cliwiaj\u0105c uzyskanie dok\u0142adnego makija\u017cu w ka\u017cdych warunkach o\u015bwietleniowych.\n <\/li>\n<li>\n  <strong><br \/>\n   \u0141\u0105czno\u015b\u0107 Bluetooth:<br \/>\n  <\/strong><br \/>\n  Pod\u0142\u0105cz bezprzewodowo swoje urz\u0105dzenia, aby odtwarza\u0107 muzyk\u0119 lub odbiera\u0107 po\u0142\u0105czenia telefoniczne podczas przygotowa\u0144.\n <\/li>\n<li>\n  <strong><br \/>\n   Mo\u017cliwo\u015b\u0107 \u0142adowania przez USB:<br \/>\n  <\/strong><br \/>\n  Zasilany akumulatorem 2000 mA, kt\u00f3ry mo\u017cna wygodnie \u0142adowa\u0107 za pomoc\u0105 kabla USB, dzi\u0119ki czemu idealnie nadaje si\u0119 zar\u00f3wno do u\u017cytku domowego, jak i w podr\u00f3\u017cy.\n <\/li>\n<li>\n  <strong><br \/>\n   Obrotowa konstrukcja:<br \/>\n  <\/strong><br \/>\n  Obracaj\u0105ce si\u0119 o 98 stopni lusterko pozwala dostosowa\u0107 k\u0105t do w\u0142asnych preferencji, zapewniaj\u0105c bardziej spersonalizowane wra\u017cenia.\n <\/li>\n<li>\n  <strong><br \/>\n   Wytrzyma\u0142a konstrukcja:<br \/>\n  <\/strong><br \/>\n  Wykonany z materia\u0142u ABS + szk\u0142a zapewnia d\u0142ugotrwa\u0142\u0105 trwa\u0142o\u015b\u0107 i wyra\u017ane odbicie.\n <\/li>\n<\/ul>\n<h2>\n Specyfikacja produktu<br \/>\n<\/h2>\n<ul>\n<li>\n  \u015awiat\u0142o: Wyposa\u017cony\n <\/li>\n<li>\n  Typ przedmiotu: Lusterko do makija\u017cu\n <\/li>\n<li>\n  Funkcja: Pod\u015bwietlany\n <\/li>\n<li>\n  Numer modelu: DARSONVAL\n <\/li>\n<li>\n  Materia\u0142: ABS+szk\u0142o\n <\/li>\n<li>\n  Rozmiar: 19*7*20cm\n <\/li>\n<li>\n  Zasilanie przez: Kabel USB\n <\/li>\n<li>\n  Kolor: R\u00f3\u017cowy\n <\/li>\n<li>\n  Pojemno\u015b\u0107 baterii: 2000mA\n <\/li>\n<li>\n  Kolor \u015bwiat\u0142a: \u015bwiat\u0142o bia\u0142e\/naturalne\/ciep\u0142e\n <\/li>\n<\/ul>\n<h2>\n Przypadek u\u017cycia i propozycja warto\u015bci<br \/>\n<\/h2>\n<p>\n Lustro DARSONVAL Bluetooth Light Mirror to nie tylko kolejna \u0142adna twarz na toaletce. Oferuje ono praktyczne rozwi\u0105zania dla zapracowanych os\u00f3b, kt\u00f3re chc\u0105 pracowa\u0107 wielozadaniowo, nie rezygnuj\u0105c przy tym z dbania o urod\u0119. To lusterko nie tylko o\u015bwietla twarz, ale tak\u017ce odtwarza ulubion\u0105 muzyk\u0119 i pozwala odbiera\u0107 wa\u017cne po\u0142\u0105czenia. Zaprojektowane z my\u015bl\u0105 o nowoczesnej kobiecie, jest niezwykle wszechstronnym narz\u0119dziem, kt\u00f3re upraszcza rutyn\u0119 makija\u017cu i sprawia, \u017ce jest ona przyjemna w tym samym czasie.\n<\/p>\n<h2>\n Zafunduj sobie przyjemno\u015b\u0107 ju\u017c dzi\u015b<br \/>\n<\/h2>\n<p>\n Dodaj wyrafinowania i funkcjonalno\u015bci do swojej rutyny piel\u0119gnacyjnej dzi\u0119ki DARSONVAL Bluetooth Light Mirror. O\u017cyw swoje poranki dobr\u0105 muzyk\u0105 i zainwestuj w \u0142atwiejsz\u0105 i wygodniejsz\u0105 piel\u0119gnacj\u0119. Zam\u00f3w teraz i odmie\u0144 sw\u00f3j makija\u017c!<\/p>","protected":false},"excerpt":{"rendered":"<p>Roz\u015bwietl swoje rutynowe zabiegi kosmetyczne dzi\u0119ki lusterku DARSONVAL Bluetooth Light Mirror. Do\u015bwiadcz wyra\u017anego powi\u0119kszenia i regulowanego o\u015bwietlenia LED, a wszystko to w \u0142adowalnej, kompatybilnej z USB konstrukcji. Kliknij teraz, aby na nowo zdefiniowa\u0107 sw\u00f3j schemat makija\u017cu!<\/p>","protected":false},"featured_media":9402,"comment_status":"open","ping_status":"closed","template":"","meta":[],"product_brand":[],"product_cat":[54],"product_tag":[],"class_list":{"0":"post-7472","1":"product","2":"type-product","3":"status-publish","4":"has-post-thumbnail","6":"product_cat-darsonval-device","8":"first","9":"instock","10":"sale","11":"shipping-taxable","12":"purchasable","13":"product-type-variable"},"jetpack_sharing_enabled":true,"_links":{"self":[{"href":"https:\/\/darsonval.store\/pl\/wp-json\/wp\/v2\/product\/7472","targetHints":{"allow":["GET"]}}],"collection":[{"href":"https:\/\/darsonval.store\/pl\/wp-json\/wp\/v2\/product"}],"about":[{"href":"https:\/\/darsonval.store\/pl\/wp-json\/wp\/v2\/types\/product"}],"replies":[{"embeddable":true,"href":"https:\/\/darsonval.store\/pl\/wp-json\/wp\/v2\/comments?post=7472"}],"wp:featuredmedia":[{"embeddable":true,"href":"https:\/\/darsonval.store\/pl\/wp-json\/wp\/v2\/media\/9402"}],"wp:attachment":[{"href":"https:\/\/darsonval.store\/pl\/wp-json\/wp\/v2\/media?parent=7472"}],"wp:term":[{"taxonomy":"product_brand","embeddable":true,"href":"https:\/\/darsonval.store\/pl\/wp-json\/wp\/v2\/product_brand?post=7472"},{"taxonomy":"product_cat","embeddable":true,"href":"https:\/\/darsonval.store\/pl\/wp-json\/wp\/v2\/product_cat?post=7472"},{"taxonomy":"product_tag","embeddable":true,"href":"https:\/\/darsonval.store\/pl\/wp-json\/wp\/v2\/product_tag?post=7472"}],"curies":[{"name":"wp","href":"https:\/\/api.w.org\/{rel}","templated":true}]}}