{"id":7449,"date":"2025-02-05T22:58:36","date_gmt":"2025-02-05T14:58:36","guid":{"rendered":"https:\/\/darsonval.store\/?post_type=product&#038;p=7449"},"modified":"2025-02-06T22:40:04","modified_gmt":"2025-02-06T14:40:04","slug":"electric-blackhead-suction-device-small-bubble-pore-cleaner-acne-removal","status":"publish","type":"product","link":"https:\/\/darsonval.store\/pl\/p\/electric-blackhead-suction-device-small-bubble-pore-cleaner-acne-removal\/","title":{"rendered":"Elektryczne urz\u0105dzenie do odsysania zask\u00f3rnik\u00f3w - ma\u0142e b\u0105belki do czyszczenia por\u00f3w, usuwanie tr\u0105dziku"},"content":{"rendered":"<p>\n <img decoding=\"async\" alt=\"urz\u0105dzenie do upi\u0119kszania twarzy z tr\u0105dzikiem i zask\u00f3rnikami zdj\u0119cie\" src=\"https:\/\/darsonval.store\/wp-content\/uploads\/2025\/02\/acne_facial_beauty_and_blackhead_device_photo.webp\" \/><br \/>\n <img decoding=\"async\" alt=\"Leczenie tr\u0105dziku za pomoc\u0105 urz\u0105dzenia do odsysania zask\u00f3rnik\u00f3w\" src=\"https:\/\/darsonval.store\/wp-content\/uploads\/2025\/02\/acne_treatment_with_blackhead_suction_device.webp\" \/><br \/>\n <img decoding=\"async\" alt=\"Zaawansowane urz\u0105dzenie do odsysania zask\u00f3rnik\u00f3w\" src=\"https:\/\/darsonval.store\/wp-content\/uploads\/2025\/02\/advanced_blackhead_suction_device_electric_picture.webp\" \/><br \/>\n <img decoding=\"async\" alt=\"Urz\u0105dzenie kosmetyczne do \u0142atwego usuwania zask\u00f3rnik\u00f3w\" src=\"https:\/\/darsonval.store\/wp-content\/uploads\/2025\/02\/beauty_device_for_removing_blackheads_easily.webp\" \/><br \/>\n <img decoding=\"async\" alt=\"Urz\u0105dzenie do usuwania zask\u00f3rnik\u00f3w dla czystszej sk\u00f3ry\" src=\"https:\/\/darsonval.store\/wp-content\/uploads\/2025\/02\/blackhead_removal_device_for_clearer_skin.webp\" \/><br \/>\n <img decoding=\"async\" alt=\"Skuteczny elektryczny \u015brodek do usuwania tr\u0105dziku i zask\u00f3rnik\u00f3w\" src=\"https:\/\/darsonval.store\/wp-content\/uploads\/2025\/02\/effective_electric_acne_and_blackhead_cleaner.webp\" \/><br \/>\n <img decoding=\"async\" alt=\"elektryczne urz\u0105dzenie ss\u0105ce do usuwania zask\u00f3rnik\u00f3w\" src=\"https:\/\/darsonval.store\/wp-content\/uploads\/2025\/02\/electric_suction_device_for_blackhead_removal.webp\" \/><br \/>\n <img decoding=\"async\" alt=\"Oczyszczacz por\u00f3w twarzy z ma\u0142ymi b\u0105belkami\" src=\"https:\/\/darsonval.store\/wp-content\/uploads\/2025\/02\/facial_pore_cleaner_with_small_bubbles.webp\" \/><br \/>\n <img decoding=\"async\" alt=\"obraz ma\u0142ego b\u0105belkowego \u015brodka do czyszczenia por\u00f3w\" src=\"https:\/\/darsonval.store\/wp-content\/uploads\/2025\/02\/image_of_small_bubble_pore_cleaner.webp\" \/><br \/>\n <img decoding=\"async\" alt=\"Obraz urz\u0105dzenia do czyszczenia por\u00f3w z ma\u0142ymi p\u0119cherzykami\" src=\"https:\/\/darsonval.store\/wp-content\/uploads\/2025\/02\/small_bubble_pore_cleaning_device_image.webp\" \/>\n<\/p>\n<h2>\n Przedstawiamy najlepsze rozwi\u0105zanie do piel\u0119gnacji sk\u00f3ry: Urz\u0105dzenie do odsysania zask\u00f3rnik\u00f3w Elektryczne urz\u0105dzenie do czyszczenia por\u00f3w z ma\u0142ymi b\u0105belkami Tr\u0105dzik Urz\u0105dzenie do usuwania zask\u00f3rnik\u00f3w i upi\u0119kszania twarzy<br \/>\n<\/h2>\n<p>\n Nieskazitelna sk\u00f3ra nie jest ju\u017c marzeniem, dzi\u0119ki naszemu elektrycznemu urz\u0105dzeniu do czyszczenia por\u00f3w z zask\u00f3rnikami. To pot\u0119\u017cne urz\u0105dzenie do oczyszczania twarzy z tr\u0105dziku i usuwania zask\u00f3rnik\u00f3w wykorzystuje moc ma\u0142ych b\u0105belk\u00f3w elektrycznych, aby zapewni\u0107 g\u0142adk\u0105, nieskaziteln\u0105 sk\u00f3r\u0119 w mgnieniu oka. Po\u017cegnaj si\u0119 z uporczywymi zask\u00f3rnikami i powitaj promienn\u0105, oczyszczon\u0105 sk\u00f3r\u0119.\n<\/p>\n<h3>\n Najwa\u017cniejsze cechy i korzy\u015bci:<br \/>\n<\/h3>\n<ul>\n<li>\n  <strong><br \/>\n   G\u0142\u0119bokie oczyszczanie:<br \/>\n  <\/strong><br \/>\n  Urz\u0105dzenie zapewnia kompleksowe g\u0142\u0119bokie oczyszczanie, eliminuj\u0105c zask\u00f3rniki, w\u0105gry, pozosta\u0142o\u015bci makija\u017cu i nadmiar sebum.\n <\/li>\n<li>\n  <strong><br \/>\n   Od\u017cywcze nawil\u017cenie:<br \/>\n  <\/strong><br \/>\n  Nie tylko oczyszcza, ale tak\u017ce uzupe\u0142nia niezb\u0119dne nawil\u017cenie sk\u00f3ry, pozostawiaj\u0105c j\u0105 mi\u0119kk\u0105, nawil\u017con\u0105 i promienn\u0105.\n <\/li>\n<li>\n  <strong><br \/>\n   \u0141atwa obs\u0142uga:<br \/>\n  <\/strong><br \/>\n  Jest przyjazny dla u\u017cytkownika, \u0142atwy w obs\u0142udze i wyposa\u017cony w akumulator, dzi\u0119ki czemu idealnie nadaje si\u0119 do zabieg\u00f3w piel\u0119gnacyjnych w domu lub w podr\u00f3\u017cy.\n <\/li>\n<li>\n  <strong><br \/>\n   Napinanie sk\u00f3ry:<br \/>\n  <\/strong><br \/>\n  Opr\u00f3cz oczyszczania, pomaga napi\u0105\u0107 sk\u00f3r\u0119, zmniejszaj\u0105c widoczno\u015b\u0107 drobnych linii i zmarszczek.\n <\/li>\n<li>\n  <strong><br \/>\n   Bezpieczny materia\u0142:<br \/>\n  <\/strong><br \/>\n  Wykonane z wysokiej jako\u015bci tworzywa sztucznego urz\u0105dzenie jest bezpieczne dla wszystkich rodzaj\u00f3w sk\u00f3ry i zapewnia d\u0142ugotrwa\u0142\u0105 trwa\u0142o\u015b\u0107.\n <\/li>\n<\/ul>\n<h3>\n Specyfikacja produktu:<br \/>\n<\/h3>\n<ul>\n<li>\n  \u0179r\u00f3d\u0142o zasilania: Akumulator\n <\/li>\n<li>\n  Materia\u0142: Tworzywo sztuczne\n <\/li>\n<li>\n  Funkcje: Oczyszczanie twarzy, Napinanie sk\u00f3ry, Nawil\u017canie sk\u00f3ry, Przeciwtr\u0105dzikowe, Wybielaj\u0105ce\n <\/li>\n<li>\n  Nazwa produktu: Aspirator zask\u00f3rnik\u00f3w\n <\/li>\n<li>\n  Napi\u0119cie: 5 V\n <\/li>\n<li>\n  Moc: 1,5 W\n <\/li>\n<li>\n  Rozmiar: 22*5*5cm\n <\/li>\n<li>\n  Waga: 160g\n <\/li>\n<\/ul>\n<h3>\n Przypadki u\u017cycia:<br \/>\n<\/h3>\n<p>\n Niezale\u017cnie od tego, czy masz do czynienia z codziennym gromadzeniem si\u0119 brudu, uci\u0105\u017cliwymi zask\u00f3rnikami, tr\u0105dzikiem, such\u0105 sk\u00f3r\u0105, czy po prostu chcesz zachowa\u0107 zdrowy blask, to urz\u0105dzenie zapewni Ci ochron\u0119. Idealne zar\u00f3wno dla m\u0119\u017cczyzn, jak i kobiet, jest idealne dla ka\u017cdego, kto chce poprawi\u0107 swoj\u0105 rutyn\u0119 piel\u0119gnacji sk\u00f3ry. U\u017cywaj go regularnie, aby uzyska\u0107 najlepsze rezultaty.\n<\/p>\n<h2>\n Tw\u00f3j idealny towarzysz sk\u00f3ry<br \/>\n<\/h2>\n<p>\n Zapewnij swojej sk\u00f3rze piel\u0119gnacj\u0119, na jak\u0105 zas\u0142uguje, dzi\u0119ki naszemu urz\u0105dzeniu do zask\u00f3rnik\u00f3w. To nie tylko produkt; to Twoja przepustka do nieskazitelnej, promiennej sk\u00f3ry. Po\u017cegnaj si\u0119 z drogimi wizytami w salonie kosmetycznym i przywitaj si\u0119 z najwy\u017cszej jako\u015bci piel\u0119gnacj\u0105 sk\u00f3ry w zaciszu w\u0142asnego domu. Nadszed\u0142 czas, aby przyspieszy\u0107 piel\u0119gnacj\u0119 sk\u00f3ry!\n<\/p>\n<p>\n <strong><br \/>\n  Gotowy do rozpocz\u0119cia podr\u00f3\u017cy w kierunku czystszej i zdrowszej sk\u00f3ry? Dodaj do koszyka ju\u017c teraz!<br \/>\n <\/strong><\/p>","protected":false},"excerpt":{"rendered":"<p>Wyeliminuj zask\u00f3rniki na dobre dzi\u0119ki naszemu elektrycznemu urz\u0105dzeniu do zask\u00f3rnik\u00f3w! Osi\u0105gnij czyst\u0105 sk\u00f3r\u0119 bez wysi\u0142ku. Nie przegap tego prze\u0142omu w dziedzinie urody - rozpocznij swoj\u0105 podr\u00f3\u017c do nieskazitelnej sk\u00f3ry ju\u017c dzi\u015b!<\/p>","protected":false},"featured_media":9434,"comment_status":"open","ping_status":"closed","template":"","meta":[],"product_brand":[],"product_cat":[54],"product_tag":[],"class_list":{"0":"post-7449","1":"product","2":"type-product","3":"status-publish","4":"has-post-thumbnail","6":"product_cat-darsonval-device","8":"first","9":"instock","10":"sale","11":"shipping-taxable","12":"purchasable","13":"product-type-simple"},"jetpack_sharing_enabled":true,"_links":{"self":[{"href":"https:\/\/darsonval.store\/pl\/wp-json\/wp\/v2\/product\/7449","targetHints":{"allow":["GET"]}}],"collection":[{"href":"https:\/\/darsonval.store\/pl\/wp-json\/wp\/v2\/product"}],"about":[{"href":"https:\/\/darsonval.store\/pl\/wp-json\/wp\/v2\/types\/product"}],"replies":[{"embeddable":true,"href":"https:\/\/darsonval.store\/pl\/wp-json\/wp\/v2\/comments?post=7449"}],"wp:featuredmedia":[{"embeddable":true,"href":"https:\/\/darsonval.store\/pl\/wp-json\/wp\/v2\/media\/9434"}],"wp:attachment":[{"href":"https:\/\/darsonval.store\/pl\/wp-json\/wp\/v2\/media?parent=7449"}],"wp:term":[{"taxonomy":"product_brand","embeddable":true,"href":"https:\/\/darsonval.store\/pl\/wp-json\/wp\/v2\/product_brand?post=7449"},{"taxonomy":"product_cat","embeddable":true,"href":"https:\/\/darsonval.store\/pl\/wp-json\/wp\/v2\/product_cat?post=7449"},{"taxonomy":"product_tag","embeddable":true,"href":"https:\/\/darsonval.store\/pl\/wp-json\/wp\/v2\/product_tag?post=7449"}],"curies":[{"name":"wp","href":"https:\/\/api.w.org\/{rel}","templated":true}]}}