{"id":7403,"date":"2025-02-05T22:58:02","date_gmt":"2025-02-05T14:58:02","guid":{"rendered":"https:\/\/darsonval.store\/?post_type=product&#038;p=7403"},"modified":"2025-12-03T00:18:22","modified_gmt":"2025-12-02T16:18:22","slug":"4-in-1-purple-light-high-frequency-facial-machine-hair-face-acne-care","status":"publish","type":"product","link":"https:\/\/darsonval.store\/pl\/p\/4-in-1-purple-light-high-frequency-facial-machine-hair-face-acne-care\/","title":{"rendered":"Urz\u0105dzenie do twarzy 4 w 1 z fioletowym \u015bwiat\u0142em o wysokiej cz\u0119stotliwo\u015bci - piel\u0119gnacja w\u0142os\u00f3w, twarzy i tr\u0105dziku"},"content":{"rendered":"<p>\n <img decoding=\"async\" alt=\"R\u00f3\u017cd\u017cka do elektroterapii 4 w 1 do w\u0142os\u00f3w i twarzy\" src=\"https:\/\/darsonval.store\/wp-content\/uploads\/2025\/02\/4-in-1_electrotherapy_wand_for_hair_and_face.webp\" \/><br \/>\n <img decoding=\"async\" alt=\"Urz\u0105dzenie do twarzy 4 w 1 do profesjonalnej piel\u0119gnacji sk\u00f3ry\" src=\"https:\/\/darsonval.store\/wp-content\/uploads\/2025\/02\/4-in-1_facial_machine_for_professional_skincare_routines.webp\" \/><br \/>\n <img decoding=\"async\" alt=\"Zalety urz\u0105dzenia do twarzy 4 w 1 z fioletowym \u015bwiat\u0142em\" src=\"https:\/\/darsonval.store\/wp-content\/uploads\/2025\/02\/4-in-1_purple_light_facial_machine_benefits.webp\" \/><br \/>\n <img decoding=\"async\" alt=\"argonowa piel\u0119gnacja twarzy przy u\u017cyciu urz\u0105dzenia 4 w 1\" src=\"https:\/\/darsonval.store\/wp-content\/uploads\/2025\/02\/argon_treatment_facial_care_using_4-in-1_machine.webp\" \/><br \/>\n <img decoding=\"async\" alt=\"Urz\u0105dzenie do piel\u0119gnacji twarzy z funkcj\u0105 obr\u00f3bki argonem\" src=\"https:\/\/darsonval.store\/wp-content\/uploads\/2025\/02\/facial_care_machine_with_argon_treatment_feature.webp\" \/><br \/>\n <img decoding=\"async\" alt=\"R\u00f3\u017cd\u017cka do elektroterapii wysokiej cz\u0119stotliwo\u015bci do u\u017cytku domowego\" src=\"https:\/\/darsonval.store\/wp-content\/uploads\/2025\/02\/high_frequency_electrotherapy_wand_for_home_use.webp\" \/><br \/>\n <img decoding=\"async\" alt=\"Maszyna do twarzy o wysokiej cz\u0119stotliwo\u015bci do odm\u0142adzania sk\u00f3ry\" src=\"https:\/\/darsonval.store\/wp-content\/uploads\/2025\/02\/high_frequency_facial_machine_for_skin_rejuvenation.webp\" \/><br \/>\n <img decoding=\"async\" alt=\"Oczyszczanie sk\u00f3ry tr\u0105dzikowej za pomoc\u0105 urz\u0105dzenia do twarzy o wysokiej cz\u0119stotliwo\u015bci\" src=\"https:\/\/darsonval.store\/wp-content\/uploads\/2025\/02\/purifying_acne_skin_with_high_frequency_facial_machine.webp\" \/><br \/>\n <img decoding=\"async\" alt=\"fioletowa maszyna do twarzy o wysokiej cz\u0119stotliwo\u015bci do leczenia tr\u0105dziku\" src=\"https:\/\/darsonval.store\/wp-content\/uploads\/2025\/02\/purple_light_high_frequency_facial_machine_for_acne_treatment.webp\" \/><br \/>\n <img decoding=\"async\" alt=\"Terapia \u015bwiat\u0142em fioletowym na tr\u0105dzik i problemy sk\u00f3rne\" src=\"https:\/\/darsonval.store\/wp-content\/uploads\/2025\/02\/purple_light_therapy_for_acne_and_skin_issues.webp\" \/>\n<\/p>\n<h2>\n Odkryj rewolucyjne urz\u0105dzenie do twarzy 4 w 1 z fioletowym \u015bwiat\u0142em o wysokiej cz\u0119stotliwo\u015bci do piel\u0119gnacji w\u0142os\u00f3w i twarzy R\u00f3\u017cd\u017cka do elektroterapii Argon Leczenie tr\u0105dziku Piel\u0119gnacja twarzy<br \/>\n<\/h2>\n<p>\n Szukasz wszechstronnego, \u0142atwego w u\u017cyciu urz\u0105dzenia, kt\u00f3re do\u0142aduje Twoj\u0105 rutyn\u0119 piel\u0119gnacji sk\u00f3ry? Urz\u0105dzenie do twarzy 4 w 1 Purple Light High Frequency jest tutaj, aby na nowo zdefiniowa\u0107 schemat piel\u0119gnacji sk\u00f3ry. Ten prze\u0142omowy produkt \u0142\u0105czy w sobie najnowocze\u015bniejsz\u0105 technologi\u0119 z mo\u017cliwo\u015bciami zabieg\u00f3w salonowych, zapewniaj\u0105c najwy\u017cszej jako\u015bci piel\u0119gnacj\u0119 twarzy z tr\u0105dzikiem w zaciszu w\u0142asnego domu.\n<\/p>\n<p>\n <strong><br \/>\n <\/strong>\n<\/p>\n<h3>\n Kluczowe cechy i korzy\u015bci:<br \/>\n<\/h3>\n<\/p>\n<ul>\n<li>\n  \u0141\u0105czy w sobie cztery metody leczenia: Po\u015bredni\u0105 wysok\u0105 cz\u0119stotliwo\u015b\u0107, bezpo\u015bredni\u0105 wysok\u0105 cz\u0119stotliwo\u015b\u0107, metod\u0119 piel\u0119gnacji w\u0142os\u00f3w i metod\u0119 iskrow\u0105, aby zaspokoi\u0107 specyficzne potrzeby sk\u00f3ry, w\u0142os\u00f3w lub cia\u0142a.\n <\/li>\n<li>\n  W zestawie cztery wymienne g\u0142owice: Elektroda grzybkowa do szerokich obszar\u00f3w, elektroda haczykowa do miejsc docelowych, elektroda \u0142y\u017ckowa do obszaru pod oczami i elektroda grzebieniowa do obszaru sk\u00f3ry g\u0142owy.\n <\/li>\n<li>\n  Bezpieczna, przeno\u015bna i przyjazna dla u\u017cytkownika konstrukcja pozwala na 2-3 sesje tygodniowo, z kt\u00f3rych ka\u017cda trwa 10-15 minut dla ka\u017cdego obszaru twarzy i w\u0142os\u00f3w.\n <\/li>\n<li>\n  Wykorzystuje \u0142agodny pr\u0105d elektryczny w celu uzyskania efekt\u00f3w leczniczych i antybakteryjnych, redukuj\u0105c drobnoustroje powoduj\u0105ce wypryski i zask\u00f3rniki, jednocze\u015bnie poprawiaj\u0105c kr\u0105\u017cenie krwi.\n <\/li>\n<\/ul>\n<p>\n <strong><br \/>\n <\/strong>\n<\/p>\n<h3>\n Specyfikacja produktu:<br \/>\n<\/h3>\n<\/p>\n<ul>\n<li>\n  \u0179r\u00f3d\u0142o zasilania: Elektryczne\n <\/li>\n<li>\n  Materia\u0142: ABS, szk\u0142o\n <\/li>\n<li>\n  Rozmiar: 33,5*21,5*5,5 cm\n <\/li>\n<li>\n  Napi\u0119cie: 110V-240V\n <\/li>\n<li>\n  Certyfikacja: CE\n <\/li>\n<li>\n  Kolor \u015bwiat\u0142a: Fioletowy\n <\/li>\n<\/ul>\n<p>\n <strong><br \/>\n <\/strong>\n<\/p>\n<h3>\n Przypadki u\u017cycia i aplikacje:<br \/>\n<\/h3>\n<\/p>\n<p>\n To urz\u0105dzenie do twarzy 4 w 1 z fioletowym \u015bwiat\u0142em o wysokiej cz\u0119stotliwo\u015bci oferuje szereg zastosowa\u0144 w leczeniu r\u00f3\u017cnych problem\u00f3w sk\u00f3rnych. Jest idealny do uspokajania nerw\u00f3w, promowania gojenia si\u0119 ran, ograniczania por\u00f3w, poprawy wydzielania i warto\u015bci PH, przyspieszania kr\u0105\u017cenia krwi i metabolizmu oraz zapewniania korzy\u015bci przeciwstarzeniowych i redukcji zmarszczek. Jest r\u00f3wnie\u017c bardzo skuteczny w leczeniu sk\u00f3ry tr\u0105dzikowej i poprawie kondycji w\u0142os\u00f3w.\n<\/p>\n<p>\n <strong><br \/>\n <\/strong>\n<\/p>\n<h3>\n Dlaczego warto wybra\u0107 nasz produkt?<br \/>\n<\/h3>\n<\/p>\n<p>\n Nasze urz\u0105dzenie do twarzy 4 w 1 z fioletowym \u015bwiat\u0142em o wysokiej cz\u0119stotliwo\u015bci to co\u015b wi\u0119cej ni\u017c tylko narz\u0119dzie do piel\u0119gnacji sk\u00f3ry - to kompleksowe rozwi\u0105zanie pozwalaj\u0105ce zachowa\u0107 promienn\u0105, zdrowo wygl\u0105daj\u0105c\u0105 sk\u00f3r\u0119. Dzi\u0119ki tej maszynie inwestujesz w produkt, kt\u00f3ry jest ukierunkowany na szeroki zakres problem\u00f3w sk\u00f3rnych, od tr\u0105dziku po zmarszczki, jednocze\u015bnie ciesz\u0105c si\u0119 wygod\u0105 zabieg\u00f3w w domu.\n<\/p>\n<p>\n Przenie\u015b swoj\u0105 rutyn\u0119 piel\u0119gnacji sk\u00f3ry na wy\u017cszy poziom. Popraw swoje pi\u0119kno, zwi\u0119ksz pewno\u015b\u0107 siebie i wejd\u017a w now\u0105 er\u0119 piel\u0119gnacji sk\u00f3ry dzi\u0119ki naszemu urz\u0105dzeniu do twarzy 4 w 1 z fioletowym \u015bwiat\u0142em o wysokiej cz\u0119stotliwo\u015bci.<br \/>\n <strong><br \/>\n  Zam\u00f3w teraz!<br \/>\n <\/strong><\/p>","protected":false},"excerpt":{"rendered":"<p>Poznaj pot\u0119\u017cne urz\u0105dzenie do twarzy 4 w 1 z fioletowym \u015bwiat\u0142em o wysokiej cz\u0119stotliwo\u015bci, kt\u00f3re o\u017cywia sk\u00f3r\u0119 i w\u0142osy. Idealny do walki z tr\u0105dzikiem, promowania piel\u0119gnacji twarzy i poprawiania urody. Kliknij, aby zmieni\u0107 swoj\u0105 rutyn\u0119 piel\u0119gnacji sk\u00f3ry ju\u017c dzi\u015b!<\/p>","protected":false},"featured_media":9494,"comment_status":"open","ping_status":"closed","template":"","meta":[],"product_brand":[],"product_cat":[53],"product_tag":[],"class_list":{"0":"post-7403","1":"product","2":"type-product","3":"status-publish","4":"has-post-thumbnail","6":"product_cat-darsonval-for-face","8":"first","9":"outofstock","10":"shipping-taxable","11":"purchasable","12":"product-type-simple"},"jetpack_sharing_enabled":true,"_links":{"self":[{"href":"https:\/\/darsonval.store\/pl\/wp-json\/wp\/v2\/product\/7403","targetHints":{"allow":["GET"]}}],"collection":[{"href":"https:\/\/darsonval.store\/pl\/wp-json\/wp\/v2\/product"}],"about":[{"href":"https:\/\/darsonval.store\/pl\/wp-json\/wp\/v2\/types\/product"}],"replies":[{"embeddable":true,"href":"https:\/\/darsonval.store\/pl\/wp-json\/wp\/v2\/comments?post=7403"}],"wp:featuredmedia":[{"embeddable":true,"href":"https:\/\/darsonval.store\/pl\/wp-json\/wp\/v2\/media\/9494"}],"wp:attachment":[{"href":"https:\/\/darsonval.store\/pl\/wp-json\/wp\/v2\/media?parent=7403"}],"wp:term":[{"taxonomy":"product_brand","embeddable":true,"href":"https:\/\/darsonval.store\/pl\/wp-json\/wp\/v2\/product_brand?post=7403"},{"taxonomy":"product_cat","embeddable":true,"href":"https:\/\/darsonval.store\/pl\/wp-json\/wp\/v2\/product_cat?post=7403"},{"taxonomy":"product_tag","embeddable":true,"href":"https:\/\/darsonval.store\/pl\/wp-json\/wp\/v2\/product_tag?post=7403"}],"curies":[{"name":"wp","href":"https:\/\/api.w.org\/{rel}","templated":true}]}}