{"id":10334,"date":"2025-02-07T00:57:52","date_gmt":"2025-02-06T16:57:52","guid":{"rendered":"https:\/\/darsonval.store\/?post_type=product&#038;p=10334"},"modified":"2025-12-03T00:15:36","modified_gmt":"2025-12-02T16:15:36","slug":"darsonval-high-frequency-facial-machine-electrotherapy-wand-argon-glass-acne-remover-spa-home-hair","status":"publish","type":"product","link":"https:\/\/darsonval.store\/pl\/p\/darsonval-high-frequency-facial-machine-electrotherapy-wand-argon-glass-acne-remover-spa-home-hair\/","title":{"rendered":"DARSONVAL Urz\u0105dzenie do twarzy o wysokiej cz\u0119stotliwo\u015bci - r\u00f3\u017cd\u017cka do elektroterapii, szk\u0142o argonowe, usuwanie tr\u0105dziku, domowe spa do w\u0142os\u00f3w"},"content":{"rendered":"<p><img decoding=\"async\" src=\"https:\/\/darsonval.store\/wp-content\/uploads\/2025\/02\/Argon_glass_darsonval_wand_for_acne_treatment.webp\" alt=\"R\u00f3\u017cd\u017cka darsonval ze szk\u0142a argonowego do leczenia tr\u0105dziku\" \/><img decoding=\"async\" src=\"https:\/\/darsonval.store\/wp-content\/uploads\/2025\/02\/DARSONVAL_acne_remover_for_face_and_body_use.webp\" alt=\"DARSONVAL p\u0142yn do usuwania tr\u0105dziku do twarzy i cia\u0142a\" \/><img decoding=\"async\" src=\"https:\/\/darsonval.store\/wp-content\/uploads\/2025\/02\/DARSONVAL_high_frequency_facial_machine_for_home_spa-1.webp\" alt=\"Urz\u0105dzenie do twarzy DARSONVAL o wysokiej cz\u0119stotliwo\u015bci do domowego spa 1\" \/><img decoding=\"async\" src=\"https:\/\/darsonval.store\/wp-content\/uploads\/2025\/02\/Electrotherapy_wand_for_face_and_body_by_DARSONVAL.webp\" alt=\"R\u00f3\u017cd\u017cka do elektroterapii twarzy i cia\u0142a marki DARSONVAL\" \/><img decoding=\"async\" src=\"https:\/\/darsonval.store\/wp-content\/uploads\/2025\/02\/Skincare_benefits_of_DARSONVAL_high_frequency_facial_machine.webp\" alt=\"Korzy\u015bci z piel\u0119gnacji sk\u00f3ry dzi\u0119ki urz\u0105dzeniu do twarzy o wysokiej cz\u0119stotliwo\u015bci DARSONVAL\" \/><img decoding=\"async\" src=\"https:\/\/darsonval.store\/wp-content\/uploads\/2025\/02\/Use_cases_for_argon_glass_electrotherapy_wand.webp\" alt=\"Przypadki u\u017cycia r\u00f3\u017cd\u017cki do elektroterapii ze szk\u0142a argonowego\" \/><\/p>\n<h2>Przedstawiamy r\u00f3\u017cd\u017ck\u0119 do elektroterapii o wysokiej cz\u0119stotliwo\u015bci DARSONVAL<\/h2>\n<p>Do\u015bwiadcz rewolucji w piel\u0119gnacji sk\u00f3ry dzi\u0119ki naszej r\u00f3\u017cd\u017cce do elektroterapii DARSONVAL High Frequency Facial Machine. To innowacyjne urz\u0105dzenie do domowego spa wykorzystuje pr\u0105dy o wysokiej cz\u0119stotliwo\u015bci do odm\u0142adzania sk\u00f3ry, zw\u0119\u017cania por\u00f3w, a nawet poprawy jako\u015bci w\u0142os\u00f3w. Nadaje si\u0119 do stosowania zar\u00f3wno na twarzy, jak i ciele, jest idealnym narz\u0119dziem dla ka\u017cdego, kto szuka skutecznego, \u0142atwego w u\u017cyciu rozwi\u0105zania typowych problem\u00f3w sk\u00f3rnych, takich jak tr\u0105dzik, zmarszczki i blizny.<\/p>\n<h3>Kluczowe cechy i korzy\u015bci:<\/h3>\n<ul>\n<li>Technologia elektroterapii o wysokiej cz\u0119stotliwo\u015bci dla poprawy zdrowia sk\u00f3ry<\/li>\n<li>W zestawie siedem szklanych rurek elektrodowych do wszechstronnego zastosowania<\/li>\n<li>Sterylizuje i leczy rany, wspomagaj\u0105c leczenie tr\u0105dziku i blizn.<\/li>\n<li>Wspomaga kr\u0105\u017cenie krwi i metabolizm<\/li>\n<li>Profesjonalna opieka w zaciszu w\u0142asnego domu<\/li>\n<\/ul>\n<h3>Specyfikacja produktu:<\/h3>\n<ul>\n<li>\u0179r\u00f3d\u0142o zasilania: Elektryczne (napi\u0119cie 110V - 220V)<\/li>\n<li>Materia\u0142y: Plastik, Szk\u0142o<\/li>\n<li>Cz\u0119stotliwo\u015b\u0107: 50-60 Hz<\/li>\n<li>Moc: 20 W<\/li>\n<li>Kolor: szary, bia\u0142y<\/li>\n<li>Kolor \u015bwiat\u0142a: fioletowy, fioletowy<\/li>\n<li>Pakiet zawiera: Urz\u0105dzenie g\u0142\u00f3wne, 7 x szklana rurka elektrody, instrukcja obs\u0142ugi, pude\u0142ko detaliczne<\/li>\n<\/ul>\n<h3>Przypadki u\u017cycia i aplikacje:<\/h3>\n<p>Dzi\u0119ki elektroterapii o wysokiej cz\u0119stotliwo\u015bci, to urz\u0105dzenie do twarzy jest idealne do leczenia r\u00f3\u017cnych problem\u00f3w sk\u00f3rnych, takich jak tr\u0105dzik, zmarszczki lub przebarwienia. Pomaga r\u00f3wnie\u017c w napinaniu i odm\u0142adzaniu sk\u00f3ry. Co wi\u0119cej, dzi\u0119ki specjalistycznemu grzebieniowi, DARSONVAL mo\u017ce by\u0107 u\u017cywany do piel\u0119gnacji w\u0142os\u00f3w i masa\u017cu sk\u00f3ry g\u0142owy, co czyni go kompletnym urz\u0105dzeniem kosmetycznym zar\u00f3wno do piel\u0119gnacji sk\u00f3ry, jak i w\u0142os\u00f3w.<\/p>\n<h3>Propozycja warto\u015bci:<\/h3>\n<p>Urz\u0105dzenie do twarzy o wysokiej cz\u0119stotliwo\u015bci DARSONVAL oferuje profesjonaln\u0105 piel\u0119gnacj\u0119 sk\u00f3ry w przyst\u0119pnej cenie. Nie ma potrzeby kosztownych wizyt w salonie, gdy mo\u017cna leczy\u0107 sk\u00f3r\u0119 i w\u0142osy w domu za pomoc\u0105 jednego wygodnego urz\u0105dzenia. Jego wszechstronno\u015b\u0107 sprawia, \u017ce jest to doskona\u0142a inwestycja dla os\u00f3b poszukuj\u0105cych holistycznych rozwi\u0105za\u0144 kosmetycznych. Poczuj r\u00f3\u017cnic\u0119 dzi\u0119ki naszej maszynie do twarzy o wysokiej cz\u0119stotliwo\u015bci DARSONVAL ju\u017c dzi\u015b.<\/p>","protected":false},"excerpt":{"rendered":"<p>Do\u015bwiadcz transformacyjnego leczenia sk\u00f3ry i w\u0142os\u00f3w za pomoc\u0105 urz\u0105dzenia do twarzy o wysokiej cz\u0119stotliwo\u015bci DARSONVAL. Po\u017cegnaj si\u0119 z tr\u0105dzikiem, odm\u0142\u00f3d\u017a sk\u00f3r\u0119 i promuj wzrost w\u0142os\u00f3w.<\/p>","protected":false},"featured_media":10575,"comment_status":"open","ping_status":"closed","template":"","meta":[],"product_brand":[],"product_cat":[52],"product_tag":[],"class_list":{"0":"post-10334","1":"product","2":"type-product","3":"status-publish","4":"has-post-thumbnail","6":"product_cat-darsonval-for-hair","8":"first","9":"outofstock","10":"sale","11":"shipping-taxable","12":"purchasable","13":"product-type-variable"},"jetpack_sharing_enabled":true,"_links":{"self":[{"href":"https:\/\/darsonval.store\/pl\/wp-json\/wp\/v2\/product\/10334","targetHints":{"allow":["GET"]}}],"collection":[{"href":"https:\/\/darsonval.store\/pl\/wp-json\/wp\/v2\/product"}],"about":[{"href":"https:\/\/darsonval.store\/pl\/wp-json\/wp\/v2\/types\/product"}],"replies":[{"embeddable":true,"href":"https:\/\/darsonval.store\/pl\/wp-json\/wp\/v2\/comments?post=10334"}],"wp:featuredmedia":[{"embeddable":true,"href":"https:\/\/darsonval.store\/pl\/wp-json\/wp\/v2\/media\/10575"}],"wp:attachment":[{"href":"https:\/\/darsonval.store\/pl\/wp-json\/wp\/v2\/media?parent=10334"}],"wp:term":[{"taxonomy":"product_brand","embeddable":true,"href":"https:\/\/darsonval.store\/pl\/wp-json\/wp\/v2\/product_brand?post=10334"},{"taxonomy":"product_cat","embeddable":true,"href":"https:\/\/darsonval.store\/pl\/wp-json\/wp\/v2\/product_cat?post=10334"},{"taxonomy":"product_tag","embeddable":true,"href":"https:\/\/darsonval.store\/pl\/wp-json\/wp\/v2\/product_tag?post=10334"}],"curies":[{"name":"wp","href":"https:\/\/api.w.org\/{rel}","templated":true}]}}