{"id":10050,"date":"2025-02-06T23:20:57","date_gmt":"2025-02-06T15:20:57","guid":{"rendered":"https:\/\/darsonval.store\/?post_type=product&#038;p=10050"},"modified":"2025-02-06T23:51:35","modified_gmt":"2025-02-06T15:51:35","slug":"darsonval-skin-therapy-facial-machine-with-4-neon-argon-wands","status":"publish","type":"product","link":"https:\/\/darsonval.store\/pl\/p\/darsonval-skin-therapy-facial-machine-with-4-neon-argon-wands\/","title":{"rendered":"Darsonval Skin Therapy Facial Machine z 4 neonowymi r\u00f3\u017cd\u017ckami argonowymi"},"content":{"rendered":"<p><img decoding=\"async\" src=\"https:\/\/darsonval.store\/wp-content\/uploads\/2025\/02\/beauty_facial_therapy_with_darsonval_machine_pics.webp\" alt=\"upi\u0119kszaj\u0105ca terapia twarzy za pomoc\u0105 maszyny darsonval zdj\u0119cia\" \/><br \/>\n<img decoding=\"async\" src=\"https:\/\/darsonval.store\/wp-content\/uploads\/2025\/02\/darsonval_facial_machine_for_wrinkle_removal_pictures.webp\" alt=\"darsonval maszyna do twarzy do usuwania zmarszczek zdj\u0119cia\" \/><br \/>\n<img decoding=\"async\" src=\"https:\/\/darsonval.store\/wp-content\/uploads\/2025\/02\/high_frequency_skin_therapy_machine_images.webp\" alt=\"zdj\u0119cia maszyny do terapii sk\u00f3ry o wysokiej cz\u0119stotliwo\u015bci\" \/><br \/>\n<img decoding=\"async\" src=\"https:\/\/darsonval.store\/wp-content\/uploads\/2025\/02\/images_of_acne_treatment_using_high_frequency_machine.webp\" alt=\"Zdj\u0119cia leczenia tr\u0105dziku za pomoc\u0105 urz\u0105dzenia o wysokiej cz\u0119stotliwo\u015bci\" \/><br \/>\n<img decoding=\"async\" src=\"https:\/\/darsonval.store\/wp-content\/uploads\/2025\/02\/neon_argon_wands_in_skincare_therapy_photos.webp\" alt=\"neonowe r\u00f3\u017cd\u017cki argonowe w terapii piel\u0119gnacji sk\u00f3ry zdj\u0119cia\" \/><\/p>\n<h2>Terapia sk\u00f3ry za pomoc\u0105 urz\u0105dzenia do twarzy o wysokiej cz\u0119stotliwo\u015bci Darsonval<\/h2>\n<p>Zrewitalizuj swoj\u0105 sk\u00f3r\u0119 i odzyskaj m\u0142odzie\u0144czy blask dzi\u0119ki<br \/>\n<strong><br \/>\nTerapia sk\u00f3ry za pomoc\u0105 urz\u0105dzenia do twarzy o wysokiej cz\u0119stotliwo\u015bci Darsonval<br \/>\n<\/strong><br \/>\n. To niezwyk\u0142e urz\u0105dzenie do piel\u0119gnacji sk\u00f3ry wykorzystuje naturaln\u0105 lecznicz\u0105 moc Argonu i Neonu o wysokiej cz\u0119stotliwo\u015bci, aby poprawi\u0107 og\u00f3lny profil sk\u00f3ry, dzi\u0119ki czemu jest istotn\u0105 cz\u0119\u015bci\u0105 schematu piel\u0119gnacji.<\/p>\n<h3>Kluczowe cechy i korzy\u015bci:<\/h3>\n<ul>\n<li><strong>Odm\u0142adzanie sk\u00f3ry:<br \/>\n<\/strong>Popraw og\u00f3ln\u0105 tekstur\u0119 i koloryt sk\u00f3ry.<\/li>\n<li><strong>Napinanie sk\u00f3ry:<br \/>\n<\/strong>Do\u015bwiadcz uj\u0119drniaj\u0105cego efektu terapii wysokiej cz\u0119stotliwo\u015bci.<\/li>\n<li><strong>Przeciwtr\u0105dzikowe:<br \/>\n<\/strong>Ograniczenie wyprysk\u00f3w i utrzymanie czystej sk\u00f3ry.<\/li>\n<li><strong>Usuwanie przebarwie\u0144:<br \/>\n<\/strong>Wspomaga gojenie si\u0119 blizn i ciemnych plam.<\/li>\n<li><strong>Przeciwzmarszczkowy:<br \/>\n<\/strong>Zwalcza oznaki starzenia, zapewniaj\u0105c g\u0142adsz\u0105, m\u0142odziej wygl\u0105daj\u0105c\u0105 sk\u00f3r\u0119.<\/li>\n<\/ul>\n<h3>Specyfikacja produktu:<\/h3>\n<ul>\n<li>\u0179r\u00f3d\u0142o zasilania: Elektryczne<\/li>\n<li>Materia\u0142: W\u0142\u00f3kno szklane<\/li>\n<li>Rozmiar: 30*20*7cm<\/li>\n<li>Certyfikacja: ce<\/li>\n<li>Napi\u0119cie: 110-220 V<\/li>\n<li>Cz\u0119stotliwo\u015b\u0107: 50-60 Hz<\/li>\n<\/ul>\n<h3>Przypadki u\u017cycia:<\/h3>\n<p>Urz\u0105dzenie Darsonval High-Frequency Facial Machine Skin Therapy jest idealne do codziennej piel\u0119gnacji sk\u00f3ry. Mo\u017cna go u\u017cywa\u0107 z ulubionymi serum do sk\u00f3ry, aby zapewni\u0107 maksymalne wch\u0142anianie i skuteczno\u015b\u0107. Nasadka grzebieniowa oferuje r\u00f3wnie\u017c opcj\u0119 leczenia sk\u00f3ry g\u0142owy i w\u0142os\u00f3w, promuj\u0105c zdrowszy wzrost w\u0142os\u00f3w.<\/p>\n<h3>Propozycja warto\u015bci:<\/h3>\n<p>Zainwestuj w siebie i b\u0105d\u017a \u015bwiadkiem widocznych rezultat\u00f3w dzi\u0119ki naszemu wysokiej klasy, ale niedrogiemu urz\u0105dzeniu do terapii sk\u00f3ry twarzy Darsonval o wysokiej cz\u0119stotliwo\u015bci. Urz\u0105dzenie jest wyposa\u017cone w cztery r\u00f3\u017cne ko\u0144c\u00f3wki, aby zaspokoi\u0107 wszystkie potrzeby zwi\u0105zane z piel\u0119gnacj\u0105 sk\u00f3ry. Od zwalczania tr\u0105dziku po redukcj\u0119 zmarszczek, to innowacyjne urz\u0105dzenie zapewnia profesjonalne zabiegi bezpo\u015brednio w domu. Po\u017cegnaj si\u0119 z drogimi wizytami w spa i przejmij kontrol\u0119 nad swoim schematem piel\u0119gnacji sk\u00f3ry ju\u017c dzi\u015b!<\/p>\n<p>Poznaj odm\u0142adzaj\u0105c\u0105 moc urz\u0105dzenia do terapii sk\u00f3ry twarzy o wysokiej cz\u0119stotliwo\u015bci Darsonval. Nie czekaj, zam\u00f3w ju\u017c dzi\u015b!<\/p>","protected":false},"excerpt":{"rendered":"<p>Do\u015bwiadcz m\u0142odszej, \u015bwie\u017cszej sk\u00f3ry dzi\u0119ki urz\u0105dzeniu do twarzy o wysokiej cz\u0119stotliwo\u015bci Darsonval. Nasza unikalna terapia Neon Argon 4 w 1 redukuje zmarszczki i usuwa tr\u0105dzik.<\/p>","protected":false},"featured_media":10074,"comment_status":"open","ping_status":"closed","template":"","meta":[],"product_brand":[],"product_cat":[53],"product_tag":[],"class_list":{"0":"post-10050","1":"product","2":"type-product","3":"status-publish","4":"has-post-thumbnail","6":"product_cat-darsonval-for-face","8":"first","9":"instock","10":"sale","11":"shipping-taxable","12":"purchasable","13":"product-type-variable"},"jetpack_sharing_enabled":true,"_links":{"self":[{"href":"https:\/\/darsonval.store\/pl\/wp-json\/wp\/v2\/product\/10050","targetHints":{"allow":["GET"]}}],"collection":[{"href":"https:\/\/darsonval.store\/pl\/wp-json\/wp\/v2\/product"}],"about":[{"href":"https:\/\/darsonval.store\/pl\/wp-json\/wp\/v2\/types\/product"}],"replies":[{"embeddable":true,"href":"https:\/\/darsonval.store\/pl\/wp-json\/wp\/v2\/comments?post=10050"}],"wp:featuredmedia":[{"embeddable":true,"href":"https:\/\/darsonval.store\/pl\/wp-json\/wp\/v2\/media\/10074"}],"wp:attachment":[{"href":"https:\/\/darsonval.store\/pl\/wp-json\/wp\/v2\/media?parent=10050"}],"wp:term":[{"taxonomy":"product_brand","embeddable":true,"href":"https:\/\/darsonval.store\/pl\/wp-json\/wp\/v2\/product_brand?post=10050"},{"taxonomy":"product_cat","embeddable":true,"href":"https:\/\/darsonval.store\/pl\/wp-json\/wp\/v2\/product_cat?post=10050"},{"taxonomy":"product_tag","embeddable":true,"href":"https:\/\/darsonval.store\/pl\/wp-json\/wp\/v2\/product_tag?post=10050"}],"curies":[{"name":"wp","href":"https:\/\/api.w.org\/{rel}","templated":true}]}}