{"id":10021,"date":"2025-02-06T23:20:39","date_gmt":"2025-02-06T15:20:39","guid":{"rendered":"https:\/\/darsonval.store\/?post_type=product&#038;p=10021"},"modified":"2025-02-07T01:03:59","modified_gmt":"2025-02-06T17:03:59","slug":"darsonval-neon-argon-facial-electrode-attachment-skin-care-massager","status":"publish","type":"product","link":"https:\/\/darsonval.store\/pl\/p\/darsonval-neon-argon-facial-electrode-attachment-skin-care-massager\/","title":{"rendered":"Darsonval Neon Argon Elektroda do twarzy - masa\u017cer do piel\u0119gnacji sk\u00f3ry"},"content":{"rendered":"<p>\n <img decoding=\"async\" alt=\"Nasadka z dysz\u0105 argonow\u0105 do zabieg\u00f3w na twarz\" src=\"https:\/\/darsonval.store\/wp-content\/uploads\/2025\/02\/Argon_mushroom_nozzle_attachment_for_facial_treatment.webp\" \/><br \/>\n <img decoding=\"async\" alt=\"Masa\u017cer do twarzy Darsonval wysokiej cz\u0119stotliwo\u015bci niebieskie rurki\" src=\"https:\/\/darsonval.store\/wp-content\/uploads\/2025\/02\/facial_massager_Darsonval_high_frequency_blue_tubes.webp\" \/><br \/>\n <img decoding=\"async\" alt=\"Piel\u0119gnacja sk\u00f3ry twarzy za pomoc\u0105 lekkiego masa\u017cera do twarzy Darsonval\" src=\"https:\/\/darsonval.store\/wp-content\/uploads\/2025\/02\/Facial_skin_care_with_Darsonval_light_face_massager.webp\" \/><br \/>\n <img decoding=\"async\" alt=\"Masa\u017cer do twarzy o wysokiej cz\u0119stotliwo\u015bci do rutynowej piel\u0119gnacji sk\u00f3ry\" src=\"https:\/\/darsonval.store\/wp-content\/uploads\/2025\/02\/High_frequency_face_massager_for_skincare_routine.webp\" \/><br \/>\n <img decoding=\"async\" alt=\"Lekka piel\u0119gnacja sk\u00f3ry twarzy z niebiesk\u0105 nasadk\u0105\" src=\"https:\/\/darsonval.store\/wp-content\/uploads\/2025\/02\/Light_face_skin_care_with_blue_tubes_attachment.webp\" \/><br \/>\n <img decoding=\"async\" alt=\"Zalety przystawki do elektrody grzybkowej Neon Argon\" src=\"https:\/\/darsonval.store\/wp-content\/uploads\/2025\/02\/Neon_Argon_mushroom_electrode_nozzle_attachment_benefits.webp\" \/>\n<\/p>\n<h2>\n Darsonval Wysoka cz\u0119stotliwo\u015b\u0107 Elektroda do twarzy Neon Argon Mushroom Nozzle Attachment Blue Tubes Masa\u017cer do twarzy Lekka piel\u0119gnacja sk\u00f3ry twarzy<br \/>\n<\/h2>\n<p>\n Przedstawiamy Darsonval High Frequency Facial Neon Argon Mushroom Electrode Nozzle Attachment Blue Tubes Face Massager Light Face Skin Care, najlepsze rozwi\u0105zanie dla wszystkich potrzeb zwi\u0105zanych z piel\u0119gnacj\u0105 sk\u00f3ry twarzy. To najnowocze\u015bniejsze urz\u0105dzenie wykorzystuje technologi\u0119 wysokiej cz\u0119stotliwo\u015bci, aby o\u017cywi\u0107 i odm\u0142odzi\u0107 sk\u00f3r\u0119. Zosta\u0142o zaprojektowane z my\u015bl\u0105 o zwalczaniu szeregu problem\u00f3w sk\u00f3rnych, od tr\u0105dziku i zmarszczek po starzenie si\u0119 i plamy. Nasz produkt zapewnia od\u015bwie\u017con\u0105 i promienn\u0105 cer\u0119 w zaciszu w\u0142asnego domu.\n<\/p>\n<h3>\n Kluczowe cechy i korzy\u015bci<br \/>\n<\/h3>\n<ul>\n<li>\n  Technologia wysokiej cz\u0119stotliwo\u015bci: Nasz produkt wykorzystuje zaawansowan\u0105 technologi\u0119 wysokiej cz\u0119stotliwo\u015bci do stymulowania produkcji kolagenu i kr\u0105\u017cenia krwi, promuj\u0105c og\u00f3lny stan zdrowia sk\u00f3ry.\n <\/li>\n<li>\n  Wielofunkcyjno\u015b\u0107: To narz\u0119dzie jest wyposa\u017cone do obs\u0142ugi wielu zada\u0144 - przeciwtr\u0105dzikowych, przeciwzmarszczkowych, przeciwstarzeniowych i usuwania plam.\n <\/li>\n<li>\n  Elektroda w kszta\u0142cie grzybka: Unikalny kszta\u0142t obejmuje wi\u0119kszy obszar, zapewniaj\u0105c skuteczne leczenie.\n <\/li>\n<li>\n  Terapia niebieskim \u015bwiat\u0142em: Terapia niebieskim \u015bwiat\u0142em dzia\u0142a cuda na tr\u0105dzik zapalny, redukuj\u0105c bakterie obecne w sk\u00f3rze, zapobiegaj\u0105c w ten spos\u00f3b powstawaniu wyprysk\u00f3w.\n <\/li>\n<li>\n  \u0141atwy w u\u017cyciu: Przyjazna dla u\u017cytkownika konstrukcja u\u0142atwia nawigacj\u0119 po urz\u0105dzeniu i dostosowanie zabieg\u00f3w do indywidualnych potrzeb.\n <\/li>\n<\/ul>\n<h3>\n Specyfikacja produktu<br \/>\n<\/h3>\n<ul>\n<li>\n  Liczba sztuk: 1 szt.\n <\/li>\n<li>\n  Typ elementu: Wysoka cz\u0119stotliwo\u015b\u0107 do twarzy\n <\/li>\n<li>\n  Typ: Narz\u0119dzie do piel\u0119gnacji twarzy\n <\/li>\n<li>\n  Kolor \u015bwiat\u0142a: niebieski\n <\/li>\n<li>\n  Materia\u0142: Szklane rurki\n <\/li>\n<\/ul>\n<h3>\n Aplikacje i przypadki u\u017cycia<br \/>\n<\/h3>\n<p>\n Masa\u017cer do twarzy o wysokiej cz\u0119stotliwo\u015bci Darsonval jest idealny do u\u017cytku osobistego i profesjonalnego. Niezale\u017cnie od tego, czy chcesz poprawi\u0107 swoj\u0105 sk\u00f3r\u0119 przed wa\u017cnym wydarzeniem, czy te\u017c chcesz doda\u0107 wysokiej jako\u015bci narz\u0119dzie do rutynowej piel\u0119gnacji sk\u00f3ry, ten wszechstronny produkt zapewni Ci ochron\u0119.\n<\/p>\n<h2>\n Dlaczego warto wybra\u0107 nasz produkt?<br \/>\n<\/h2>\n<p>\n Wyb\u00f3r naszego masa\u017cera do twarzy Darsonval o wysokiej cz\u0119stotliwo\u015bci oznacza wyb\u00f3r jako\u015bci, skuteczno\u015bci i wygody. Urz\u0105dzenie wykorzystuje wibracje o wysokiej cz\u0119stotliwo\u015bci, aby wnikn\u0105\u0107 g\u0142\u0119boko w sk\u00f3r\u0119, rozwi\u0105zuj\u0105c r\u00f3\u017cne problemy sk\u00f3rne od ich pierwotnej przyczyny. Poza tym jego kompaktowa konstrukcja sprawia, \u017ce jest \u0142atwy w u\u017cyciu i przenoszeniu w dowolne miejsce. Po co wi\u0119c czeka\u0107? Do\u015bwiadcz magii promiennej i m\u0142odzie\u0144czej sk\u00f3ry dzi\u0119ki naszemu produktowi ju\u017c dzi\u015b!\n<\/p><\/p>","protected":false},"excerpt":{"rendered":"<p>Do\u015bwiadcz odm\u0142odzonej sk\u00f3ry dzi\u0119ki masa\u017cerowi do twarzy wysokiej cz\u0119stotliwo\u015bci Darsonval. To wyj\u0105tkowe urz\u0105dzenie wykorzystuje niebieskie \u015bwiat\u0142o do skutecznej piel\u0119gnacji sk\u00f3ry. Odkryj korzy\u015bci ju\u017c dzi\u015b i rozpocznij swoj\u0105 podr\u00f3\u017c do zdrowszej, promiennej sk\u00f3ry.<\/p>","protected":false},"featured_media":10089,"comment_status":"open","ping_status":"closed","template":"","meta":[],"product_brand":[],"product_cat":[53],"product_tag":[],"class_list":{"0":"post-10021","1":"product","2":"type-product","3":"status-publish","4":"has-post-thumbnail","6":"product_cat-darsonval-for-face","8":"first","9":"instock","10":"sale","11":"shipping-taxable","12":"purchasable","13":"product-type-variable"},"jetpack_sharing_enabled":true,"_links":{"self":[{"href":"https:\/\/darsonval.store\/pl\/wp-json\/wp\/v2\/product\/10021","targetHints":{"allow":["GET"]}}],"collection":[{"href":"https:\/\/darsonval.store\/pl\/wp-json\/wp\/v2\/product"}],"about":[{"href":"https:\/\/darsonval.store\/pl\/wp-json\/wp\/v2\/types\/product"}],"replies":[{"embeddable":true,"href":"https:\/\/darsonval.store\/pl\/wp-json\/wp\/v2\/comments?post=10021"}],"wp:featuredmedia":[{"embeddable":true,"href":"https:\/\/darsonval.store\/pl\/wp-json\/wp\/v2\/media\/10089"}],"wp:attachment":[{"href":"https:\/\/darsonval.store\/pl\/wp-json\/wp\/v2\/media?parent=10021"}],"wp:term":[{"taxonomy":"product_brand","embeddable":true,"href":"https:\/\/darsonval.store\/pl\/wp-json\/wp\/v2\/product_brand?post=10021"},{"taxonomy":"product_cat","embeddable":true,"href":"https:\/\/darsonval.store\/pl\/wp-json\/wp\/v2\/product_cat?post=10021"},{"taxonomy":"product_tag","embeddable":true,"href":"https:\/\/darsonval.store\/pl\/wp-json\/wp\/v2\/product_tag?post=10021"}],"curies":[{"name":"wp","href":"https:\/\/api.w.org\/{rel}","templated":true}]}}