{"id":7209,"date":"2024-11-13T00:21:36","date_gmt":"2024-11-12T16:21:36","guid":{"rendered":"https:\/\/4w1hsandwichmaker.store\/?page_id=7209"},"modified":"2025-02-07T20:30:45","modified_gmt":"2025-02-07T12:30:45","slug":"track-your-order","status":"publish","type":"page","link":"https:\/\/darsonval.store\/pl\/track-your-order\/","title":{"rendered":"\u015aledzenie zam\u00f3wienia"},"content":{"rendered":"<div class=\"auto-hide-last-sibling-br paragraph-JOTKXA paragraph-element br-paragraph-space\">Po wys\u0142aniu zam\u00f3wienia otrzymasz wiadomo\u015b\u0107 e-mail z potwierdzeniem wysy\u0142ki wys\u0142an\u0105 z naszego adresu pomocy technicznej. Wiadomo\u015b\u0107 ta b\u0119dzie zawiera\u0107 unikalny numer przesy\u0142ki. Czas potrzebny na wys\u0142anie tej wiadomo\u015bci e-mail mo\u017ce si\u0119 r\u00f3\u017cni\u0107 w zale\u017cno\u015bci od zam\u00f3wionego produktu, a w niekt\u00f3rych przypadkach mo\u017ce to potrwa\u0107 do 7 dni roboczych.<\/div>\n<div><\/div>\n<div class=\"auto-hide-last-sibling-br paragraph-JOTKXA paragraph-element br-paragraph-space\">Po otrzymaniu wiadomo\u015bci e-mail z potwierdzeniem wysy\u0142ki mo\u017cna wprowadzi\u0107 numer \u015bledzenia w udost\u0119pnionym poni\u017cej narz\u0119dziu do \u015bledzenia, aby wygodnie monitorowa\u0107 status dostawy zam\u00f3wienia.<\/div>\n<h2>Narz\u0119dzie do \u015bledzenia<\/h2>\n<div><!-- Input field for the tracking number. --><br \/>\n<input id=\"YQNum\" maxlength=\"50\" type=\"text\" placeholder=\"Numer przesy\u0142ki\" \/><br \/>\n<!-- Button to execute the tracking. --><br \/>\n<input type=\"button\" value=\"TRACK\" \/><br \/>\n<!-- Container to display the tracking results. --><\/p>\n<div id=\"YQContainer\"><\/div>\n<p><!-- Tracking script, to be executed at the end of the page. --><br \/>\n<script type=\"text\/javascript\" src=\"\/\/www.17track.net\/externalcall.js\"><\/script><br \/>\n<script type=\"text\/javascript\">\nfunction doTrack() {\n    var num = document.getElementById(\"YQNum\").value;\n    if (num === \"\") {\n        alert(\"Please enter your number.\");\n        return;\n    }\n    YQV5.trackSingle({\n        \/\/ Container to display the results.\n        YQ_ContainerId: \"YQContainer\",\n        \/\/ Height of the results container, maximum 800px, default 560px.\n        YQ_Height: 560,\n        \/\/ Carrier, default auto-detected.\n        YQ_Fc: \"0\",\n        \/\/ Interface language, default according to the browser.\n        YQ_Lang: \"fr\",\n        \/\/ Tracking number to check.\n        YQ_Num: num\n    });\n}\n<\/script><\/p>\n<\/div>\n<h2 class=\"header-vfC6AV auto-hide-last-sibling-br\">Wa\u017cne uwagi<\/h2>\n<ol class=\"auto-hide-last-sibling-br\">\n<li><strong>Op\u00f3\u017anienie aktualizacji numeru \u015bledzenia<\/strong>: Numery zam\u00f3wie\u0144 mog\u0105 nie odzwierciedla\u0107 najbardziej aktualnego statusu dostawy. Je\u015bli numer \u015bledzenia jest obecnie niedost\u0119pny, nie ma powodu do niepokoju. Twoje zam\u00f3wienie zosta\u0142o wys\u0142ane i jest w drodze do lokalnego urz\u0119du pocztowego. Oczekuje si\u0119, \u017ce informacje o \u015bledzeniu zostan\u0105 zaktualizowane w ci\u0105gu kilku dni roboczych.<\/li>\n<li><strong>Ramy czasowe dostawy<\/strong>: Dostawa zam\u00f3wienia mo\u017ce potrwa\u0107 od 5 do 15 dni roboczych, w zale\u017cno\u015bci od miejsca docelowego.<\/li>\n<li><strong>Zastrze\u017cenie reklamowe<\/strong>: Je\u015bli w oknie \u015bledzenia napotkasz nieodpowiednie reklamy, serdecznie przepraszamy. Korzystamy z zewn\u0119trznej us\u0142ugi \u015bledzenia zam\u00f3wie\u0144, aby zoptymalizowa\u0107 proces \u015bledzenia. Nie mamy jednak kontroli nad reklamami prezentowanymi przez t\u0119 us\u0142ug\u0119. Dzi\u0119kujemy za zrozumienie w tym wzgl\u0119dzie.<\/li>\n<\/ol>\n<h2><\/h2>\n<div class=\"auto-hide-last-sibling-br paragraph-JOTKXA paragraph-element br-paragraph-space\">Mamy nadziej\u0119, \u017ce zakupy b\u0119d\u0105 bezproblemowe. Udanych zakup\u00f3w!<\/div>","protected":false},"excerpt":{"rendered":"<p>Once your order has been shipped, you will receive a &#8220;Shipment Confirmation&#8221; email dispatched from our support address. This email will contain your unique tracking number. The time taken to send this email may vary based on the product you&#8217;ve ordered, and in some cases, it could take up to 7 working days. Upon receiving [&hellip;]<\/p>","protected":false},"author":1,"featured_media":0,"parent":0,"menu_order":0,"comment_status":"closed","ping_status":"closed","template":"","meta":{"footnotes":""},"class_list":["post-7209","page","type-page","status-publish","hentry"],"jetpack_sharing_enabled":true,"_links":{"self":[{"href":"https:\/\/darsonval.store\/pl\/wp-json\/wp\/v2\/pages\/7209","targetHints":{"allow":["GET"]}}],"collection":[{"href":"https:\/\/darsonval.store\/pl\/wp-json\/wp\/v2\/pages"}],"about":[{"href":"https:\/\/darsonval.store\/pl\/wp-json\/wp\/v2\/types\/page"}],"author":[{"embeddable":true,"href":"https:\/\/darsonval.store\/pl\/wp-json\/wp\/v2\/users\/1"}],"replies":[{"embeddable":true,"href":"https:\/\/darsonval.store\/pl\/wp-json\/wp\/v2\/comments?post=7209"}],"version-history":[{"count":8,"href":"https:\/\/darsonval.store\/pl\/wp-json\/wp\/v2\/pages\/7209\/revisions"}],"predecessor-version":[{"id":10650,"href":"https:\/\/darsonval.store\/pl\/wp-json\/wp\/v2\/pages\/7209\/revisions\/10650"}],"wp:attachment":[{"href":"https:\/\/darsonval.store\/pl\/wp-json\/wp\/v2\/media?parent=7209"}],"curies":[{"name":"wp","href":"https:\/\/api.w.org\/{rel}","templated":true}]}}