{"id":7202,"date":"2024-11-13T00:17:35","date_gmt":"2024-11-12T16:17:35","guid":{"rendered":"https:\/\/4w1hsandwichmaker.store\/?page_id=7202"},"modified":"2025-02-07T20:28:21","modified_gmt":"2025-02-07T12:28:21","slug":"refund-policy","status":"publish","type":"page","link":"https:\/\/darsonval.store\/pl\/refund-policy\/","title":{"rendered":"Polityka zwrot\u00f3w"},"content":{"rendered":"<h3 id=\"a-time-limit-for-returns\" class=\"maps-to-line\">A. Termin zwrotu<\/h3>\n<p class=\"maps-to-line\">Produkty musz\u0105 zosta\u0107 zwr\u00f3cone w ci\u0105gu 30 dni od daty otrzymania zgodnie z informacjami logistycznymi.<\/p>\n<h3 id=\"b-product-condition\" class=\"maps-to-line\">B. Stan produktu<\/h3>\n<ol>\n<li class=\"maps-to-line\">Zwracane przedmioty musz\u0105 by\u0107 nieotwarte i w oryginalnym, nieuszkodzonym opakowaniu. Wszelkie przedmioty, kt\u00f3re zosta\u0142y otwarte, uszkodzone lub zmodyfikowane w jakikolwiek spos\u00f3b, nie zostan\u0105 przyj\u0119te do zwrotu.<\/li>\n<li class=\"maps-to-line\">Wszystkie komponenty, akcesoria i dokumentacja oryginalnie do\u0142\u0105czone do produktu musz\u0105 zosta\u0107 zwr\u00f3cone w stanie nienaruszonym.<\/li>\n<\/ol>\n<h3 id=\"c-pre-return-consultation\" class=\"maps-to-line\">C. Konsultacja przed zwrotem<\/h3>\n<p class=\"maps-to-line\">Zwroty nie b\u0119d\u0105 przyjmowane, je\u015bli przedmiot zostanie odes\u0142any bezpo\u015brednio bez uprzedniej konsultacji z naszym zespo\u0142em obs\u0142ugi klienta. Prosimy o kontakt przed zainicjowaniem zwrotu.<\/p>\n<h3 id=\"d-return-shipping-costs\" class=\"maps-to-line\">D. Koszty wysy\u0142ki zwrotnej<\/h3>\n<p class=\"maps-to-line\">Klient jest odpowiedzialny za wszystkie koszty przesy\u0142ki zwrotnej, niezale\u017cnie od przyczyny zwrotu.<\/p>\n<h3 id=\"e-after-sales-warranty\" class=\"maps-to-line\">E. Gwarancja posprzeda\u017cna<\/h3>\n<p class=\"maps-to-line\">Okres gwarancji posprzeda\u017cowej wynosi 30 dni od daty otrzymania paczki (zgodnie z informacjami logistycznymi).<\/p>\n<ol>\n<li class=\"maps-to-line\">W przypadku wykrycia problem\u00f3w z jako\u015bci\u0105, takich jak p\u0119kni\u0119cie lub niekompletno\u015b\u0107 w okresie gwarancyjnym, prosimy o natychmiastowy kontakt z naszym dzia\u0142em obs\u0142ugi klienta i dostarczenie wyra\u017anych zdj\u0119\u0107 wadliwego produktu w wysokiej rozdzielczo\u015bci. Po weryfikacji zorganizujemy wymian\u0119.<\/li>\n<li class=\"maps-to-line\">Nie nale\u017cy wyrzuca\u0107 produktu ani jego opakowania, dop\u00f3ki problem nie zostanie w pe\u0142ni rozwi\u0105zany.<\/li>\n<\/ol>\n<h3 id=\"f-multiple-product-orders\" class=\"maps-to-line\">F. Zam\u00f3wienia na wiele produkt\u00f3w<\/h3>\n<p class=\"maps-to-line\">W przypadku zam\u00f3wienia wielu produkt\u00f3w mog\u0105 one zosta\u0107 wys\u0142ane z r\u00f3\u017cnych magazyn\u00f3w w osobnych paczkach. W przypadku otrzymania paczki z nieprawid\u0142ow\u0105 ilo\u015bci\u0105 produkt\u00f3w, mo\u017cesz mie\u0107 pewno\u015b\u0107, \u017ce pozosta\u0142e paczki zostan\u0105 dostarczone w p\u00f3\u017aniejszym terminie.<\/p>\n<h3 id=\"g-refund-method-and-restocking-fee\" class=\"maps-to-line\">G. Metoda zwrotu i op\u0142ata za uzupe\u0142nienie zapas\u00f3w<\/h3>\n<ol>\n<li class=\"maps-to-line\">Zwroty b\u0119d\u0105 dokonywane przy u\u017cyciu oryginalnej metody p\u0142atno\u015bci u\u017cytej do zakupu. Op\u0142ata za uzupe\u0142nienie zapas\u00f3w 10% zostanie jednak odj\u0119ta od ceny przedmiotu.<\/li>\n<li class=\"maps-to-line\">Czas przetwarzania zwrotu wynosi od 1 do 5 dni roboczych, w zale\u017cno\u015bci od u\u017cytej metody p\u0142atno\u015bci.<\/li>\n<\/ol>\n<h3 id=\"h-additional-notes\" class=\"maps-to-line\">H. Dodatkowe uwagi<\/h3>\n<ol>\n<li class=\"maps-to-line\">Przed otwarciem opakowania nale\u017cy dok\u0142adnie sprawdzi\u0107 produkty pod k\u0105tem uszkodze\u0144.<\/li>\n<li class=\"maps-to-line\">Ka\u017cde zam\u00f3wienie kwalifikuje si\u0119 tylko do jednego zg\u0142oszenia serwisowego.<\/li>\n<li class=\"maps-to-line\">Je\u015bli produkt jest w dobrym stanie, ale nie spe\u0142nia oczekiwa\u0144 lub \u017cycze\u0144 u\u017cytkownika, wymiana, zwrot lub refundacja nie b\u0119d\u0105 realizowane.<\/li>\n<\/ol>\n<h2 id=\"ii-returnrefund-process\" class=\"maps-to-line\">II. Proces zwrotu\/refundacji<\/h2>\n<h3 id=\"a-initial-contact\" class=\"maps-to-line\">A. Pierwszy kontakt<\/h3>\n<ol>\n<li class=\"maps-to-line\">Wy\u015blij wiadomo\u015b\u0107 e-mail do naszego zespo\u0142u obs\u0142ugi klienta. Odpowiemy tak szybko, jak to mo\u017cliwe i podamy prawid\u0142owy adres zwrotny.<\/li>\n<li class=\"maps-to-line\">W wiadomo\u015bci e-mail nale\u017cy wyra\u017anie poda\u0107 nast\u0119puj\u0105ce dane zam\u00f3wienia: imi\u0119 i nazwisko, numer zam\u00f3wienia oraz szczeg\u00f3\u0142owy pow\u00f3d zwrotu.<\/li>\n<li class=\"maps-to-line\">Nie nale\u017cy zwraca\u0107 produktu na adres wydrukowany na oryginalnym opakowaniu, poniewa\u017c nie b\u0119dziemy w stanie go tam odebra\u0107.<\/li>\n<\/ol>\n<h3 id=\"b-packaging-the-item\" class=\"maps-to-line\">B. Pakowanie przedmiotu<\/h3>\n<ol>\n<li class=\"maps-to-line\">Umie\u015b\u0107 przedmiot z powrotem w oryginalnym opakowaniu. Opakowanie musi by\u0107 w dobrym stanie, a przedmiot powinien pozosta\u0107 nieotwarty, aby zapewni\u0107 jego warto\u015b\u0107 przy odsprzeda\u017cy.<\/li>\n<\/ol>\n<h3 id=\"c-shipping-the-return-package\" class=\"maps-to-line\">C. Wysy\u0142ka paczki zwrotnej<\/h3>\n<ol>\n<li class=\"maps-to-line\">Mo\u017cesz wybra\u0107 dowolnego przewo\u017anika dla przesy\u0142ki zwrotnej, ale paczka musi zosta\u0107 odes\u0142ana w ci\u0105gu 30 dni roboczych.<\/li>\n<li class=\"maps-to-line\">Po wys\u0142aniu paczki prosimy o podanie numeru \u015bledzenia i odpowiedniej strony internetowej \u015bledzenia logistyki, aby\u015bmy mogli monitorowa\u0107 post\u0119p zwrotu.<\/li>\n<\/ol>\n<h3 id=\"d-receipt-and-refund-processing\" class=\"maps-to-line\">D. Przetwarzanie pokwitowa\u0144 i zwrot\u00f3w<\/h3>\n<p class=\"maps-to-line\">Po otrzymaniu paczki zwrotnej dok\u0142adnie sprawdzimy stan przedmiotu i jego opakowania. Je\u015bli zwrot spe\u0142nia okre\u015blone warunki, odpowiednio przetworzymy zwrot pieni\u0119dzy na Twoje konto.<\/p>","protected":false},"excerpt":{"rendered":"<p>A. Time Limit for Returns Items must be received back within 30 days from the date of receipt as per the logistics information. B. Product Condition Returned items must be unopened and in their original, undamaged packaging. Any items that have been opened, damaged, or modified in any manner will not be accepted for return. [&hellip;]<\/p>","protected":false},"author":1,"featured_media":0,"parent":0,"menu_order":0,"comment_status":"closed","ping_status":"closed","template":"","meta":{"footnotes":""},"class_list":["post-7202","page","type-page","status-publish","hentry"],"jetpack_sharing_enabled":true,"_links":{"self":[{"href":"https:\/\/darsonval.store\/pl\/wp-json\/wp\/v2\/pages\/7202","targetHints":{"allow":["GET"]}}],"collection":[{"href":"https:\/\/darsonval.store\/pl\/wp-json\/wp\/v2\/pages"}],"about":[{"href":"https:\/\/darsonval.store\/pl\/wp-json\/wp\/v2\/types\/page"}],"author":[{"embeddable":true,"href":"https:\/\/darsonval.store\/pl\/wp-json\/wp\/v2\/users\/1"}],"replies":[{"embeddable":true,"href":"https:\/\/darsonval.store\/pl\/wp-json\/wp\/v2\/comments?post=7202"}],"version-history":[{"count":7,"href":"https:\/\/darsonval.store\/pl\/wp-json\/wp\/v2\/pages\/7202\/revisions"}],"predecessor-version":[{"id":10648,"href":"https:\/\/darsonval.store\/pl\/wp-json\/wp\/v2\/pages\/7202\/revisions\/10648"}],"wp:attachment":[{"href":"https:\/\/darsonval.store\/pl\/wp-json\/wp\/v2\/media?parent=7202"}],"curies":[{"name":"wp","href":"https:\/\/api.w.org\/{rel}","templated":true}]}}