{"id":7198,"date":"2024-11-13T00:16:34","date_gmt":"2024-11-12T16:16:34","guid":{"rendered":"https:\/\/4w1hsandwichmaker.store\/?page_id=7198"},"modified":"2025-02-07T20:25:36","modified_gmt":"2025-02-07T12:25:36","slug":"payment-method","status":"publish","type":"page","link":"https:\/\/darsonval.store\/pl\/payment-method\/","title":{"rendered":"Metoda p\u0142atno\u015bci"},"content":{"rendered":"<p>Oferujemy wiele bezpiecznych opcji p\u0142atno\u015bci, w tym PayPal, karty kredytowe i Wise. Aby zapewni\u0107 bezpiecze\u0144stwo i integralno\u015b\u0107 danych finansowych podczas transakcji, stosujemy technologi\u0119 SSL (Secure Sockets Layer). Ten standardowy w bran\u017cy protok\u00f3\u0142 szyfrowania zabezpiecza informacje przesy\u0142ane mi\u0119dzy urz\u0105dzeniem u\u017cytkownika a naszymi bramkami p\u0142atniczymi, zapewniaj\u0105c bezproblemow\u0105 obs\u0142ug\u0119 p\u0142atno\u015bci.<\/p>","protected":false},"excerpt":{"rendered":"<p>Oferujemy wiele bezpiecznych opcji p\u0142atno\u015bci, w tym PayPal, karty kredytowe i Wise. Aby zapewni\u0107 bezpiecze\u0144stwo i integralno\u015b\u0107 danych finansowych podczas transakcji, stosujemy technologi\u0119 SSL (Secure Sockets Layer). Ten standardowy w bran\u017cy protok\u00f3\u0142 szyfrowania zabezpiecza informacje przesy\u0142ane mi\u0119dzy urz\u0105dzeniem u\u017cytkownika a naszymi bramkami p\u0142atniczymi, zapewniaj\u0105c bezproblemow\u0105 obs\u0142ug\u0119 p\u0142atno\u015bci.<\/p>","protected":false},"author":1,"featured_media":0,"parent":0,"menu_order":0,"comment_status":"closed","ping_status":"closed","template":"","meta":{"footnotes":""},"class_list":["post-7198","page","type-page","status-publish","hentry"],"jetpack_sharing_enabled":true,"_links":{"self":[{"href":"https:\/\/darsonval.store\/pl\/wp-json\/wp\/v2\/pages\/7198","targetHints":{"allow":["GET"]}}],"collection":[{"href":"https:\/\/darsonval.store\/pl\/wp-json\/wp\/v2\/pages"}],"about":[{"href":"https:\/\/darsonval.store\/pl\/wp-json\/wp\/v2\/types\/page"}],"author":[{"embeddable":true,"href":"https:\/\/darsonval.store\/pl\/wp-json\/wp\/v2\/users\/1"}],"replies":[{"embeddable":true,"href":"https:\/\/darsonval.store\/pl\/wp-json\/wp\/v2\/comments?post=7198"}],"version-history":[{"count":6,"href":"https:\/\/darsonval.store\/pl\/wp-json\/wp\/v2\/pages\/7198\/revisions"}],"predecessor-version":[{"id":10646,"href":"https:\/\/darsonval.store\/pl\/wp-json\/wp\/v2\/pages\/7198\/revisions\/10646"}],"wp:attachment":[{"href":"https:\/\/darsonval.store\/pl\/wp-json\/wp\/v2\/media?parent=7198"}],"curies":[{"name":"wp","href":"https:\/\/api.w.org\/{rel}","templated":true}]}}