{"id":15,"date":"2024-11-12T14:41:42","date_gmt":"2024-11-12T14:41:42","guid":{"rendered":"https:\/\/4w1hsandwichmaker.store\/?page_id=15"},"modified":"2025-02-07T20:21:14","modified_gmt":"2025-02-07T12:21:14","slug":"terms-and-conditions","status":"publish","type":"page","link":"https:\/\/darsonval.store\/pl\/terms-and-conditions\/","title":{"rendered":"Zasady i warunki"},"content":{"rendered":"<p>Ostatnia aktualizacja: 7 lutego 2025 r.<\/p>\n<p>Prosimy o uwa\u017cne zapoznanie si\u0119 z niniejszymi Warunkami u\u017cytkowania (\"Warunki\", \"Warunki u\u017cytkowania\") przed rozpocz\u0119ciem korzystania ze strony internetowej https:\/\/darsonval.store (\"Us\u0142uga\") obs\u0142ugiwanej przez Darsonval (\"my\", \"nas\" lub \"nasz\").<\/p>\n<p>Dost\u0119p do Us\u0142ugi i korzystanie z niej jest uzale\u017cnione od zaakceptowania i przestrzegania niniejszych Warunk\u00f3w. Niniejsze Warunki maj\u0105 zastosowanie do wszystkich odwiedzaj\u0105cych, u\u017cytkownik\u00f3w i innych os\u00f3b, kt\u00f3re uzyskuj\u0105 dost\u0119p do Us\u0142ugi lub z niej korzystaj\u0105.<\/p>\n<p>Uzyskuj\u0105c dost\u0119p do Us\u0142ugi lub korzystaj\u0105c z niej, u\u017cytkownik wyra\u017ca zgod\u0119 na przestrzeganie niniejszych Warunk\u00f3w. Je\u015bli u\u017cytkownik nie zgadza si\u0119 z jak\u0105kolwiek cz\u0119\u015bci\u0105 Regulaminu, nie mo\u017ce korzysta\u0107 z Us\u0142ugi.<\/p>\n<h2>Konta<\/h2>\n<p>Tworz\u0105c konto w naszym serwisie, u\u017cytkownik musi poda\u0107 nam informacje, kt\u00f3re s\u0105 dok\u0142adne, kompletne i aktualne przez ca\u0142y czas. Niezastosowanie si\u0119 do tego wymogu stanowi naruszenie Warunk\u00f3w, co mo\u017ce skutkowa\u0107 natychmiastowym zamkni\u0119ciem konta u\u017cytkownika w naszym Serwisie.<\/p>\n<p>U\u017cytkownik jest odpowiedzialny za ochron\u0119 has\u0142a u\u017cywanego do uzyskiwania dost\u0119pu do Us\u0142ugi oraz za wszelkie dzia\u0142ania lub czynno\u015bci wykonywane przy u\u017cyciu has\u0142a, niezale\u017cnie od tego, czy has\u0142o jest u\u017cywane w naszej Us\u0142udze, czy w us\u0142udze strony trzeciej.<\/p>\n<p>U\u017cytkownik zobowi\u0105zuje si\u0119 nie ujawnia\u0107 swojego has\u0142a osobom trzecim. U\u017cytkownik musi niezw\u0142ocznie powiadomi\u0107 nas o wszelkich przypadkach naruszenia bezpiecze\u0144stwa lub nieautoryzowanego u\u017cycia jego konta.<\/p>\n<h2>W\u0142asno\u015b\u0107 intelektualna<\/h2>\n<p>Us\u0142uga i jej oryginalna zawarto\u015b\u0107, cechy i funkcjonalno\u015b\u0107 s\u0105 i pozostan\u0105 wy\u0142\u0105czn\u0105 w\u0142asno\u015bci\u0105 Darsonval i jej licencjodawc\u00f3w.<\/p>\n<h2>Linki do innych stron internetowych<\/h2>\n<p>Nasza Us\u0142uga mo\u017ce zawiera\u0107 \u0142\u0105cza do stron internetowych lub us\u0142ug stron trzecich, kt\u00f3re nie s\u0105 w\u0142asno\u015bci\u0105 lub nie s\u0105 kontrolowane przez Darsonval.<\/p>\n<p>Darsonval nie ma kontroli i nie ponosi odpowiedzialno\u015bci za tre\u015bci, polityk\u0119 prywatno\u015bci lub praktyki stron internetowych lub us\u0142ug stron trzecich. Ponadto u\u017cytkownik przyjmuje do wiadomo\u015bci i zgadza si\u0119, \u017ce Darsonval nie ponosi odpowiedzialno\u015bci, bezpo\u015brednio lub po\u015brednio, za jakiekolwiek szkody lub straty spowodowane lub rzekomo spowodowane przez lub w zwi\u0105zku z korzystaniem lub poleganiem na takich tre\u015bciach, towarach lub us\u0142ugach dost\u0119pnych na lub za po\u015brednictwem takich stron internetowych lub us\u0142ug.<\/p>\n<p>Zdecydowanie zalecamy zapoznanie si\u0119 z warunkami i politykami prywatno\u015bci wszelkich odwiedzanych witryn internetowych lub us\u0142ug stron trzecich.<\/p>\n<h2>Zako\u0144czenie<\/h2>\n<p>Mo\u017cemy natychmiast zamkn\u0105\u0107 lub zawiesi\u0107 konto u\u017cytkownika, bez wcze\u015bniejszego powiadomienia lub ponoszenia odpowiedzialno\u015bci, z dowolnego powodu, w tym mi\u0119dzy innymi w przypadku naruszenia przez u\u017cytkownika Warunk\u00f3w.<\/p>\n<p>Po rozwi\u0105zaniu umowy prawo u\u017cytkownika do korzystania z Us\u0142ugi natychmiast wygasa. Je\u015bli u\u017cytkownik chce zamkn\u0105\u0107 swoje konto, mo\u017ce po prostu zaprzesta\u0107 korzystania z Us\u0142ugi.<\/p>\n<p>Wszystkie postanowienia Warunk\u00f3w, kt\u00f3re ze wzgl\u0119du na sw\u00f3j charakter powinny pozosta\u0107 w mocy po rozwi\u0105zaniu, pozostaj\u0105 w mocy po rozwi\u0105zaniu, w tym mi\u0119dzy innymi postanowienia dotycz\u0105ce w\u0142asno\u015bci, wy\u0142\u0105czenia gwarancji, odszkodowania i ograniczenia odpowiedzialno\u015bci.<\/p>\n<h2>Zastrze\u017cenie<\/h2>\n<p>U\u017cytkownik korzysta z Us\u0142ugi na w\u0142asne ryzyko. Us\u0142uga jest \u015bwiadczona na zasadzie \"TAK JAK JEST\" i \"W MIAR\u0118 DOST\u0118PNO\u015aCI\". Us\u0142uga jest \u015bwiadczona bez jakichkolwiek gwarancji, wyra\u017anych lub dorozumianych, w tym mi\u0119dzy innymi dorozumianych gwarancji przydatno\u015bci handlowej, przydatno\u015bci do okre\u015blonego celu, nienaruszania praw lub przebiegu dzia\u0142ania.<\/p>\n<h2>Prawo w\u0142a\u015bciwe<\/h2>\n<p>Niniejsze Warunki b\u0119d\u0105 regulowane i interpretowane zgodnie z prawem chi\u0144skim bez wzgl\u0119du na przepisy kolizyjne.<\/p>\n<p>Niewyegzekwowanie przez nas jakiegokolwiek prawa lub postanowienia niniejszych Warunk\u00f3w nie b\u0119dzie uwa\u017cane za zrzeczenie si\u0119 tych praw. Je\u015bli kt\u00f3rekolwiek z postanowie\u0144 niniejszych Warunk\u00f3w zostanie uznane przez s\u0105d za niewa\u017cne lub niewykonalne, pozosta\u0142e postanowienia niniejszych Warunk\u00f3w pozostan\u0105 w mocy. Niniejsze Warunki stanowi\u0105 ca\u0142o\u015b\u0107 porozumienia mi\u0119dzy nami w odniesieniu do naszej Us\u0142ugi i zast\u0119puj\u0105 wszelkie wcze\u015bniejsze umowy, kt\u00f3re mogli\u015bmy zawrze\u0107 mi\u0119dzy nami w odniesieniu do Us\u0142ugi.<\/p>\n<h2>Zmiany<\/h2>\n<p>Zastrzegamy sobie prawo, wed\u0142ug w\u0142asnego uznania, do zmiany lub zast\u0105pienia niniejszych Warunk\u00f3w w dowolnym momencie. Je\u015bli zmiana jest istotna, postaramy si\u0119 zapewni\u0107 co najmniej 30-dniowe powiadomienie przed wej\u015bciem w \u017cycie nowych warunk\u00f3w. To, co stanowi istotn\u0105 zmian\u0119, zostanie okre\u015blone wed\u0142ug naszego wy\u0142\u0105cznego uznania.<\/p>\n<p>Kontynuuj\u0105c dost\u0119p lub korzystanie z naszej Us\u0142ugi po wej\u015bciu w \u017cycie tych zmian, u\u017cytkownik wyra\u017ca zgod\u0119 na przestrzeganie zmienionych warunk\u00f3w. Je\u015bli u\u017cytkownik nie wyra\u017ca zgody na nowe warunki, powinien zaprzesta\u0107 korzystania z Us\u0142ugi.<\/p>\n<h2>Kontakt<\/h2>\n<p>W przypadku jakichkolwiek pyta\u0144 dotycz\u0105cych niniejszych Warunk\u00f3w, prosimy o kontakt.<\/p>","protected":false},"excerpt":{"rendered":"<p>Last updated: February 7, 2025 Please read these Terms of Use (\u201cTerms\u201d, \u201cTerms of Use\u201d) carefully before using the https:\/\/darsonval.store website (the \u201cService\u201d) operated by Darsonval (\u201cus\u201d, \u201cwe\u201d, or \u201cour\u201d). Your access to and use of the Service is conditioned on your acceptance of and compliance with these Terms. These Terms apply to all visitors, [&hellip;]<\/p>","protected":false},"author":1,"featured_media":0,"parent":0,"menu_order":0,"comment_status":"closed","ping_status":"closed","template":"","meta":{"footnotes":""},"class_list":["post-15","page","type-page","status-publish","hentry"],"jetpack_sharing_enabled":true,"_links":{"self":[{"href":"https:\/\/darsonval.store\/pl\/wp-json\/wp\/v2\/pages\/15","targetHints":{"allow":["GET"]}}],"collection":[{"href":"https:\/\/darsonval.store\/pl\/wp-json\/wp\/v2\/pages"}],"about":[{"href":"https:\/\/darsonval.store\/pl\/wp-json\/wp\/v2\/types\/page"}],"author":[{"embeddable":true,"href":"https:\/\/darsonval.store\/pl\/wp-json\/wp\/v2\/users\/1"}],"replies":[{"embeddable":true,"href":"https:\/\/darsonval.store\/pl\/wp-json\/wp\/v2\/comments?post=15"}],"version-history":[{"count":10,"href":"https:\/\/darsonval.store\/pl\/wp-json\/wp\/v2\/pages\/15\/revisions"}],"predecessor-version":[{"id":10644,"href":"https:\/\/darsonval.store\/pl\/wp-json\/wp\/v2\/pages\/15\/revisions\/10644"}],"wp:attachment":[{"href":"https:\/\/darsonval.store\/pl\/wp-json\/wp\/v2\/media?parent=15"}],"curies":[{"name":"wp","href":"https:\/\/api.w.org\/{rel}","templated":true}]}}