{"id":1004,"date":"2020-10-09T13:39:05","date_gmt":"2020-10-09T13:39:05","guid":{"rendered":"http:\/\/shoptimizer.local\/?page_id=848"},"modified":"2025-02-04T22:40:01","modified_gmt":"2025-02-04T14:40:01","slug":"about-us","status":"publish","type":"page","link":"https:\/\/darsonval.store\/pl\/about-us\/","title":{"rendered":"O"},"content":{"rendered":"<p>Witamy w <strong>Darsonval<\/strong> gdzie pi\u0119kno spotyka si\u0119 z technologi\u0105 i innowacj\u0105. Z dum\u0105 prezentujemy starannie wyselekcjonowany wyb\u00f3r najwy\u017cszej jako\u015bci produkt\u00f3w wellness, a szczeg\u00f3lnie cieszymy si\u0119, \u017ce mo\u017cemy zaoferowa\u0107 <strong>Darsonval<\/strong> urz\u0105dzenia - nazwa b\u0119d\u0105ca synonimem skutecznej, wysokiej jako\u015bci piel\u0119gnacji sk\u00f3ry i w\u0142os\u00f3w. Nasza misja jest prosta: wyposa\u017cy\u0107 ludzi w narz\u0119dzia, kt\u00f3rych potrzebuj\u0105, aby poprawi\u0107 swoj\u0105 urod\u0119, zdrowie i og\u00f3lne samopoczucie. Niezale\u017cnie od tego, czy szukasz rozwi\u0105za\u0144 na tr\u0105dzik, porost w\u0142os\u00f3w czy og\u00f3lne odm\u0142odzenie sk\u00f3ry, jeste\u015bmy tutaj, aby zapewni\u0107 Ci tylko to, co najlepsze.<\/p>\n<h3>Nasza historia<\/h3>\n<p>Za\u0142o\u017cona z pasji do wellness i pi\u0119kna, <strong>Darsonval<\/strong> \u00a0powsta\u0142a z przekonania, \u017ce ka\u017cdy zas\u0142uguje na dost\u0119p do wysokiej jako\u015bci produkt\u00f3w, kt\u00f3re mog\u0105 zmieni\u0107 jego codzienne \u017cycie. Nasz zesp\u00f3\u0142 sp\u0119dzi\u0142 lata na badaniu, testowaniu i wybieraniu tylko najbardziej zaawansowanych urz\u0105dze\u0144, kt\u00f3re oferuj\u0105 rzeczywiste rezultaty. Z dum\u0105 oferujemy <strong>Darsonval<\/strong> produkty, kt\u00f3re nie s\u0105 tylko zwyk\u0142ym narz\u0119dziem do piel\u0119gnacji urody; reprezentuj\u0105 one dziesi\u0119ciolecia post\u0119pu naukowego w dziedzinie piel\u0119gnacji sk\u00f3ry i zdrowia w\u0142os\u00f3w.<\/p>\n<p>The <strong>Darsonval<\/strong> marka jest zbudowana na dziedzictwie <strong>wysoka cz\u0119stotliwo\u015b\u0107<\/strong> technologia, kt\u00f3ra jest u\u017cywana przez dermatolog\u00f3w i specjalist\u00f3w od urody od ponad wieku. Technologia stoj\u0105ca za tymi urz\u0105dzeniami, znana jako <strong>Darsonwalizacja<\/strong>wykorzystuje bezpieczny, nieinwazyjny pr\u0105d elektryczny, kt\u00f3ry stymuluje kr\u0105\u017cenie krwi, wspomaga regeneracj\u0119 sk\u00f3ry i rewitalizuje mieszki w\u0142osowe. Jest to kompleksowe rozwi\u0105zanie dla os\u00f3b poszukuj\u0105cych skutecznych metod leczenia tr\u0105dziku, wypadania w\u0142os\u00f3w i og\u00f3lnego odm\u0142odzenia sk\u00f3ry.<\/p>\n<p>Wierzymy w moc <strong>Pi\u0119kno poparte nauk\u0105<\/strong>. Dlatego zdecydowali\u015bmy si\u0119 wprowadzi\u0107 <strong>Darsonval<\/strong> do naszego sklepu. Ich wszechstronno\u015b\u0107, poparta sprawdzonymi wynikami, doskonale wpisuje si\u0119 w nasze zaanga\u017cowanie w dostarczanie skutecznych, bezpiecznych i \u0142atwych w u\u017cyciu produkt\u00f3w. Od <strong>fioletowy promie\u0144<\/strong> do przeno\u015bnych konstrukcji i profesjonalnych rezultat\u00f3w, <strong>Darsonval<\/strong> oferuje poziom skuteczno\u015bci, kt\u00f3rego po prostu nie mo\u017cna zignorowa\u0107.<\/p>\n<h3>Dlaczego warto wybra\u0107 Darsonval?<\/h3>\n<p>By\u0107 mo\u017ce zastanawiasz si\u0119, dlaczego Darsonval? Odpowied\u017a jest prosta. <strong>Darsonval<\/strong> zas\u0142u\u017cy\u0142y sobie na miano jednej z najbardziej skutecznych i zaufanych marek w bran\u017cy kosmetycznej i wellness. Niezale\u017cnie od tego, czy jeste\u015b zainteresowany zmniejszeniem wyprysk\u00f3w tr\u0105dzikowych, zapobieganiem wypadaniu w\u0142os\u00f3w, czy po prostu odm\u0142odzeniem sk\u00f3ry, technologia wysokiej cz\u0119stotliwo\u015bci Darsonval zapewnia niezwyk\u0142e korzy\u015bci, kt\u00f3re zapewniaj\u0105 widoczne rezultaty.<\/p>\n<ul>\n<li><strong>Na tr\u0105dzik<\/strong>: Udowodniono, \u017ce pr\u0105d o wysokiej cz\u0119stotliwo\u015bci zabija bakterie wywo\u0142uj\u0105ce tr\u0105dzik, \u0142agodzi stany zapalne i przyspiesza gojenie. Nasze urz\u0105dzenia Darsonval s\u0105 zaprojektowane tak, aby skutecznie celowa\u0107 w problematyczne obszary i leczy\u0107 uporczywe wypryski, pozostawiaj\u0105c czyst\u0105, g\u0142adk\u0105 sk\u00f3r\u0119.<\/li>\n<li><strong>Na wypadanie w\u0142os\u00f3w<\/strong>: Jednym z najbardziej rewolucyjnych zastosowa\u0144 technologii Darsonval jest jej zdolno\u015b\u0107 do stymulowania wzrostu w\u0142os\u00f3w. Poprawiaj\u0105c kr\u0105\u017cenie krwi w sk\u00f3rze g\u0142owy, urz\u0105dzenia Darsonval mog\u0105 pom\u00f3c o\u017cywi\u0107 u\u015bpione mieszki w\u0142osowe, zach\u0119caj\u0105c do silniejszych i grubszych w\u0142os\u00f3w.<\/li>\n<li><strong>Do piel\u0119gnacji sk\u00f3ry<\/strong>: Regularne stosowanie urz\u0105dze\u0144 Darsonval mo\u017ce zmniejszy\u0107 widoczno\u015b\u0107 zmarszczek, drobnych linii i blizn, nadaj\u0105c sk\u00f3rze m\u0142odzie\u0144czy, od\u015bwie\u017cony blask. Wspomaga produkcj\u0119 kolagenu, przyspiesza regeneracj\u0119 kom\u00f3rek i poprawia og\u00f3ln\u0105 tekstur\u0119 sk\u00f3ry.<\/li>\n<\/ul>\n<h3>Jako\u015b\u0107, kt\u00f3rej mo\u017cna zaufa\u0107<\/h3>\n<p>Przy <strong>Darsonval<\/strong> Rozumiemy, \u017ce nasi klienci ceni\u0105 sobie jako\u015b\u0107, niezawodno\u015b\u0107 i wyniki. Dlatego oferujemy tylko <strong>prawdziwy Darsonval<\/strong> produkt\u00f3w, kt\u00f3re spe\u0142niaj\u0105 najwy\u017csze standardy bran\u017cowe. Niezale\u017cnie od tego, czy jeste\u015b profesjonalist\u0105 w dziedzinie urody, czy te\u017c szukasz rozwi\u0105za\u0144 do u\u017cytku domowego, mo\u017cesz mie\u0107 pewno\u015b\u0107, \u017ce ka\u017cde urz\u0105dzenie Darsonval zosta\u0142o zaprojektowane z my\u015bl\u0105 o optymalnej wydajno\u015bci, bezpiecze\u0144stwie i trwa\u0142o\u015bci.<\/p>\n<p>Nasze produkty s\u0105 starannie wybierane od autoryzowanych producent\u00f3w i dostawc\u00f3w, dzi\u0119ki czemu ka\u017cdy element jest autentyczny 100% i gwarantuje uzyskanie oczekiwanych rezultat\u00f3w. Zapewniamy r\u00f3wnie\u017c doskona\u0142\u0105 obs\u0142ug\u0119 klienta, pomagaj\u0105c na ka\u017cdym kroku w zakresie porad dotycz\u0105cych produkt\u00f3w, rozwi\u0105zywania problem\u00f3w i nie tylko.<\/p>\n<h3>Dlaczego warto u nas kupowa\u0107?<\/h3>\n<p>Robi\u0105c zakupy u nas, nie kupujesz tylko produktu - zyskujesz partnera w swojej podr\u00f3\u017cy do pi\u0119kna i dobrego samopoczucia. Jeste\u015bmy tutaj, aby pom\u00f3c Ci wybra\u0107 odpowiednie urz\u0105dzenie do Twoich potrzeb, poprowadzi\u0107 Ci\u0119 przez proces u\u017cytkowania i zapewni\u0107 satysfakcj\u0119 z zakupu. Niezale\u017cnie od tego, czy u\u017cywasz Darsonval do leczenia tr\u0105dziku, wzrostu w\u0142os\u00f3w czy korzy\u015bci przeciwstarzeniowych, naszym celem jest pom\u00f3c Ci osi\u0105gn\u0105\u0107 Twoje cele.<\/p>\n<p>Oferujemy r\u00f3wnie\u017c szybkie i bezpieczne opcje wysy\u0142ki, zapewniaj\u0105c, \u017ce urz\u0105dzenie Darsonval dotrze w idealnym stanie i gotowe do u\u017cycia. Nasz zesp\u00f3\u0142 obs\u0142ugi klienta jest zawsze dost\u0119pny, aby pom\u00f3c w przypadku jakichkolwiek pyta\u0144 lub w\u0105tpliwo\u015bci.<\/p>\n<h3>Nasza obietnica<\/h3>\n<p>Obiecujemy dostarcza\u0107 tylko najlepsze, najskuteczniejsze rozwi\u0105zania w zakresie urody i odnowy biologicznej, jakie nauka i technologia maj\u0105 do zaoferowania. Kiedy robisz zakupy z <strong>Darsonval<\/strong> Mo\u017cesz mie\u0107 pewno\u015b\u0107, \u017ce inwestujesz w swoje zdrowie, urod\u0119 i pewno\u015b\u0107 siebie.<\/p>\n<p>Dzi\u0119kujemy za wybranie nas. Cieszymy si\u0119, \u017ce mo\u017cemy by\u0107 cz\u0119\u015bci\u0105 Twojej podr\u00f3\u017cy po pi\u0119kno i nie mo\u017cemy si\u0119 doczeka\u0107, aby pom\u00f3c Ci do\u015bwiadczy\u0107 transformuj\u0105cych efekt\u00f3w <strong>Darsonval<\/strong> technologia.<\/p>","protected":false},"excerpt":{"rendered":"<p>Witamy w Darsonval, gdzie pi\u0119kno spotyka si\u0119 z technologi\u0105 i innowacj\u0105. Z dum\u0105 prezentujemy starannie wyselekcjonowany wyb\u00f3r najwy\u017cszej jako\u015bci produkt\u00f3w wellness, a szczeg\u00f3lnie cieszymy si\u0119, \u017ce mo\u017cemy zaoferowa\u0107 urz\u0105dzenia Darsonval - synonim skutecznej, wysokiej jako\u015bci piel\u0119gnacji sk\u00f3ry i w\u0142os\u00f3w. Nasza misja jest prosta: wyposa\u017cy\u0107 ludzi w narz\u0119dzia, kt\u00f3re [...]<\/p>","protected":false},"author":1,"featured_media":0,"parent":0,"menu_order":0,"comment_status":"closed","ping_status":"closed","template":"","meta":{"footnotes":""},"class_list":["post-1004","page","type-page","status-publish","hentry"],"jetpack_sharing_enabled":true,"_links":{"self":[{"href":"https:\/\/darsonval.store\/pl\/wp-json\/wp\/v2\/pages\/1004","targetHints":{"allow":["GET"]}}],"collection":[{"href":"https:\/\/darsonval.store\/pl\/wp-json\/wp\/v2\/pages"}],"about":[{"href":"https:\/\/darsonval.store\/pl\/wp-json\/wp\/v2\/types\/page"}],"author":[{"embeddable":true,"href":"https:\/\/darsonval.store\/pl\/wp-json\/wp\/v2\/users\/1"}],"replies":[{"embeddable":true,"href":"https:\/\/darsonval.store\/pl\/wp-json\/wp\/v2\/comments?post=1004"}],"version-history":[{"count":6,"href":"https:\/\/darsonval.store\/pl\/wp-json\/wp\/v2\/pages\/1004\/revisions"}],"predecessor-version":[{"id":7363,"href":"https:\/\/darsonval.store\/pl\/wp-json\/wp\/v2\/pages\/1004\/revisions\/7363"}],"wp:attachment":[{"href":"https:\/\/darsonval.store\/pl\/wp-json\/wp\/v2\/media?parent=1004"}],"curies":[{"name":"wp","href":"https:\/\/api.w.org\/{rel}","templated":true}]}}